{"id":51645,"date":"2021-02-21T17:37:40","date_gmt":"2021-02-21T17:37:40","guid":{"rendered":"https:\/\/www.autonvaraosahaku.fi\/?product=metelli-04-1008-takajarrusylinteri"},"modified":"2021-02-21T17:37:41","modified_gmt":"2021-02-21T17:37:41","slug":"metelli-04-1008-takajarrusylinteri","status":"publish","type":"product","link":"https:\/\/www.autonvaraosahaku.fi\/?product=metelli-04-1008-takajarrusylinteri","title":{"rendered":"METELLI 04-1008 Takajarrusylinteri"},"content":{"rendered":"<p>Materiaali: Alumiini, Alumiini; Reik\u00e4-\u00d8 [mm]: 22,00; Jarruj\u00e4rjestelm\u00e4: TRW; Asennuspuoli: Hinterachse; CITRO\u00cbN: BERLINGO MF,XSARA PICASSO N68,BERLINGO Kasten M_; PEUGEOT: PARTNER Tepee,PARTNER Combispace 5F,PARTNER Kasten 5,PARTNER Kasten,PARTNER Pritsche\/Fahrgestell; 4402E7, 4402E7; Py\u00f6r\u00e4n Jarrusylinteri,Jarrusylinteri<\/p>\n","protected":false},"excerpt":{"rendered":"<p>METELLI Takajarrusylinteri 04-1008 Py\u00f6r\u00e4n Jarrusylinteri,Jarrusylinteri CITRO\u00cbN,PEUGEOT,BERLINGO MF,XSARA PICASSO N68,BERLINGO Kasten M_,PARTNER Tepee<\/p>\n","protected":false},"featured_media":0,"template":"","meta":{"site-sidebar-layout":"default","site-content-layout":"default","ast-global-header-display":"","ast-main-header-display":"","ast-hfb-above-header-display":"","ast-hfb-below-header-display":"","ast-hfb-mobile-header-display":"","site-post-title":"","ast-breadcrumbs-content":"","ast-featured-img":"","footer-sml-layout":"","theme-transparent-header-meta":"","adv-header-id-meta":"","stick-header-meta":"","header-above-stick-meta":"","header-main-stick-meta":"","header-below-stick-meta":""},"pwb-brand":[251],"product_cat":[158],"product_tag":[],"class_list":{"0":"post-51645","1":"product","2":"type-product","3":"status-publish","5":"pwb-brand-metelli","6":"product_cat-takajarrusylinteri","7":"desktop-align-left","8":"tablet-align-left","9":"mobile-align-left","11":"first","12":"instock","13":"product-type-external"},"brands":[{"id":251,"name":"METELLI","slug":"metelli"}],"_links":{"self":[{"href":"https:\/\/www.autonvaraosahaku.fi\/index.php?rest_route=\/wp\/v2\/product\/51645","targetHints":{"allow":["GET"]}}],"collection":[{"href":"https:\/\/www.autonvaraosahaku.fi\/index.php?rest_route=\/wp\/v2\/product"}],"about":[{"href":"https:\/\/www.autonvaraosahaku.fi\/index.php?rest_route=\/wp\/v2\/types\/product"}],"wp:attachment":[{"href":"https:\/\/www.autonvaraosahaku.fi\/index.php?rest_route=%2Fwp%2Fv2%2Fmedia&parent=51645"}],"wp:term":[{"taxonomy":"pwb-brand","embeddable":true,"href":"https:\/\/www.autonvaraosahaku.fi\/index.php?rest_route=%2Fwp%2Fv2%2Fpwb-brand&post=51645"},{"taxonomy":"product_cat","embeddable":true,"href":"https:\/\/www.autonvaraosahaku.fi\/index.php?rest_route=%2Fwp%2Fv2%2Fproduct_cat&post=51645"},{"taxonomy":"product_tag","embeddable":true,"href":"https:\/\/www.autonvaraosahaku.fi\/index.php?rest_route=%2Fwp%2Fv2%2Fproduct_tag&post=51645"}],"curies":[{"name":"wp","href":"https:\/\/api.w.org\/{rel}","templated":true}]}}