{"id":51649,"date":"2021-02-21T17:37:40","date_gmt":"2021-02-21T17:37:40","guid":{"rendered":"https:\/\/www.autonvaraosahaku.fi\/?product=gates-rc218-paisuntasailion-korkki"},"modified":"2021-02-21T17:37:42","modified_gmt":"2021-02-21T17:37:42","slug":"gates-rc218-paisuntasailion-korkki","status":"publish","type":"product","link":"https:\/\/www.autonvaraosahaku.fi\/?product=gates-rc218-paisuntasailion-korkki","title":{"rendered":"GATES RC218 Paisuntas\u00e4ili\u00f6n korkki"},"content":{"rendered":"<p>Paine (bar): 1,4; Paine (psi): 20; Valmistusvuoteen: 12\/2014; OPEL: CROSSLAND X,GRANDLAND X A18; FIAT: SCUDO 270_,ULYSSE 179AX,SCUDO Kasten 270_,SCUDO Kasten 220L,SCUDO Combinato 220P,SCUDO Pritsche\/Fahrgestell 270_,SCUDO Pritsche\/Fahrgestell 220_; PEUGEOT: 206 Schr\u00e4gheck 2A\/C,206 CC 2D,207 WA_, WC_,307 SW 3H,207 CC WD_,307 CC 3B,407 SW 6E_,307 3A\/C,207 SW WK_,107,308 SW,206 SW 2E\/K,208,807 E,106 II 1,206+ T3E,308 4A_, 4C_,5008,307 Break 3E,508 SW,607 9D, 9U,407 6D_,3008,406 Break 8E\/F,PARTNER Tepee,RCZ,308 CC,1007 KM_,PARTNER Combispace 5F,2008,PARTNER Kasten 5,406 Coupe 8C,406 8B,508,407 Coupe 6C_,EXPERT Tepee VF3V_,EXPERT Kasten VF3A_, VF3U_, VF3X_,307 Stufenheck,PARTNER Kasten,207 Stufenheck,EXPERT Kasten 222,206 Stufenheck,308 II,206 Van,EXPERT 224,301,EXPERT Pritsche\/Fahrgestell 223,308 SW II,207 Van,EXPERT Pritsche\/Fahrgestell,PARTNER Pritsche\/Fahrgestell,108,408,3008 SUV,EXPERT Kasten,5008 II,TRAVELLER,208 Kasten; TOYOTA: AYGO WNB1_, KGB1_; CITRO\u00cbN: C1 PM_, PN_,BERLINGO MF,XSARA PICASSO N68,C2 JM_,C3 I FC_,BERLINGO B9,C5 III Break TD_,C4 Picasso I UD_,C4 Grand Picasso I UA_,C8 EA_, EB_,C4 I LC_,SAXO S0, S1,DS3,BERLINGO Kasten M_,C5 II Break RE_,C3 Picasso,C5 I DC_,C5 I Break DE_,C5 III RD_,C3 II,XSARA N1,C4 Coupe LA_,C3 Pluriel HB_,C4 II B7,C5 II RC_,XSARA Break N2,JUMPY,BERLINGO Kasten B9,C6 TD_,JUMPY Kasten,C4 Grand Picasso II,C4 Picasso II,DS4,XSARA Coupe N0,DS5,C4 Stufenheck L,JUMPY U6U,JUMPY Kasten BS_, BT_, BY_, BZ_,DS3 Cabriolet,C2 ENTERPRISE,BERLINGO Pritsche\/Fahrgestell B9,JUMPY Pritsche\/Fahrgestell BU_, BV_, BW_, BX_,C-ELYSEE,C1 II,C4 CACTUS,XSARA Kasten,SPACETOURER,C3 III SX,C3 AIRCROSS II,C4 Stufenheck N,JUMPY Pritsche\/Fahrgestell,SAXO Hatchback van S3_,XSARA Kasten\/Schr\u00e4gheck; LANCIA: PHEDRA 179; DS: DS 3,DS5,DS7 Crossback,DS 4 \/ DS 4 CROSSBACK,DS 3 Cabriolet; SANTANA: 300\/350; VAUXHALL: CROSSLAND X,GRANDLAND X A18; 1306C9, 1306E4, 1306J5, 1306J5, 9638001280, 9681593380, 9638001280, 1306J5, 3637680, 1306C9, 1306E4, 1306J5, 1606E4, 16470YV011, 16470YV012, 1306J5, 3637680; Korkki, Paisuntas\u00e4ili\u00f6<\/p>\n","protected":false},"excerpt":{"rendered":"<p>GATES Paisuntas\u00e4ili\u00f6n Korkki RC218 Korkki, Paisuntas\u00e4ili\u00f6 OPEL,FIAT,PEUGEOT,CROSSLAND X,GRANDLAND X A18,SCUDO 270_,ULYSSE 179AX,SCUDO Kasten 270_<\/p>\n","protected":false},"featured_media":0,"template":"","meta":{"site-sidebar-layout":"default","site-content-layout":"default","ast-global-header-display":"","ast-main-header-display":"","ast-hfb-above-header-display":"","ast-hfb-below-header-display":"","ast-hfb-mobile-header-display":"","site-post-title":"","ast-breadcrumbs-content":"","ast-featured-img":"","footer-sml-layout":"","theme-transparent-header-meta":"","adv-header-id-meta":"","stick-header-meta":"","header-above-stick-meta":"","header-main-stick-meta":"","header-below-stick-meta":""},"pwb-brand":[22],"product_cat":[99],"product_tag":[],"class_list":{"0":"post-51649","1":"product","2":"type-product","3":"status-publish","5":"pwb-brand-gates","6":"product_cat-paisuntasailion-korkki","7":"desktop-align-left","8":"tablet-align-left","9":"mobile-align-left","11":"first","12":"instock","13":"product-type-external"},"brands":[{"id":22,"name":"GATES","slug":"gates"}],"_links":{"self":[{"href":"https:\/\/www.autonvaraosahaku.fi\/index.php?rest_route=\/wp\/v2\/product\/51649","targetHints":{"allow":["GET"]}}],"collection":[{"href":"https:\/\/www.autonvaraosahaku.fi\/index.php?rest_route=\/wp\/v2\/product"}],"about":[{"href":"https:\/\/www.autonvaraosahaku.fi\/index.php?rest_route=\/wp\/v2\/types\/product"}],"wp:attachment":[{"href":"https:\/\/www.autonvaraosahaku.fi\/index.php?rest_route=%2Fwp%2Fv2%2Fmedia&parent=51649"}],"wp:term":[{"taxonomy":"pwb-brand","embeddable":true,"href":"https:\/\/www.autonvaraosahaku.fi\/index.php?rest_route=%2Fwp%2Fv2%2Fpwb-brand&post=51649"},{"taxonomy":"product_cat","embeddable":true,"href":"https:\/\/www.autonvaraosahaku.fi\/index.php?rest_route=%2Fwp%2Fv2%2Fproduct_cat&post=51649"},{"taxonomy":"product_tag","embeddable":true,"href":"https:\/\/www.autonvaraosahaku.fi\/index.php?rest_route=%2Fwp%2Fv2%2Fproduct_tag&post=51649"}],"curies":[{"name":"wp","href":"https:\/\/api.w.org\/{rel}","templated":true}]}}