{"id":51671,"date":"2021-02-21T17:37:46","date_gmt":"2021-02-21T17:37:46","guid":{"rendered":"https:\/\/www.autonvaraosahaku.fi\/?product=reinz-81-53274-00-kampiakselin-tiiviste"},"modified":"2021-02-21T17:37:48","modified_gmt":"2021-02-21T17:37:48","slug":"reinz-81-53274-00-kampiakselin-tiiviste","status":"publish","type":"product","link":"https:\/\/www.autonvaraosahaku.fi\/?product=reinz-81-53274-00-kampiakselin-tiiviste","title":{"rendered":"REINZ 81-53274-00 Kampiakselin tiiviste"},"content":{"rendered":"<p>Materiaali: NBR (nitriili-butadi-kumi); Sis\u00e4l\u00e4pimitta [mm]: 42; Ulkol\u00e4pimitta [mm]: 60; Leveys (mm): 7; Akselitiivisteen malli: A SL; Rihlamalli: Oikea kierre; Asennuspuoli: stirnseitig; VW: TARO; LEXUS: IS II GSE2_, ALE2_, USE2_,RX MHU3_, GSU3_, MCU3_,GS GRS19_, UZS19_, GWS19_,RX GYL1_, GGL15, AGL10,GS GRL1_, GWL1_,IS C GSE2_,LX URJ201,ES AVV6_, GSV6_, ASV6_,ES GSV4_, ACV4_,RC GSC1_, USC1_; TOYOTA: RAV 4 III ACA3_, ACE_, ALA3_, GSA3_, ZSA3_,AVENSIS _T22_,COROLLA Liftback _E11_,COROLLA Compact _E11_,AVENSIS Station Wagon _T22_,RAV 4 I SXA1_,LAND CRUISER KDJ12_, GRJ12_,HILUX III Pick-up TGN1_, GGN2_, GGN1_, KUN2_, KUN1_,AVENSIS Liftback _T22_,PICNIC _XM10,SUPRA JZA70_, GA70_, MA70,MR 2 II SW2_,COROLLA Compact _E10_,CARINA E _T19_,LAND CRUISER PZJ7_, KZJ7_, HZJ7_, BJ7_, LJ7_, RJ7_,CELICA ST20_, AT20_,COROLLA _E11_,CARINA E Stufenheck _T19_,CELICA Coupe AT18_, ST18_,COROLLA Wagon __E11_,CARINA E Sportswagon _T19_,LAND CRUISER 150 KDJ15_, GRJ15_,HILUX VI Pick-up _N1_,RAV 4 \u00a0 SXA1_,HILUX III Pritsche\/Fahrgestell KUN1_, TGN3_, TGN2_, TGN1_,,CAMRY _CV2_, _XV2_,HILUX V Pick-up LN_, KZN1_, VZN1_,COROLLA Liftback _E10_,COROLLA Liftback _E9_,HIACE IV Bus LH1_,LAND CRUISER VDJ20_, UZJ20_,COROLLA _E10_,HIACE IV Kasten LXH1_, RZH1_, LH1_,CARINA II _T17_,CAMRY _CV1_, _XV1_, _V1_,HIACE III Wagon LH1_, RZH1_,TUNDRA Pick-up _K5_,CARINA II Stufenheck _T17_,FJ CRUISER GSJ1_,COROLLA Co; DAIHATSU: FOURTRAK F7, F8,ROCKY Soft Top F7, F8; 9031142045, 9031142003, 9031142007, 9031142012, 9031142019, 9031142026, 9031142030, 9031142031, 9031142035, 9031142036, 9031142037, 9031142045, 90311A0005, J9031142019; Akselitiiviste, Kampiakseli<\/p>\n","protected":false},"excerpt":{"rendered":"<p>REINZ Kampiakselin Tiiviste 81-53274-00 Akselitiiviste, Kampiakseli VW,LEXUS,TOYOTA,TARO,IS II GSE2_, ALE2_, USE2_,RX MHU3_, GSU3_, MCU3_<\/p>\n","protected":false},"featured_media":0,"template":"","meta":{"site-sidebar-layout":"default","site-content-layout":"default","ast-global-header-display":"","ast-main-header-display":"","ast-hfb-above-header-display":"","ast-hfb-below-header-display":"","ast-hfb-mobile-header-display":"","site-post-title":"","ast-breadcrumbs-content":"","ast-featured-img":"","footer-sml-layout":"","theme-transparent-header-meta":"","adv-header-id-meta":"","stick-header-meta":"","header-above-stick-meta":"","header-main-stick-meta":"","header-below-stick-meta":""},"pwb-brand":[138],"product_cat":[88],"product_tag":[],"class_list":{"0":"post-51671","1":"product","2":"type-product","3":"status-publish","5":"pwb-brand-reinz","6":"product_cat-kampiakselin-tiiviste","7":"desktop-align-left","8":"tablet-align-left","9":"mobile-align-left","11":"first","12":"instock","13":"product-type-external"},"brands":[{"id":138,"name":"REINZ","slug":"reinz"}],"_links":{"self":[{"href":"https:\/\/www.autonvaraosahaku.fi\/index.php?rest_route=\/wp\/v2\/product\/51671","targetHints":{"allow":["GET"]}}],"collection":[{"href":"https:\/\/www.autonvaraosahaku.fi\/index.php?rest_route=\/wp\/v2\/product"}],"about":[{"href":"https:\/\/www.autonvaraosahaku.fi\/index.php?rest_route=\/wp\/v2\/types\/product"}],"wp:attachment":[{"href":"https:\/\/www.autonvaraosahaku.fi\/index.php?rest_route=%2Fwp%2Fv2%2Fmedia&parent=51671"}],"wp:term":[{"taxonomy":"pwb-brand","embeddable":true,"href":"https:\/\/www.autonvaraosahaku.fi\/index.php?rest_route=%2Fwp%2Fv2%2Fpwb-brand&post=51671"},{"taxonomy":"product_cat","embeddable":true,"href":"https:\/\/www.autonvaraosahaku.fi\/index.php?rest_route=%2Fwp%2Fv2%2Fproduct_cat&post=51671"},{"taxonomy":"product_tag","embeddable":true,"href":"https:\/\/www.autonvaraosahaku.fi\/index.php?rest_route=%2Fwp%2Fv2%2Fproduct_tag&post=51671"}],"curies":[{"name":"wp","href":"https:\/\/api.w.org\/{rel}","templated":true}]}}