{"id":51683,"date":"2021-02-21T17:37:52","date_gmt":"2021-02-21T17:37:52","guid":{"rendered":"https:\/\/www.autonvaraosahaku.fi\/?product=febi-bilstein-36820-jousijalan-tukilaakeri"},"modified":"2021-02-21T17:37:52","modified_gmt":"2021-02-21T17:37:52","slug":"febi-bilstein-36820-jousijalan-tukilaakeri","status":"publish","type":"product","link":"https:\/\/www.autonvaraosahaku.fi\/?product=febi-bilstein-36820-jousijalan-tukilaakeri","title":{"rendered":"FEBI BILSTEIN 36820 Jousijalan tukilaakeri"},"content":{"rendered":"<p>Parilliset tuotenumerot: 36821; Leveys (mm): 20,0; Sis\u00e4l\u00e4pimitta [mm]: 18,0, 12,0; Ulkol\u00e4pimitta [mm]: 47,0; Materiaali: Kumi-metalli; Laakerityyppi: Vierint\u00e4laakeri; Asennuspuoli: Etuakseli, oikea, Etuakseli, oikea; Paino [kg]: 0,76, 0,76; Maaversio: Indien; FIAT: GRANDE PUNTO 199,QUBO 225,FIORINO Kasten\/Kombi 225,LINEA 323,GRANDE PUNTO Van 199_; CITRO\u00cbN: NEMO Kasten AA_,NEMO Kombi; PEUGEOT: BIPPER AA_,BIPPER Tepee; 1609274680, 5038G3, 5038G7, 5038J8, 51804748, 51839931, 51890880, 51928745, 51963726, 52023098, 1609274680, 5038G3, 5038G7, 5038J8; Iskarin Yl\u00e4p\u00e4\u00e4,Iskunvaimentimen Yl\u00e4p\u00e4\u00e4<\/p>\n","protected":false},"excerpt":{"rendered":"<p>FEBI BILSTEIN Jousijalan Tukilaakeri 36820 Iskarin Yl\u00e4p\u00e4\u00e4,Iskunvaimentimen Yl\u00e4p\u00e4\u00e4 FIAT,CITRO\u00cbN,PEUGEOT,GRANDE PUNTO 199,QUBO 225<\/p>\n","protected":false},"featured_media":0,"template":"","meta":{"site-sidebar-layout":"default","site-content-layout":"default","ast-global-header-display":"","ast-main-header-display":"","ast-hfb-above-header-display":"","ast-hfb-below-header-display":"","ast-hfb-mobile-header-display":"","site-post-title":"","ast-breadcrumbs-content":"","ast-featured-img":"","footer-sml-layout":"","theme-transparent-header-meta":"","adv-header-id-meta":"","stick-header-meta":"","header-above-stick-meta":"","header-main-stick-meta":"","header-below-stick-meta":""},"pwb-brand":[50],"product_cat":[45],"product_tag":[],"class_list":{"0":"post-51683","1":"product","2":"type-product","3":"status-publish","5":"pwb-brand-febi-bilstein","6":"product_cat-jousijalan-tukilaakeri","7":"desktop-align-left","8":"tablet-align-left","9":"mobile-align-left","11":"first","12":"instock","13":"product-type-external"},"brands":[{"id":50,"name":"FEBI BILSTEIN","slug":"febi-bilstein"}],"_links":{"self":[{"href":"https:\/\/www.autonvaraosahaku.fi\/index.php?rest_route=\/wp\/v2\/product\/51683","targetHints":{"allow":["GET"]}}],"collection":[{"href":"https:\/\/www.autonvaraosahaku.fi\/index.php?rest_route=\/wp\/v2\/product"}],"about":[{"href":"https:\/\/www.autonvaraosahaku.fi\/index.php?rest_route=\/wp\/v2\/types\/product"}],"wp:attachment":[{"href":"https:\/\/www.autonvaraosahaku.fi\/index.php?rest_route=%2Fwp%2Fv2%2Fmedia&parent=51683"}],"wp:term":[{"taxonomy":"pwb-brand","embeddable":true,"href":"https:\/\/www.autonvaraosahaku.fi\/index.php?rest_route=%2Fwp%2Fv2%2Fpwb-brand&post=51683"},{"taxonomy":"product_cat","embeddable":true,"href":"https:\/\/www.autonvaraosahaku.fi\/index.php?rest_route=%2Fwp%2Fv2%2Fproduct_cat&post=51683"},{"taxonomy":"product_tag","embeddable":true,"href":"https:\/\/www.autonvaraosahaku.fi\/index.php?rest_route=%2Fwp%2Fv2%2Fproduct_tag&post=51683"}],"curies":[{"name":"wp","href":"https:\/\/api.w.org\/{rel}","templated":true}]}}