{"id":51690,"date":"2021-02-21T17:37:52","date_gmt":"2021-02-21T17:37:52","guid":{"rendered":"https:\/\/www.autonvaraosahaku.fi\/?product=topran-100-088-peruutusvalon-kytkin"},"modified":"2021-02-21T17:37:54","modified_gmt":"2021-02-21T17:37:54","slug":"topran-100-088-peruutusvalon-kytkin","status":"publish","type":"product","link":"https:\/\/www.autonvaraosahaku.fi\/?product=topran-100-088-peruutusvalon-kytkin","title":{"rendered":"TOPRAN 100 088 Peruutusvalon kytkin"},"content":{"rendered":"<p>Pistokemalli: Lattapistoke; Kierremitta: M 12; Kierrenousu (mm): 1,5; Asennusmalli: Ruuviliit\u00e4nn\u00e4ll\u00e4; Vaihteistomalli: Schaltgetriebe 5 Gang; VW: TRANSPORTER IV Bus 70XB, 70XC, 7DB, 7DW,LUPO 6X1, 6E1,GOLF III 1H1,POLO 6N1,GOLF II 19E, 1G1,TRANSPORTER IV Kasten 70XA,TRANSPORTER III Bus,POLO 86C, 80,POLO Coupe 86C, 80,TRANSPORTER IV Pritsche\/Fahrgestell 70XD,POLO CLASSIC 6KV2,VENTO 1H2,GOLF I 17,JETTA II 19E, 1G2, 165,TRANSPORTER III Kasten,POLO CLASSIC 86C, 80,TRANSPORTER III Pritsche\/Fahrgestell,JETTA I 16; SEAT: AROSA 6H,IBIZA II 6K1,CORDOBA 6K1, 6K2,CORDOBA Vario 6K1,TOLEDO I 1L; 020941521A, 020941521A; Peruutusvalokytkin,Kytkin, Peruutusvalo<\/p>\n","protected":false},"excerpt":{"rendered":"<p>TOPRAN Peruutusvalon Kytkin 100 088 Peruutusvalokytkin,Kytkin, Peruutusvalo VW,SEAT,TRANSPORTER IV Bus 70XB, 70XC, 7DB, 7DW,LUPO 6X1, 6E1,GOLF III 1H1<\/p>\n","protected":false},"featured_media":0,"template":"","meta":{"site-sidebar-layout":"default","site-content-layout":"default","ast-global-header-display":"","ast-main-header-display":"","ast-hfb-above-header-display":"","ast-hfb-below-header-display":"","ast-hfb-mobile-header-display":"","site-post-title":"","ast-breadcrumbs-content":"","ast-featured-img":"","footer-sml-layout":"","theme-transparent-header-meta":"","adv-header-id-meta":"","stick-header-meta":"","header-above-stick-meta":"","header-main-stick-meta":"","header-below-stick-meta":""},"pwb-brand":[18],"product_cat":[116],"product_tag":[],"class_list":{"0":"post-51690","1":"product","2":"type-product","3":"status-publish","5":"pwb-brand-topran","6":"product_cat-peruutusvalon-kytkin","7":"desktop-align-left","8":"tablet-align-left","9":"mobile-align-left","11":"first","12":"instock","13":"product-type-external"},"brands":[{"id":18,"name":"TOPRAN","slug":"topran"}],"_links":{"self":[{"href":"https:\/\/www.autonvaraosahaku.fi\/index.php?rest_route=\/wp\/v2\/product\/51690","targetHints":{"allow":["GET"]}}],"collection":[{"href":"https:\/\/www.autonvaraosahaku.fi\/index.php?rest_route=\/wp\/v2\/product"}],"about":[{"href":"https:\/\/www.autonvaraosahaku.fi\/index.php?rest_route=\/wp\/v2\/types\/product"}],"wp:attachment":[{"href":"https:\/\/www.autonvaraosahaku.fi\/index.php?rest_route=%2Fwp%2Fv2%2Fmedia&parent=51690"}],"wp:term":[{"taxonomy":"pwb-brand","embeddable":true,"href":"https:\/\/www.autonvaraosahaku.fi\/index.php?rest_route=%2Fwp%2Fv2%2Fpwb-brand&post=51690"},{"taxonomy":"product_cat","embeddable":true,"href":"https:\/\/www.autonvaraosahaku.fi\/index.php?rest_route=%2Fwp%2Fv2%2Fproduct_cat&post=51690"},{"taxonomy":"product_tag","embeddable":true,"href":"https:\/\/www.autonvaraosahaku.fi\/index.php?rest_route=%2Fwp%2Fv2%2Fproduct_tag&post=51690"}],"curies":[{"name":"wp","href":"https:\/\/api.w.org\/{rel}","templated":true}]}}