{"id":51705,"date":"2021-02-21T17:37:57","date_gmt":"2021-02-21T17:37:57","guid":{"rendered":"https:\/\/www.autonvaraosahaku.fi\/?product=vegaz-td-103-pakosarjan-tiivisteet"},"modified":"2021-02-21T17:37:58","modified_gmt":"2021-02-21T17:37:58","slug":"vegaz-td-103-pakosarjan-tiivisteet","status":"publish","type":"product","link":"https:\/\/www.autonvaraosahaku.fi\/?product=vegaz-td-103-pakosarjan-tiivisteet","title":{"rendered":"VEGAZ TD-103 Pakosarjan tiivisteet"},"content":{"rendered":"<p>Korkeus (mm): 4,7; Materiaali: Ter\u00e4s; Sis\u00e4l\u00e4pimitta [mm]: 50,5; Ulkol\u00e4pimitta [mm]: 65; Muoto: O-rengas; Paksuus [mm]: 5,2; Paino [kg]: 0,019; Valmistusvuosi alkaen: 11\/1991; VW: TARO; MAZDA: 323 F VI BJ,PREMACY CP,MX-5 I NA,626 V Hatchback GF,FAMILIA V BA,MPV II LW,626 V GF,626 V Station Wagon GW,323 P V BA,FAMILIA VI BJ,XEDOS 9 TA,FAMILIA V BG8; SUZUKI: SWIFT III MZ, EZ,VITARA ET, TA; OPEL: FRONTERA A Sport 5_SUD2,FRONTERA A 5_MWL4; TOYOTA: RAV 4 II CLA2_, XA2_, ZCA2_, ACA2_,AVENSIS _T22_,COROLLA Liftback _E11_,COROLLA Compact _E11_,AVENSIS Station Wagon _T22_,RAV 4 I SXA1_,AVENSIS Liftback _T22_,PICNIC _XM10,MR 2 II SW2_,COROLLA Compact _E10_,CARINA E _T19_,LAND CRUISER PZJ7_, KZJ7_, HZJ7_, BJ7_, LJ7_, RJ7_,CELICA ST20_, AT20_,COROLLA _E11_,LAND CRUISER _J4_,CARINA E Stufenheck _T19_,COROLLA Wagon __E11_,CARINA E Sportswagon _T19_,HILUX VI Pick-up _N1_,LAND CRUISER _J6_,RAV 4 \u00a0 SXA1_,HILUX V Pick-up LN_, KZN1_, VZN1_,COROLLA Liftback _E10_,COROLLA Liftback _E9_,HIACE IV Bus LH1_,MR 2 I AW1_,COROLLA _E10_,HIACE IV Kasten LXH1_, RZH1_, LH1_,CARINA II _T17_,CAMRY _CV1_, _XV1_, _V1_,HIACE III Wagon LH1_, RZH1_,CARINA II Stufenheck _T17_,COROLLA Compact _E9_,COROLLA Coupe AE86,CELICA Liftback ST16_, AT16_,CAMRY Station Wagon _XV1_, _CV1_, _V10,COROLLA Wagon _E10_,CAMRY _V2_,COROLLA Station Wagon _E9_,COROLLA _E9_,HIACE III Kasten YH7_, LH6_, LH7_, LH5_, YH5_, YH6_,CARINA II Station Wagon _T17_,CAMRY Station; DAIHATSU: FEROZA Soft Top F300,SPORTRAK F300,FOURTRAK F7, F8,ROCKY Soft Top F7, F8,WILDCAT\/ROCKY F70,WILDCAT\/ROCKY F75; 9091706008, 9091706012, 9091706030, 9091706045, 9091706046, 9091706047, 9091706062, 9091706075, 9091706012, KL1440305, 854955, 1418460G00, 9091706012, 9091706008, 9091706012, 9091706015, 9091706030, 9091706045, 9091706046, 9091706047, 9091706062, 9091706075, 9091706045<\/p>\n","protected":false},"excerpt":{"rendered":"<p>VEGAZ Tiivisterengas, Pakoputki TD-103  VW,MAZDA,SUZUKI,TARO,323 F VI BJ,PREMACY CP,MX-5 I NA,626 V Hatchback GF,FAMILIA V BA,MPV II LW,626 V GF<\/p>\n","protected":false},"featured_media":0,"template":"","meta":{"site-sidebar-layout":"default","site-content-layout":"default","ast-global-header-display":"","ast-main-header-display":"","ast-hfb-above-header-display":"","ast-hfb-below-header-display":"","ast-hfb-mobile-header-display":"","site-post-title":"","ast-breadcrumbs-content":"","ast-featured-img":"","footer-sml-layout":"","theme-transparent-header-meta":"","adv-header-id-meta":"","stick-header-meta":"","header-above-stick-meta":"","header-main-stick-meta":"","header-below-stick-meta":""},"pwb-brand":[306],"product_cat":[123],"product_tag":[],"class_list":{"0":"post-51705","1":"product","2":"type-product","3":"status-publish","5":"pwb-brand-vegaz","6":"product_cat-pakosarjan-tiivisteet","7":"desktop-align-left","8":"tablet-align-left","9":"mobile-align-left","11":"first","12":"instock","13":"product-type-external"},"brands":[{"id":306,"name":"VEGAZ","slug":"vegaz"}],"_links":{"self":[{"href":"https:\/\/www.autonvaraosahaku.fi\/index.php?rest_route=\/wp\/v2\/product\/51705","targetHints":{"allow":["GET"]}}],"collection":[{"href":"https:\/\/www.autonvaraosahaku.fi\/index.php?rest_route=\/wp\/v2\/product"}],"about":[{"href":"https:\/\/www.autonvaraosahaku.fi\/index.php?rest_route=\/wp\/v2\/types\/product"}],"wp:attachment":[{"href":"https:\/\/www.autonvaraosahaku.fi\/index.php?rest_route=%2Fwp%2Fv2%2Fmedia&parent=51705"}],"wp:term":[{"taxonomy":"pwb-brand","embeddable":true,"href":"https:\/\/www.autonvaraosahaku.fi\/index.php?rest_route=%2Fwp%2Fv2%2Fpwb-brand&post=51705"},{"taxonomy":"product_cat","embeddable":true,"href":"https:\/\/www.autonvaraosahaku.fi\/index.php?rest_route=%2Fwp%2Fv2%2Fproduct_cat&post=51705"},{"taxonomy":"product_tag","embeddable":true,"href":"https:\/\/www.autonvaraosahaku.fi\/index.php?rest_route=%2Fwp%2Fv2%2Fproduct_tag&post=51705"}],"curies":[{"name":"wp","href":"https:\/\/api.w.org\/{rel}","templated":true}]}}