{"id":51718,"date":"2021-02-21T17:37:57","date_gmt":"2021-02-21T17:37:57","guid":{"rendered":"https:\/\/www.autonvaraosahaku.fi\/?product=topran-111-039-tiivisteet"},"modified":"2021-02-21T17:38:01","modified_gmt":"2021-02-21T17:38:01","slug":"topran-111-039-tiivisteet","status":"publish","type":"product","link":"https:\/\/www.autonvaraosahaku.fi\/?product=topran-111-039-tiivisteet","title":{"rendered":"TOPRAN 111 039 Tiivisteet"},"content":{"rendered":"<p>Korkeus (mm): 8; Sis\u00e4l\u00e4pimitta [mm]: 60; Ulkol\u00e4pimitta [mm]: 74,3; Materiaali: ACM (polyakryyli-kautsu); Suojavaippa: Suojakumilla; Rihlamalli: Vaihdettava kierre; Asennuspuoli: links; VW: GOLF IV 1J1,GOLF V 1K1,POLO 9N_,TOURAN 1T1, 1T2,GOLF VI 5K1,PASSAT Variant 3C5,GOLF PLUS 5M1, 521,LUPO 6X1, 6E1,PASSAT 3C2,POLO 6R, 6C,TIGUAN 5N_,PASSAT Variant 365,GOLF IV Variant 1J5,SHARAN 7M8, 7M9, 7M6,CADDY III Kombi 2KB, 2KJ, 2CB, 2CJ,TRANSPORTER V Bus 7HB, 7HJ, 7EB, 7EJ, 7EF,TOURAN 1T3,FOX 5Z1, 5Z3,GOLF VI Variant AJ5,GOLF V Variant 1K5,CADDY III Kasten 2KA, 2KH, 2CA, 2CH,BORA 1J2,EOS 1F7, 1F8,SCIROCCO 137, 138,TRANSPORTER V Kasten 7HA, 7HH, 7EA, 7EH,PASSAT CC 357,NEW BEETLE 9C1, 1C1,SHARAN 7N1, 7N2,BORA Kombi 1J6,NEW BEETLE Cabriolet 1Y7,JETTA III 1K2,PASSAT 362,BEETLE 5C1,JETTA IV 162, 163,TRANSPORTER V Pritsche\/Fahrgestell 7JD, 7JE, 7JL, 7JY, 7JZ,,BEETLE Cabriolet 5C7; AUDI: A3 8P1,A3 8L1,A3 Sportback 8PA,A2 8Z0,A3 Sportback 8VA,TT 8J3,Q3 8U,A1 8X1, 8XF,A1 Sportback 8XA, 8XK,TT Roadster 8J9,A3 8V1; SKODA: OCTAVIA Combi 1Z5,FABIA Combi 6Y5,FABIA,FABIA 6Y2,OCTAVIA Combi 1U5,OCTAVIA Combi 5E5,FABIA Combi,ROOMSTER 5J,YETI 5L,SUPERB Kombi 3T5,OCTAVIA 1Z3,OCTAVIA 1U2,SUPERB 3T4,RAPID Spaceback NH1,FABIA Stufenheck 6Y3,OCTAVIA 5E3,ROOMSTER Praktik 5J,RAPID NH3,KODIAQ NS7; SEAT: IBIZA IV 6L1,LEON 1P1,IBIZA V 6J5, 6P5,LEON 1M1,ALTEA 5P1,ALHAMBRA 7V8, 7V9,LEON 5F1,ALTEA XL 5P5, 5P8,IBIZA V ST 6J8, 6P8,ALHAMBRA 710, 711,TOLEDO II 1M2,IBIZA V SPORTCOUPE 6J1, 6P1,CORDOBA 6L2,TOLEDO III 5P2,ATECA KH7; 02M301189, 02M301189B, 02M301189G, 02M301189, 02M301189B, 02M301189G, 02M301189, 02M301189B, 02M301189G, 02M301189, 02M301189B, 02M301189G<\/p>\n","protected":false},"excerpt":{"rendered":"<p>TOPRAN Akselitiiviste, Tasauspy\u00f6r\u00e4st\u00f6 111 039  VW,AUDI,SKODA,GOLF IV 1J1,GOLF V 1K1,POLO 9N_,TOURAN 1T1, 1T2,GOLF VI 5K1,PASSAT Variant 3C5<\/p>\n","protected":false},"featured_media":0,"template":"","meta":{"site-sidebar-layout":"default","site-content-layout":"default","ast-global-header-display":"","ast-main-header-display":"","ast-hfb-above-header-display":"","ast-hfb-below-header-display":"","ast-hfb-mobile-header-display":"","site-post-title":"","ast-breadcrumbs-content":"","ast-featured-img":"","footer-sml-layout":"","theme-transparent-header-meta":"","adv-header-id-meta":"","stick-header-meta":"","header-above-stick-meta":"","header-main-stick-meta":"","header-below-stick-meta":""},"pwb-brand":[18],"product_cat":[27],"product_tag":[],"class_list":{"0":"post-51718","1":"product","2":"type-product","3":"status-publish","5":"pwb-brand-topran","6":"product_cat-tiivisteet","7":"desktop-align-left","8":"tablet-align-left","9":"mobile-align-left","11":"first","12":"instock","13":"product-type-external"},"brands":[{"id":18,"name":"TOPRAN","slug":"topran"}],"_links":{"self":[{"href":"https:\/\/www.autonvaraosahaku.fi\/index.php?rest_route=\/wp\/v2\/product\/51718","targetHints":{"allow":["GET"]}}],"collection":[{"href":"https:\/\/www.autonvaraosahaku.fi\/index.php?rest_route=\/wp\/v2\/product"}],"about":[{"href":"https:\/\/www.autonvaraosahaku.fi\/index.php?rest_route=\/wp\/v2\/types\/product"}],"wp:attachment":[{"href":"https:\/\/www.autonvaraosahaku.fi\/index.php?rest_route=%2Fwp%2Fv2%2Fmedia&parent=51718"}],"wp:term":[{"taxonomy":"pwb-brand","embeddable":true,"href":"https:\/\/www.autonvaraosahaku.fi\/index.php?rest_route=%2Fwp%2Fv2%2Fpwb-brand&post=51718"},{"taxonomy":"product_cat","embeddable":true,"href":"https:\/\/www.autonvaraosahaku.fi\/index.php?rest_route=%2Fwp%2Fv2%2Fproduct_cat&post=51718"},{"taxonomy":"product_tag","embeddable":true,"href":"https:\/\/www.autonvaraosahaku.fi\/index.php?rest_route=%2Fwp%2Fv2%2Fproduct_tag&post=51718"}],"curies":[{"name":"wp","href":"https:\/\/api.w.org\/{rel}","templated":true}]}}