{"id":51719,"date":"2021-02-21T17:37:57","date_gmt":"2021-02-21T17:37:57","guid":{"rendered":"https:\/\/www.autonvaraosahaku.fi\/?product=beru-cgp001-hehkutulppa"},"modified":"2021-02-21T17:38:01","modified_gmt":"2021-02-21T17:38:01","slug":"beru-cgp001-hehkutulppa","status":"publish","type":"product","link":"https:\/\/www.autonvaraosahaku.fi\/?product=beru-cgp001-hehkutulppa","title":{"rendered":"BERU CGP001 Hehkutulppa"},"content":{"rendered":"<p>Hehkutulppatyyppi: j\u00e4lkihehkutuksenkest\u00e4v\u00e4, Hehkutulppa, puikko; J\u00e4nnite (V): 5; Liittimet: 4 mm PIN; Kokonaispituus (mm): 134; Asennussyvyys (mm): 29; Kierremitta: M10x1,0; Avainv\u00e4li: 10 mm; Virta (A): 45; Kartionousu: 63; Kiristysmomentti > [Nm]: 15; Kiristysmomentti enint\u00e4\u00e4n [Nm]: 20; Katkeamismomentti [Nm]: 35; Valmistaja rajaus: Beru; lis\u00e4tieto: CGP; Valmistusvuoteen: 02\/2011; BMW: X5 E70,X3 F25,3 F30, F35, F80,7 F01, F02, F03, F04,X6 E71, E72,6 Gran Coupe F06,6 Coupe F13,4 Cabriolet F33, F83,6 Cabriolet F12,4 Gran Coupe F36,X4 F26; 0038490, 12230038490, 7810858, 781085801, 781085802<\/p>\n","protected":false},"excerpt":{"rendered":"<p>BERU Hehkutulppa CGP001  BMW,X5 E70,X3 F25,3 F30, F35, F80,7 F01, F02, F03, F04,X6 E71, E72,6 Gran Coupe F06,6 Coupe F13,4 Cabriolet F33, F83<\/p>\n","protected":false},"featured_media":0,"template":"","meta":{"site-sidebar-layout":"default","site-content-layout":"default","ast-global-header-display":"","ast-main-header-display":"","ast-hfb-above-header-display":"","ast-hfb-below-header-display":"","ast-hfb-mobile-header-display":"","site-post-title":"","ast-breadcrumbs-content":"","ast-featured-img":"","footer-sml-layout":"","theme-transparent-header-meta":"","adv-header-id-meta":"","stick-header-meta":"","header-above-stick-meta":"","header-main-stick-meta":"","header-below-stick-meta":""},"pwb-brand":[327],"product_cat":[52],"product_tag":[],"class_list":{"0":"post-51719","1":"product","2":"type-product","3":"status-publish","5":"pwb-brand-beru","6":"product_cat-hehkutulppa","7":"desktop-align-left","8":"tablet-align-left","9":"mobile-align-left","11":"first","12":"instock","13":"product-type-external"},"brands":[{"id":327,"name":"BERU","slug":"beru"}],"_links":{"self":[{"href":"https:\/\/www.autonvaraosahaku.fi\/index.php?rest_route=\/wp\/v2\/product\/51719","targetHints":{"allow":["GET"]}}],"collection":[{"href":"https:\/\/www.autonvaraosahaku.fi\/index.php?rest_route=\/wp\/v2\/product"}],"about":[{"href":"https:\/\/www.autonvaraosahaku.fi\/index.php?rest_route=\/wp\/v2\/types\/product"}],"wp:attachment":[{"href":"https:\/\/www.autonvaraosahaku.fi\/index.php?rest_route=%2Fwp%2Fv2%2Fmedia&parent=51719"}],"wp:term":[{"taxonomy":"pwb-brand","embeddable":true,"href":"https:\/\/www.autonvaraosahaku.fi\/index.php?rest_route=%2Fwp%2Fv2%2Fpwb-brand&post=51719"},{"taxonomy":"product_cat","embeddable":true,"href":"https:\/\/www.autonvaraosahaku.fi\/index.php?rest_route=%2Fwp%2Fv2%2Fproduct_cat&post=51719"},{"taxonomy":"product_tag","embeddable":true,"href":"https:\/\/www.autonvaraosahaku.fi\/index.php?rest_route=%2Fwp%2Fv2%2Fproduct_tag&post=51719"}],"curies":[{"name":"wp","href":"https:\/\/api.w.org\/{rel}","templated":true}]}}