{"id":51730,"date":"2021-02-21T17:38:03","date_gmt":"2021-02-21T17:38:03","guid":{"rendered":"https:\/\/www.autonvaraosahaku.fi\/?product=mahle-original-lap-24-raitisilmasuodatin"},"modified":"2021-02-21T17:38:05","modified_gmt":"2021-02-21T17:38:05","slug":"mahle-original-lap-24-raitisilmasuodatin","status":"publish","type":"product","link":"https:\/\/www.autonvaraosahaku.fi\/?product=mahle-original-lap-24-raitisilmasuodatin","title":{"rendered":"MAHLE ORIGINAL LAP 24 Raitisilmasuodatin"},"content":{"rendered":"<p>Suodatintyyppi: Hiukkassuodatin; Korkeus (mm): 10,0; Kokonaispituus (mm): 120,0; Leveys (mm): 114,0; CITRO\u00cbN: SAXO S0, S1; PEUGEOT: 106 II 1,106 I 1A, 1C,106 Van 1_; 6441G9, E146102, E146136, 644191, E146102, E146136; Sis\u00e4ilmansuodatin,Suodatin, Sis\u00e4ilma<\/p>\n","protected":false},"excerpt":{"rendered":"<p>MAHLE ORIGINAL Raitisilmasuodatin LAP 24 Sis\u00e4ilmansuodatin,Suodatin, Sis\u00e4ilma CITRO\u00cbN,PEUGEOT,SAXO S0, S1,106 II 1,106 I 1A, 1C,106 Van 1_<\/p>\n","protected":false},"featured_media":0,"template":"","meta":{"site-sidebar-layout":"default","site-content-layout":"default","ast-global-header-display":"","ast-main-header-display":"","ast-hfb-above-header-display":"","ast-hfb-below-header-display":"","ast-hfb-mobile-header-display":"","site-post-title":"","ast-breadcrumbs-content":"","ast-featured-img":"","footer-sml-layout":"","theme-transparent-header-meta":"","adv-header-id-meta":"","stick-header-meta":"","header-above-stick-meta":"","header-main-stick-meta":"","header-below-stick-meta":""},"pwb-brand":[153],"product_cat":[19],"product_tag":[],"class_list":{"0":"post-51730","1":"product","2":"type-product","3":"status-publish","5":"pwb-brand-mahle-original","6":"product_cat-raitisilmasuodatin","7":"desktop-align-left","8":"tablet-align-left","9":"mobile-align-left","11":"first","12":"instock","13":"product-type-external"},"brands":[{"id":153,"name":"MAHLE ORIGINAL","slug":"mahle-original"}],"_links":{"self":[{"href":"https:\/\/www.autonvaraosahaku.fi\/index.php?rest_route=\/wp\/v2\/product\/51730","targetHints":{"allow":["GET"]}}],"collection":[{"href":"https:\/\/www.autonvaraosahaku.fi\/index.php?rest_route=\/wp\/v2\/product"}],"about":[{"href":"https:\/\/www.autonvaraosahaku.fi\/index.php?rest_route=\/wp\/v2\/types\/product"}],"wp:attachment":[{"href":"https:\/\/www.autonvaraosahaku.fi\/index.php?rest_route=%2Fwp%2Fv2%2Fmedia&parent=51730"}],"wp:term":[{"taxonomy":"pwb-brand","embeddable":true,"href":"https:\/\/www.autonvaraosahaku.fi\/index.php?rest_route=%2Fwp%2Fv2%2Fpwb-brand&post=51730"},{"taxonomy":"product_cat","embeddable":true,"href":"https:\/\/www.autonvaraosahaku.fi\/index.php?rest_route=%2Fwp%2Fv2%2Fproduct_cat&post=51730"},{"taxonomy":"product_tag","embeddable":true,"href":"https:\/\/www.autonvaraosahaku.fi\/index.php?rest_route=%2Fwp%2Fv2%2Fproduct_tag&post=51730"}],"curies":[{"name":"wp","href":"https:\/\/api.w.org\/{rel}","templated":true}]}}