{"id":51735,"date":"2021-02-21T17:38:03","date_gmt":"2021-02-21T17:38:03","guid":{"rendered":"https:\/\/www.autonvaraosahaku.fi\/?product=swag-99-90-1612-muut-luokat"},"modified":"2021-02-21T17:38:06","modified_gmt":"2021-02-21T17:38:06","slug":"swag-99-90-1612-muut-luokat","status":"publish","type":"product","link":"https:\/\/www.autonvaraosahaku.fi\/?product=swag-99-90-1612-muut-luokat","title":{"rendered":"SWAG 99 90 1612 Muut luokat"},"content":{"rendered":"<p>Leveys (mm): 15,0, 19,5; Sis\u00e4l\u00e4pimitta [mm]: 15,0; Ulkol\u00e4pimitta [mm]: 23,0, 28,5; Materiaali: NBR (nitriili-butadi-kumi); Asennuspuoli: Alla; Paino [kg]: 0,01, 0,01; Huomioi tekniset tiedot: ; BMW: 3 E30,3 Cabriolet E30,5 E28,6 E24,3 E21,3 Touring E30,7 E23,5 E12; 12311268433, 12311268447, 12318602181<\/p>\n","protected":false},"excerpt":{"rendered":"<p>SWAG Laturin Hela 99 90 1612  BMW,3 E30,3 Cabriolet E30,5 E28,6 E24,3 E21,3 Touring E30,7 E23,5 E12<\/p>\n","protected":false},"featured_media":0,"template":"","meta":{"site-sidebar-layout":"default","site-content-layout":"default","ast-global-header-display":"","ast-main-header-display":"","ast-hfb-above-header-display":"","ast-hfb-below-header-display":"","ast-hfb-mobile-header-display":"","site-post-title":"","ast-breadcrumbs-content":"","ast-featured-img":"","footer-sml-layout":"","theme-transparent-header-meta":"","adv-header-id-meta":"","stick-header-meta":"","header-above-stick-meta":"","header-main-stick-meta":"","header-below-stick-meta":""},"pwb-brand":[103],"product_cat":[37],"product_tag":[],"class_list":{"0":"post-51735","1":"product","2":"type-product","3":"status-publish","5":"pwb-brand-swag","6":"product_cat-muut-luokat","7":"desktop-align-left","8":"tablet-align-left","9":"mobile-align-left","11":"first","12":"instock","13":"product-type-external"},"brands":[{"id":103,"name":"SWAG","slug":"swag"}],"_links":{"self":[{"href":"https:\/\/www.autonvaraosahaku.fi\/index.php?rest_route=\/wp\/v2\/product\/51735","targetHints":{"allow":["GET"]}}],"collection":[{"href":"https:\/\/www.autonvaraosahaku.fi\/index.php?rest_route=\/wp\/v2\/product"}],"about":[{"href":"https:\/\/www.autonvaraosahaku.fi\/index.php?rest_route=\/wp\/v2\/types\/product"}],"wp:attachment":[{"href":"https:\/\/www.autonvaraosahaku.fi\/index.php?rest_route=%2Fwp%2Fv2%2Fmedia&parent=51735"}],"wp:term":[{"taxonomy":"pwb-brand","embeddable":true,"href":"https:\/\/www.autonvaraosahaku.fi\/index.php?rest_route=%2Fwp%2Fv2%2Fpwb-brand&post=51735"},{"taxonomy":"product_cat","embeddable":true,"href":"https:\/\/www.autonvaraosahaku.fi\/index.php?rest_route=%2Fwp%2Fv2%2Fproduct_cat&post=51735"},{"taxonomy":"product_tag","embeddable":true,"href":"https:\/\/www.autonvaraosahaku.fi\/index.php?rest_route=%2Fwp%2Fv2%2Fproduct_tag&post=51735"}],"curies":[{"name":"wp","href":"https:\/\/api.w.org\/{rel}","templated":true}]}}