{"id":51765,"date":"2021-02-21T17:38:14","date_gmt":"2021-02-21T17:38:14","guid":{"rendered":"https:\/\/www.autonvaraosahaku.fi\/?product=frenkit-235001-jarrusatula-korjaussarja"},"modified":"2021-02-21T17:38:15","modified_gmt":"2021-02-21T17:38:15","slug":"frenkit-235001-jarrusatula-korjaussarja","status":"publish","type":"product","link":"https:\/\/www.autonvaraosahaku.fi\/?product=frenkit-235001-jarrusatula-korjaussarja","title":{"rendered":"FRENKIT 235001 Jarrusatula korjaussarja"},"content":{"rendered":"<p>L\u00e4pimitta [mm]: 35; Asennuspuoli: Taka-akseli; Jarruj\u00e4rjestelm\u00e4: Ate; Versio: Hard boot; MERCEDES-BENZ: C-CLASS W202,E-CLASS W210,CLK C208,SL R129,CLK Cabriolet A208,S-CLASS W108, W109,COUPE W111,CABRIOLET W111; OPEL: OMEGA A 16_, 17_, 19_,VECTRA B 36_,ASTRA F CC 53_, 54_, 58_, 59_,VECTRA B Caravan 31_,ASTRA F Caravan 51_, 52_,CALIBRA A 85_,VECTRA B CC 38_,VECTRA A 86_, 87_,ASTRA F Cabriolet 53_B,ASTRA F 56_, 57_,KADETT E CC 33_, 34_, 43_, 44_,VECTRA A CC 88_, 89_,KADETT E Cabriolet 43B_,OMEGA A Caravan 66_, 67_,KADETT E 39_, 49_,KADETT E Caravan 35_, 36_, 45_, 46_; SAAB: 9-3 YS3D,9-3 Cabriolet YS3D,900 I Cabriolet,900 I Combi Coupe,900 II Cabriolet,900 II,900 I AC4, AM4,900 II Coupe; VAUXHALL: CALIBRA,ASTRA Mk III F CC,CAVALIER Mk III 87,VECTRA B CC,ASTRA Mk III F Estate,VECTRA B Estate,VECTRA B,CAVALIER Mk III CC,ASTRAVAN Mk III F; 1605694, 1605727, 90295005, 90297535, 4467080; Korjaussarja, Jarrusatula<\/p>\n","protected":false},"excerpt":{"rendered":"<p>FRENKIT Jarrusatula Korjaussarja 235001 Korjaussarja, Jarrusatula MERCEDES-BENZ,OPEL,SAAB,C-CLASS W202,E-CLASS W210,CLK C208,SL R129<\/p>\n","protected":false},"featured_media":0,"template":"","meta":{"site-sidebar-layout":"default","site-content-layout":"default","ast-global-header-display":"","ast-main-header-display":"","ast-hfb-above-header-display":"","ast-hfb-below-header-display":"","ast-hfb-mobile-header-display":"","site-post-title":"","ast-breadcrumbs-content":"","ast-featured-img":"","footer-sml-layout":"","theme-transparent-header-meta":"","adv-header-id-meta":"","stick-header-meta":"","header-above-stick-meta":"","header-main-stick-meta":"","header-below-stick-meta":""},"pwb-brand":[474],"product_cat":[57],"product_tag":[],"class_list":{"0":"post-51765","1":"product","2":"type-product","3":"status-publish","5":"pwb-brand-frenkit","6":"product_cat-jarrusatula-korjaussarja","7":"desktop-align-left","8":"tablet-align-left","9":"mobile-align-left","11":"first","12":"instock","13":"product-type-external"},"brands":[{"id":474,"name":"FRENKIT","slug":"frenkit"}],"_links":{"self":[{"href":"https:\/\/www.autonvaraosahaku.fi\/index.php?rest_route=\/wp\/v2\/product\/51765","targetHints":{"allow":["GET"]}}],"collection":[{"href":"https:\/\/www.autonvaraosahaku.fi\/index.php?rest_route=\/wp\/v2\/product"}],"about":[{"href":"https:\/\/www.autonvaraosahaku.fi\/index.php?rest_route=\/wp\/v2\/types\/product"}],"wp:attachment":[{"href":"https:\/\/www.autonvaraosahaku.fi\/index.php?rest_route=%2Fwp%2Fv2%2Fmedia&parent=51765"}],"wp:term":[{"taxonomy":"pwb-brand","embeddable":true,"href":"https:\/\/www.autonvaraosahaku.fi\/index.php?rest_route=%2Fwp%2Fv2%2Fpwb-brand&post=51765"},{"taxonomy":"product_cat","embeddable":true,"href":"https:\/\/www.autonvaraosahaku.fi\/index.php?rest_route=%2Fwp%2Fv2%2Fproduct_cat&post=51765"},{"taxonomy":"product_tag","embeddable":true,"href":"https:\/\/www.autonvaraosahaku.fi\/index.php?rest_route=%2Fwp%2Fv2%2Fproduct_tag&post=51765"}],"curies":[{"name":"wp","href":"https:\/\/api.w.org\/{rel}","templated":true}]}}