{"id":51772,"date":"2021-02-21T17:38:14","date_gmt":"2021-02-21T17:38:14","guid":{"rendered":"https:\/\/www.autonvaraosahaku.fi\/?product=ridex-3947s0009-anturit-sensorit"},"modified":"2021-02-21T17:38:17","modified_gmt":"2021-02-21T17:38:17","slug":"ridex-3947s0009-anturit-sensorit","status":"publish","type":"product","link":"https:\/\/www.autonvaraosahaku.fi\/?product=ridex-3947s0009-anturit-sensorit","title":{"rendered":"RIDEX 3947S0009 Anturit (sensorit)"},"content":{"rendered":"<p>Napojen m\u00e4\u00e4r\u00e4: 3; K\u00e4ytt\u00f6: Pneumaattinen; OPEL: ZAFIRA A F75_,OMEGA A 16_, 17_, 19_,ASTRA G Caravan F35_,CORSA B 73_, 78_, 79_,VECTRA B 36_,VECTRA B Caravan 31_,ASTRA G Stufenheck F69_,VECTRA B CC 38_,ASTRA F Cabriolet 53_B,ASTRA F 56_, 57_,TIGRA 95_,ASCONA C 81_, 86_, 87_, 88_,MONTEREY A UBS_,MONTEREY B; FORD: TRANSIT Kasten FA_ _,TRANSIT CONNECT P65_, P70_, P80_,TRANSIT Bus FD_ _, FB_ _, FS_ _, FZ_ _, FC_ _,TOURNEO CONNECT,TRANSIT Pritsche\/Fahrgestell FM_ _, FN_ _; RENAULT: TWINGO I C06_,CLIO II BB0\/1\/2_, CB0\/1\/2_,KANGOO KC0\/1_,TWINGO II CN0_,MEGANE II Coup\u00e9-Cabriolet EM0\/1_,ESPACE III JE0_,MEGANE II BM0\/1_, CM0\/1_,KANGOO Express FC0\/1_,LAGUNA I B56_, 556_,CLIO I B\/C57_, 5\/357_,MEGANE II Stufenheck LM0\/1_; FIAT: PUNTO 176,PUNTO Cabriolet 176C; PEUGEOT: 306 Schr\u00e4gheck 7A, 7C, N3, N5,306 Cabriolet 7D, N3, N5,406 Break 8E\/F,PARTNER Combispace 5F,PARTNER Kasten 5,306 Break 7E, N3, N5,406 8B,306 7B, N3, N5,605 6B; HYUNDAI: COUPE GK,ACCENT II LC,COUPE RD,ACCENT I X-3,LANTRA II Wagon J-2,LANTRA II J-2,PONY X-2,LANTRA I J-1,PONY \/ EXCEL Stufenheck X-2; CITRO\u00cbN: BERLINGO MF,SAXO S0, S1,BERLINGO Kasten M_,XSARA N1,XSARA Break N2,XM Y4,XSARA Coupe N0,XANTIA X1,XM Y3,XM Break Y4,XM Break Y3; KIA: PRIDE DA,SEPHIA Stufenheck FA,SEPHIA FA; VOLVO: V70 I LV,S40 I VS,S70 LS; ALFA ROMEO: 145 930,146 930; 5992408, 60811534, 16137039, 5992408, 7696064, 1144809, 1C1Y9F479AA, 3933024750, 0K95018211, 1238788, 12569240, 16017460, 16137039, 6238927, 815701, 8933000153, 7700706876, 1378162, 3411400<\/p>\n","protected":false},"excerpt":{"rendered":"<p>RIDEX Tunnistin, Imusarjapaine 3947S0009  OPEL,FORD,RENAULT,ZAFIRA A F75_,OMEGA A 16_, 17_, 19_,ASTRA G Caravan F35_,CORSA B 73_, 78_, 79_<\/p>\n","protected":false},"featured_media":0,"template":"","meta":{"site-sidebar-layout":"default","site-content-layout":"default","ast-global-header-display":"","ast-main-header-display":"","ast-hfb-above-header-display":"","ast-hfb-below-header-display":"","ast-hfb-mobile-header-display":"","site-post-title":"","ast-breadcrumbs-content":"","ast-featured-img":"","footer-sml-layout":"","theme-transparent-header-meta":"","adv-header-id-meta":"","stick-header-meta":"","header-above-stick-meta":"","header-main-stick-meta":"","header-below-stick-meta":""},"pwb-brand":[157],"product_cat":[98],"product_tag":[],"class_list":{"0":"post-51772","1":"product","2":"type-product","3":"status-publish","5":"pwb-brand-ridex","6":"product_cat-anturit-sensorit","7":"desktop-align-left","8":"tablet-align-left","9":"mobile-align-left","11":"first","12":"instock","13":"product-type-external"},"brands":[{"id":157,"name":"RIDEX","slug":"ridex"}],"_links":{"self":[{"href":"https:\/\/www.autonvaraosahaku.fi\/index.php?rest_route=\/wp\/v2\/product\/51772","targetHints":{"allow":["GET"]}}],"collection":[{"href":"https:\/\/www.autonvaraosahaku.fi\/index.php?rest_route=\/wp\/v2\/product"}],"about":[{"href":"https:\/\/www.autonvaraosahaku.fi\/index.php?rest_route=\/wp\/v2\/types\/product"}],"wp:attachment":[{"href":"https:\/\/www.autonvaraosahaku.fi\/index.php?rest_route=%2Fwp%2Fv2%2Fmedia&parent=51772"}],"wp:term":[{"taxonomy":"pwb-brand","embeddable":true,"href":"https:\/\/www.autonvaraosahaku.fi\/index.php?rest_route=%2Fwp%2Fv2%2Fpwb-brand&post=51772"},{"taxonomy":"product_cat","embeddable":true,"href":"https:\/\/www.autonvaraosahaku.fi\/index.php?rest_route=%2Fwp%2Fv2%2Fproduct_cat&post=51772"},{"taxonomy":"product_tag","embeddable":true,"href":"https:\/\/www.autonvaraosahaku.fi\/index.php?rest_route=%2Fwp%2Fv2%2Fproduct_tag&post=51772"}],"curies":[{"name":"wp","href":"https:\/\/api.w.org\/{rel}","templated":true}]}}