{"id":51784,"date":"2021-02-21T17:38:21","date_gmt":"2021-02-21T17:38:21","guid":{"rendered":"https:\/\/www.autonvaraosahaku.fi\/?product=ridex-458f0010-polttoainepumppu"},"modified":"2021-02-21T17:38:22","modified_gmt":"2021-02-21T17:38:22","slug":"ridex-458f0010-polttoainepumppu","status":"publish","type":"product","link":"https:\/\/www.autonvaraosahaku.fi\/?product=ridex-458f0010-polttoainepumppu","title":{"rendered":"RIDEX 458F0010 Polttoainepumppu"},"content":{"rendered":"<p>J\u00e4nnite (V): 12; Pituus (mm): 36; K\u00e4ytt\u00f6: S\u00e4hk\u00f6inen; Leveys (mm): 36; Korkeus (mm): 105; Paine (bar): 0,24; Napojen m\u00e4\u00e4r\u00e4: 2; Paino [kg]: 0,241; Pakkaussyvyys [cm]: 6,5; Korvaava tuote\/korvaava tiedote 2: Esisuodattimella; Asennuspuoli: polttoaines\u00e4ili\u00f6ss\u00e4; Valmistusvuoteen: 09\/1987; VW: GOLF II 19E, 1G1,PASSAT Variant 3A5, 35I,GOLF I Cabriolet 155,POLO 86C, 80,POLO Coupe 86C, 80,PASSAT 3A2, 35I,CORRADO 53I,SCIROCCO 53B,GOLF I 17; MERCEDES-BENZ: C-CLASS W203,C-CLASS T-Model S203,SL R230; SEAT: TOLEDO I 1L,IBIZA I 021A; FORD USA: AEROSTAR; 191906092A, 191906092C, 191906092G, 191906092M, 357906092C, 533906092N, 533906092P, E22041009, E22041065, 1180058, 16141180058, 0014703194, A0014703194, 90466019, 191906091H, 191906092, 191906092A, 191906092C, 191906092G, 191906092M, 357906092C, 533906092N, 533906092P, E22041009, E22041065, 191906091H, 191906092, 191906092A, 191906092C, 191906092G, 191906092M, 357906092C, 533906092N, 533906092P, E22041009, E22041065, 191906091H, 191906092, 191906092A, 191906092C, 191906092G, 191906092M, 357906092C, 533906092N, 533906092P, E22041009, E22041065<\/p>\n","protected":false},"excerpt":{"rendered":"<p>RIDEX Polttoainepumppu 458F0010  VW,MERCEDES-BENZ,SEAT,GOLF II 19E, 1G1,PASSAT Variant 3A5, 35I,GOLF I Cabriolet 155,POLO 86C, 80,POLO Coupe 86C, 80<\/p>\n","protected":false},"featured_media":0,"template":"","meta":{"site-sidebar-layout":"default","site-content-layout":"default","ast-global-header-display":"","ast-main-header-display":"","ast-hfb-above-header-display":"","ast-hfb-below-header-display":"","ast-hfb-mobile-header-display":"","site-post-title":"","ast-breadcrumbs-content":"","ast-featured-img":"","footer-sml-layout":"","theme-transparent-header-meta":"","adv-header-id-meta":"","stick-header-meta":"","header-above-stick-meta":"","header-main-stick-meta":"","header-below-stick-meta":""},"pwb-brand":[157],"product_cat":[73],"product_tag":[],"class_list":{"0":"post-51784","1":"product","2":"type-product","3":"status-publish","5":"pwb-brand-ridex","6":"product_cat-polttoainepumppu","7":"desktop-align-left","8":"tablet-align-left","9":"mobile-align-left","11":"first","12":"instock","13":"product-type-external"},"brands":[{"id":157,"name":"RIDEX","slug":"ridex"}],"_links":{"self":[{"href":"https:\/\/www.autonvaraosahaku.fi\/index.php?rest_route=\/wp\/v2\/product\/51784","targetHints":{"allow":["GET"]}}],"collection":[{"href":"https:\/\/www.autonvaraosahaku.fi\/index.php?rest_route=\/wp\/v2\/product"}],"about":[{"href":"https:\/\/www.autonvaraosahaku.fi\/index.php?rest_route=\/wp\/v2\/types\/product"}],"wp:attachment":[{"href":"https:\/\/www.autonvaraosahaku.fi\/index.php?rest_route=%2Fwp%2Fv2%2Fmedia&parent=51784"}],"wp:term":[{"taxonomy":"pwb-brand","embeddable":true,"href":"https:\/\/www.autonvaraosahaku.fi\/index.php?rest_route=%2Fwp%2Fv2%2Fpwb-brand&post=51784"},{"taxonomy":"product_cat","embeddable":true,"href":"https:\/\/www.autonvaraosahaku.fi\/index.php?rest_route=%2Fwp%2Fv2%2Fproduct_cat&post=51784"},{"taxonomy":"product_tag","embeddable":true,"href":"https:\/\/www.autonvaraosahaku.fi\/index.php?rest_route=%2Fwp%2Fv2%2Fproduct_tag&post=51784"}],"curies":[{"name":"wp","href":"https:\/\/api.w.org\/{rel}","templated":true}]}}