{"id":51785,"date":"2021-02-21T17:38:21","date_gmt":"2021-02-21T17:38:21","guid":{"rendered":"https:\/\/www.autonvaraosahaku.fi\/?product=payen-nj313-kampiakselin-tiiviste"},"modified":"2021-02-21T17:38:22","modified_gmt":"2021-02-21T17:38:22","slug":"payen-nj313-kampiakselin-tiiviste","status":"publish","type":"product","link":"https:\/\/www.autonvaraosahaku.fi\/?product=payen-nj313-kampiakselin-tiiviste","title":{"rendered":"PAYEN NJ313 Kampiakselin tiiviste"},"content":{"rendered":"<p>Asennuspuoli: Vaihteiston puoli; Korkeus (mm): 8,00; Materiaali: ACM (polyakryyli-kautsu); Sis\u00e4l\u00e4pimitta [mm]: 29,00; Ulkol\u00e4pimitta [mm]: 45,00; Akselitiivisteen malli: 827S LD; Py\u00f6rimissuunta: Py\u00f6rimissuunta vastap\u00e4iv\u00e4\u00e4n; HONDA: JAZZ II GD,CIVIC VII Hatchback EU, EP, EV,CIVIC VI Hatchback EJ, EK,FR-V BE,ACCORD VI CG, CK,CIVIC VI Fastback MA, MB,CRX III EH, EG,LOGO GA3,CIVIC VI Aerodeck MB, MC,STREAM RN,HR-V GH,CRX II ED, EE,CIVIC V Hatchback EG,CIVIC VII Coupe EM2,ACCORD VI Hatchback CH,CIVIC IV Hatchback EC, ED, EE,CIVIC VI Stufenheck EJ, EK,CIVIC VI Coupe EJ, EM1,INTEGRA Coupe DC2, DC4,CIVIC V Coupe EJ,CIVIC VII Stufenheck ES,PRELUDE III BA,CIVIC V Stufenheck EG, EH,CONCERTO HW,CIVIC IV Stufenheck ED,CRX I AF, AS,PRELUDE II AB,ACCORD III CA,CIVIC III Hatchback AL, AJ, AG, AH,CONCERTO Stufenheck HWW,ACCORD III Aerodeck CA,ACCORD VI Aerodeck CF,CIVIC II Shuttle EE,CIVIC III Stufenheck AM, AK, AU,CIVIC I Shuttle AN, AR,ACCORD II Hatchback AC, AD,INTEGRA DA,ACCORD II AC, AD,ACCORD III Coupe,CITY Stufenheck type Z; ROVER: 400 RT,CABRIOLET XW,400 Hatchback RT,200 Hatchback XW,400 Tourer XW,200 XH,400 XW; 91213P2FA01, 91213PC6000, 91213PC6003, 91213PD2004, 91213PE1721, 91213PE1722, 91213PH1003, 91213PH1004, 91214PR4A01, 806730110; Akselitiiviste, Kampiakseli<\/p>\n","protected":false},"excerpt":{"rendered":"<p>PAYEN Kampiakselin Tiiviste NJ313 Akselitiiviste, Kampiakseli HONDA,ROVER,JAZZ II GD,CIVIC VII Hatchback EU, EP, EV,CIVIC VI Hatchback EJ, EK,FR-V BE<\/p>\n","protected":false},"featured_media":0,"template":"","meta":{"site-sidebar-layout":"default","site-content-layout":"default","ast-global-header-display":"","ast-main-header-display":"","ast-hfb-above-header-display":"","ast-hfb-below-header-display":"","ast-hfb-mobile-header-display":"","site-post-title":"","ast-breadcrumbs-content":"","ast-featured-img":"","footer-sml-layout":"","theme-transparent-header-meta":"","adv-header-id-meta":"","stick-header-meta":"","header-above-stick-meta":"","header-main-stick-meta":"","header-below-stick-meta":""},"pwb-brand":[329],"product_cat":[88],"product_tag":[],"class_list":{"0":"post-51785","1":"product","2":"type-product","3":"status-publish","5":"pwb-brand-payen","6":"product_cat-kampiakselin-tiiviste","7":"desktop-align-left","8":"tablet-align-left","9":"mobile-align-left","11":"first","12":"instock","13":"product-type-external"},"brands":[{"id":329,"name":"PAYEN","slug":"payen"}],"_links":{"self":[{"href":"https:\/\/www.autonvaraosahaku.fi\/index.php?rest_route=\/wp\/v2\/product\/51785","targetHints":{"allow":["GET"]}}],"collection":[{"href":"https:\/\/www.autonvaraosahaku.fi\/index.php?rest_route=\/wp\/v2\/product"}],"about":[{"href":"https:\/\/www.autonvaraosahaku.fi\/index.php?rest_route=\/wp\/v2\/types\/product"}],"wp:attachment":[{"href":"https:\/\/www.autonvaraosahaku.fi\/index.php?rest_route=%2Fwp%2Fv2%2Fmedia&parent=51785"}],"wp:term":[{"taxonomy":"pwb-brand","embeddable":true,"href":"https:\/\/www.autonvaraosahaku.fi\/index.php?rest_route=%2Fwp%2Fv2%2Fpwb-brand&post=51785"},{"taxonomy":"product_cat","embeddable":true,"href":"https:\/\/www.autonvaraosahaku.fi\/index.php?rest_route=%2Fwp%2Fv2%2Fproduct_cat&post=51785"},{"taxonomy":"product_tag","embeddable":true,"href":"https:\/\/www.autonvaraosahaku.fi\/index.php?rest_route=%2Fwp%2Fv2%2Fproduct_tag&post=51785"}],"curies":[{"name":"wp","href":"https:\/\/api.w.org\/{rel}","templated":true}]}}