{"id":51789,"date":"2021-02-21T17:38:21","date_gmt":"2021-02-21T17:38:21","guid":{"rendered":"https:\/\/www.autonvaraosahaku.fi\/?product=ridex-158t0025-kaasulappakotelo"},"modified":"2021-02-21T17:38:23","modified_gmt":"2021-02-21T17:38:23","slug":"ridex-158t0025-kaasulappakotelo","status":"publish","type":"product","link":"https:\/\/www.autonvaraosahaku.fi\/?product=ridex-158t0025-kaasulappakotelo","title":{"rendered":"RIDEX 158T0025 Kaasul\u00e4pp\u00e4kotelo"},"content":{"rendered":"<p>Korvaava tuote\/korvaava tiedote 2: Ohjain\/ohjelma tulee kouluttaa\/p\u00e4ivitt\u00e4\u00e4; J\u00e4nnite (V): 12; L\u00e4pimitta [mm]: 52; K\u00e4ytt\u00f6: Elektroninen; Lis\u00e4tarvike\/lis\u00e4tieto: Ilman tiivisteit\u00e4; Liittimi\u00e4: 6; Paino [kg]: 1,15; Pakkaussyvyys [cm]: 15,1; TECDOC-moottorinumero: 15528; VW: GOLF IV 1J1,POLO 9N_,LUPO 6X1, 6E1,GOLF IV Variant 1J5,POLO 6N2,BORA 1J2,BORA Kombi 1J6,POLO Stufenheck 9A4; SKODA: FABIA Combi 6Y5,FABIA 6Y2,FABIA Stufenheck 6Y3; SEAT: IBIZA IV 6L1,LEON 1M1,AROSA 6H,IBIZA II 6K1,TOLEDO II 1M2,CORDOBA 6K1, 6K2,CORDOBA Vario 6K1,CORDOBA 6L2; 036133062A, 036133062M, 36133062A, 36133062M, 036133062A, 036133062M, 36133062A, 36133062M, 036133062A, 036133062M, 36133062A, 36133062M, 036133062A, 036133062M, 36133062A, 36133062M; Kaasul\u00e4pp\u00e4,Kaasul\u00e4p\u00e4n Kotelo<\/p>\n","protected":false},"excerpt":{"rendered":"<p>RIDEX Kaasul\u00e4pp\u00e4kotelo 158T0025 Kaasul\u00e4pp\u00e4,Kaasul\u00e4p\u00e4n Kotelo VW,SKODA,SEAT,GOLF IV 1J1,POLO 9N_,LUPO 6X1, 6E1,GOLF IV Variant 1J5,POLO 6N2,BORA 1J2<\/p>\n","protected":false},"featured_media":0,"template":"","meta":{"site-sidebar-layout":"default","site-content-layout":"default","ast-global-header-display":"","ast-main-header-display":"","ast-hfb-above-header-display":"","ast-hfb-below-header-display":"","ast-hfb-mobile-header-display":"","site-post-title":"","ast-breadcrumbs-content":"","ast-featured-img":"","footer-sml-layout":"","theme-transparent-header-meta":"","adv-header-id-meta":"","stick-header-meta":"","header-above-stick-meta":"","header-main-stick-meta":"","header-below-stick-meta":""},"pwb-brand":[157],"product_cat":[277],"product_tag":[],"class_list":{"0":"post-51789","1":"product","2":"type-product","3":"status-publish","5":"pwb-brand-ridex","6":"product_cat-kaasulappakotelo","7":"desktop-align-left","8":"tablet-align-left","9":"mobile-align-left","11":"first","12":"instock","13":"product-type-external"},"brands":[{"id":157,"name":"RIDEX","slug":"ridex"}],"_links":{"self":[{"href":"https:\/\/www.autonvaraosahaku.fi\/index.php?rest_route=\/wp\/v2\/product\/51789","targetHints":{"allow":["GET"]}}],"collection":[{"href":"https:\/\/www.autonvaraosahaku.fi\/index.php?rest_route=\/wp\/v2\/product"}],"about":[{"href":"https:\/\/www.autonvaraosahaku.fi\/index.php?rest_route=\/wp\/v2\/types\/product"}],"wp:attachment":[{"href":"https:\/\/www.autonvaraosahaku.fi\/index.php?rest_route=%2Fwp%2Fv2%2Fmedia&parent=51789"}],"wp:term":[{"taxonomy":"pwb-brand","embeddable":true,"href":"https:\/\/www.autonvaraosahaku.fi\/index.php?rest_route=%2Fwp%2Fv2%2Fpwb-brand&post=51789"},{"taxonomy":"product_cat","embeddable":true,"href":"https:\/\/www.autonvaraosahaku.fi\/index.php?rest_route=%2Fwp%2Fv2%2Fproduct_cat&post=51789"},{"taxonomy":"product_tag","embeddable":true,"href":"https:\/\/www.autonvaraosahaku.fi\/index.php?rest_route=%2Fwp%2Fv2%2Fproduct_tag&post=51789"}],"curies":[{"name":"wp","href":"https:\/\/api.w.org\/{rel}","templated":true}]}}