{"id":51820,"date":"2021-02-21T17:38:27","date_gmt":"2021-02-21T17:38:27","guid":{"rendered":"https:\/\/www.autonvaraosahaku.fi\/?product=ashika-51-02-210-jarrupalat"},"modified":"2021-02-21T17:38:31","modified_gmt":"2021-02-21T17:38:31","slug":"ashika-51-02-210-jarrupalat","status":"publish","type":"product","link":"https:\/\/www.autonvaraosahaku.fi\/?product=ashika-51-02-210-jarrupalat","title":{"rendered":"ASHIKA 51-02-210 Jarrupalat"},"content":{"rendered":"<p>Asennuspuoli: Taka-akseli; Jarrutyyppi: Levyjarru; Pituus (mm): 116,2; Korkeus (mm): 44; Paksuus [mm]: 15; WVA-numero: 21947; Tarkistuskilpi: ECE R90 APPROVED; M\u00e4\u00e4r\u00e4yksikk\u00f6: Akselisarja; Varustelumahdollisuudet: V88W; TOYOTA: LAND CRUISER KDJ12_, GRJ12_,LAND CRUISER 90 _J9_,LAND CRUISER PZJ7_, KZJ7_, HZJ7_, BJ7_, LJ7_, RJ7_,LAND CRUISER 80 _J8_,LAND CRUISER 150 KDJ15_, GRJ15_,LAND CRUISER Hardtop _J7_; MITSUBISHI: PAJERO IV V8_W, V9_W; 0446560010, 0446660020, 0446660050, 0446660080, 0446660090, 0446660140, 4605A458, 0446560010, 0446614140, 0446660010, 0446660020, 0446660040, 0446660050, 0446660060, 0446660080, 0446660090, 0446660140, 04466YZZC8, 0449214070, 0449214071, 0449260010, 0449260020, 446660080, 4605A389; Jarrupalasarja,Jarrupala, Levyjarru<\/p>\n","protected":false},"excerpt":{"rendered":"<p>ASHIKA Jarrupalat 51-02-210 Jarrupalasarja,Jarrupala, Levyjarru TOYOTA,MITSUBISHI,LAND CRUISER KDJ12_, GRJ12_,LAND CRUISER 90 _J9_<\/p>\n","protected":false},"featured_media":0,"template":"","meta":{"site-sidebar-layout":"default","site-content-layout":"default","ast-global-header-display":"","ast-main-header-display":"","ast-hfb-above-header-display":"","ast-hfb-below-header-display":"","ast-hfb-mobile-header-display":"","site-post-title":"","ast-breadcrumbs-content":"","ast-featured-img":"","footer-sml-layout":"","theme-transparent-header-meta":"","adv-header-id-meta":"","stick-header-meta":"","header-above-stick-meta":"","header-main-stick-meta":"","header-below-stick-meta":""},"pwb-brand":[102],"product_cat":[100],"product_tag":[],"class_list":{"0":"post-51820","1":"product","2":"type-product","3":"status-publish","5":"pwb-brand-ashika","6":"product_cat-jarrupalat","7":"desktop-align-left","8":"tablet-align-left","9":"mobile-align-left","11":"first","12":"instock","13":"product-type-external"},"brands":[{"id":102,"name":"ASHIKA","slug":"ashika"}],"_links":{"self":[{"href":"https:\/\/www.autonvaraosahaku.fi\/index.php?rest_route=\/wp\/v2\/product\/51820","targetHints":{"allow":["GET"]}}],"collection":[{"href":"https:\/\/www.autonvaraosahaku.fi\/index.php?rest_route=\/wp\/v2\/product"}],"about":[{"href":"https:\/\/www.autonvaraosahaku.fi\/index.php?rest_route=\/wp\/v2\/types\/product"}],"wp:attachment":[{"href":"https:\/\/www.autonvaraosahaku.fi\/index.php?rest_route=%2Fwp%2Fv2%2Fmedia&parent=51820"}],"wp:term":[{"taxonomy":"pwb-brand","embeddable":true,"href":"https:\/\/www.autonvaraosahaku.fi\/index.php?rest_route=%2Fwp%2Fv2%2Fpwb-brand&post=51820"},{"taxonomy":"product_cat","embeddable":true,"href":"https:\/\/www.autonvaraosahaku.fi\/index.php?rest_route=%2Fwp%2Fv2%2Fproduct_cat&post=51820"},{"taxonomy":"product_tag","embeddable":true,"href":"https:\/\/www.autonvaraosahaku.fi\/index.php?rest_route=%2Fwp%2Fv2%2Fproduct_tag&post=51820"}],"curies":[{"name":"wp","href":"https:\/\/api.w.org\/{rel}","templated":true}]}}