{"id":51876,"date":"2021-02-21T17:38:44","date_gmt":"2021-02-21T17:38:44","guid":{"rendered":"https:\/\/www.autonvaraosahaku.fi\/?product=vaico-v22-9705-pyoranpultit"},"modified":"2021-02-21T17:38:47","modified_gmt":"2021-02-21T17:38:47","slug":"vaico-v22-9705-pyoranpultit","status":"publish","type":"product","link":"https:\/\/www.autonvaraosahaku.fi\/?product=vaico-v22-9705-pyoranpultit","title":{"rendered":"VAICO V22-9705 Py\u00f6r\u00e4npultit"},"content":{"rendered":"<p>Pituus (mm): 52; Py\u00f6r\u00e4n kiinnitys: Kartiolaippa F; Kierteen pituus (mm): 17; Kierremitta: M12 x 1,25 mm; Paino [kg]: 0,08505; Pakkausleveys [cm]: 2,2; Pakkauskorkeus [mm]: 5,45; Pakkaussyvyys [cm]: 2,2; lis\u00e4tieto: CST99; Tarvittava kappalem\u00e4\u00e4r\u00e4: 12; CITRO\u00cbN: BERLINGO MF,XSARA PICASSO N68,C3 I FC_,SAXO S0, S1,BERLINGO Kasten M_,XSARA N1,XSARA Break N2,XANTIA X2,XSARA Coupe N0,XANTIA X1,AX ZA-_,XANTIA Break X2,ZX N2,BX XB-_,XM Y3,XANTIA Break X1,ZX Break N2,BX Break XB-_,C15 VD-_,XM Break Y3,C15 Kombi,XSARA Kasten; PEUGEOT: 206 Schr\u00e4gheck 2A\/C,206 CC 2D,307 SW 3H,307 3A\/C,206 SW 2E\/K,106 II 1,307 Break 3E,306 Schr\u00e4gheck 7A, 7C, N3, N5,306 Cabriolet 7D, N3, N5,406 Break 8E\/F,PARTNER Combispace 5F,106 I 1A, 1C,205 II 20A\/C,PARTNER Kasten 5,406 Coupe 8C,306 Break 7E, N3, N5,406 8B,306 7B, N3, N5,205 I Cabriolet 741B, 20D,309 II 3C, 3A,205 I 741A\/C,405 I 15B,206 Van,605 6B,405 II 4B,106 Van 1_,309 I 10C, 10A,405 II Break 4E,405 I Break 15E,205 Kasten; 540555; Py\u00f6r\u00e4nruuvi<\/p>\n","protected":false},"excerpt":{"rendered":"<p>VAICO Py\u00f6r\u00e4npultit V22-9705 Py\u00f6r\u00e4nruuvi CITRO\u00cbN,PEUGEOT,BERLINGO MF,XSARA PICASSO N68,C3 I FC_,SAXO S0, S1,BERLINGO Kasten M_,XSARA N1,XSARA Break N2<\/p>\n","protected":false},"featured_media":0,"template":"","meta":{"site-sidebar-layout":"default","site-content-layout":"default","ast-global-header-display":"","ast-main-header-display":"","ast-hfb-above-header-display":"","ast-hfb-below-header-display":"","ast-hfb-mobile-header-display":"","site-post-title":"","ast-breadcrumbs-content":"","ast-featured-img":"","footer-sml-layout":"","theme-transparent-header-meta":"","adv-header-id-meta":"","stick-header-meta":"","header-above-stick-meta":"","header-main-stick-meta":"","header-below-stick-meta":""},"pwb-brand":[330],"product_cat":[51],"product_tag":[],"class_list":{"0":"post-51876","1":"product","2":"type-product","3":"status-publish","5":"pwb-brand-vaico","6":"product_cat-pyoranpultit","7":"desktop-align-left","8":"tablet-align-left","9":"mobile-align-left","11":"first","12":"instock","13":"product-type-external"},"brands":[{"id":330,"name":"VAICO","slug":"vaico"}],"_links":{"self":[{"href":"https:\/\/www.autonvaraosahaku.fi\/index.php?rest_route=\/wp\/v2\/product\/51876","targetHints":{"allow":["GET"]}}],"collection":[{"href":"https:\/\/www.autonvaraosahaku.fi\/index.php?rest_route=\/wp\/v2\/product"}],"about":[{"href":"https:\/\/www.autonvaraosahaku.fi\/index.php?rest_route=\/wp\/v2\/types\/product"}],"wp:attachment":[{"href":"https:\/\/www.autonvaraosahaku.fi\/index.php?rest_route=%2Fwp%2Fv2%2Fmedia&parent=51876"}],"wp:term":[{"taxonomy":"pwb-brand","embeddable":true,"href":"https:\/\/www.autonvaraosahaku.fi\/index.php?rest_route=%2Fwp%2Fv2%2Fpwb-brand&post=51876"},{"taxonomy":"product_cat","embeddable":true,"href":"https:\/\/www.autonvaraosahaku.fi\/index.php?rest_route=%2Fwp%2Fv2%2Fproduct_cat&post=51876"},{"taxonomy":"product_tag","embeddable":true,"href":"https:\/\/www.autonvaraosahaku.fi\/index.php?rest_route=%2Fwp%2Fv2%2Fproduct_tag&post=51876"}],"curies":[{"name":"wp","href":"https:\/\/api.w.org\/{rel}","templated":true}]}}