{"id":51878,"date":"2021-02-21T17:38:44","date_gmt":"2021-02-21T17:38:44","guid":{"rendered":"https:\/\/www.autonvaraosahaku.fi\/?product=ate-03-0137-0172-2-kasijarrukengat"},"modified":"2021-02-21T17:38:48","modified_gmt":"2021-02-21T17:38:48","slug":"ate-03-0137-0172-2-kasijarrukengat","status":"publish","type":"product","link":"https:\/\/www.autonvaraosahaku.fi\/?product=ate-03-0137-0172-2-kasijarrukengat","title":{"rendered":"ATE 03.0137-0172.2 K\u00e4sijarrukeng\u00e4t"},"content":{"rendered":"<p>Rumpul\u00e4pimitta: 160; Leveys (mm): 25; Tarkistuskilpi: E1 90R-011043\/063; MAPP-koodi saatavilla: ; Suositellun tarvikkeen tuotenumero: 03.0137-9092.2, 03.0137-9242.2, 03.0137-9243.2; Huomioi mitat: ; Valmistusvuosi alkaen: 08\/1987; SAAB: 9-5 Kombi YS3E,9-3 YS3D,9-5 YS3E,9-3 Cabriolet YS3D,900 II Cabriolet,900 II,900 II Coupe; OPEL: OMEGA A 16_, 17_, 19_,VECTRA B 36_,ASTRA F CC 53_, 54_, 58_, 59_,OMEGA B Caravan 21_, 22_, 23_,OMEGA B 25_, 26_, 27_,VECTRA B Caravan 31_,ASTRA F Caravan 51_, 52_,CALIBRA A 85_,VECTRA B CC 38_,VECTRA A 86_, 87_,ASTRA F Cabriolet 53_B,ASTRA F 56_, 57_,KADETT E CC 33_, 34_, 43_, 44_,VECTRA A CC 88_, 89_,MONZA A 22_,SENATOR B 29_,SENATOR A 29_,OMEGA A Caravan 66_, 67_; VAUXHALL: CALIBRA,ASTRA Mk III F CC,OMEGA B,ASTRA Mk II CC,VECTRA B CC,CAVALIER Mk III 87,VECTRA B Estate,VECTRA B,CAVALIER Mk III CC,OMEGA B Estate,CARLTON Mk III; 1605686, 1605764, 1605897, 1605921, 1605938, 552152, 90063339, 90273259, 90349868, 90509606, 90512907, 90541931, 4543419, 4544326, 4836441, 4838660, 1605686, 1605764, 1605897, 1605921, 1605938, 552152, 90063339, 90273259, 90349868, 90509606, 90512907, 90541931; Jarrukenk\u00e4sarja, K\u00e4sijarru<\/p>\n","protected":false},"excerpt":{"rendered":"<p>ATE K\u00e4sijarrukeng\u00e4t 03.0137-0172.2 Jarrukenk\u00e4sarja, K\u00e4sijarru SAAB,OPEL,VAUXHALL,9-5 Kombi YS3E,9-3 YS3D,9-5 YS3E,9-3 Cabriolet YS3D,900 II Cabriolet<\/p>\n","protected":false},"featured_media":0,"template":"","meta":{"site-sidebar-layout":"default","site-content-layout":"default","ast-global-header-display":"","ast-main-header-display":"","ast-hfb-above-header-display":"","ast-hfb-below-header-display":"","ast-hfb-mobile-header-display":"","site-post-title":"","ast-breadcrumbs-content":"","ast-featured-img":"","footer-sml-layout":"","theme-transparent-header-meta":"","adv-header-id-meta":"","stick-header-meta":"","header-above-stick-meta":"","header-main-stick-meta":"","header-below-stick-meta":""},"pwb-brand":[108],"product_cat":[236],"product_tag":[],"class_list":{"0":"post-51878","1":"product","2":"type-product","3":"status-publish","5":"pwb-brand-ate","6":"product_cat-kasijarrukengat","7":"desktop-align-left","8":"tablet-align-left","9":"mobile-align-left","11":"first","12":"instock","13":"product-type-external"},"brands":[{"id":108,"name":"ATE","slug":"ate"}],"_links":{"self":[{"href":"https:\/\/www.autonvaraosahaku.fi\/index.php?rest_route=\/wp\/v2\/product\/51878","targetHints":{"allow":["GET"]}}],"collection":[{"href":"https:\/\/www.autonvaraosahaku.fi\/index.php?rest_route=\/wp\/v2\/product"}],"about":[{"href":"https:\/\/www.autonvaraosahaku.fi\/index.php?rest_route=\/wp\/v2\/types\/product"}],"wp:attachment":[{"href":"https:\/\/www.autonvaraosahaku.fi\/index.php?rest_route=%2Fwp%2Fv2%2Fmedia&parent=51878"}],"wp:term":[{"taxonomy":"pwb-brand","embeddable":true,"href":"https:\/\/www.autonvaraosahaku.fi\/index.php?rest_route=%2Fwp%2Fv2%2Fpwb-brand&post=51878"},{"taxonomy":"product_cat","embeddable":true,"href":"https:\/\/www.autonvaraosahaku.fi\/index.php?rest_route=%2Fwp%2Fv2%2Fproduct_cat&post=51878"},{"taxonomy":"product_tag","embeddable":true,"href":"https:\/\/www.autonvaraosahaku.fi\/index.php?rest_route=%2Fwp%2Fv2%2Fproduct_tag&post=51878"}],"curies":[{"name":"wp","href":"https:\/\/api.w.org\/{rel}","templated":true}]}}