{"id":51881,"date":"2021-02-21T17:38:44","date_gmt":"2021-02-21T17:38:44","guid":{"rendered":"https:\/\/www.autonvaraosahaku.fi\/?product=hella-6zl-003-259-211-oljynpaineanturi"},"modified":"2021-02-21T17:38:48","modified_gmt":"2021-02-21T17:38:48","slug":"hella-6zl-003-259-211-oljynpaineanturi","status":"publish","type":"product","link":"https:\/\/www.autonvaraosahaku.fi\/?product=hella-6zl-003-259-211-oljynpaineanturi","title":{"rendered":"HELLA 6ZL 003 259-211 \u00d6ljynpaineanturi"},"content":{"rendered":"<p>Paine alkaen (bar): 1,8; Paine asti (bar): 2,2; Nimellisj\u00e4nnite (V): 12; Liittimi\u00e4: 1; Kiristysmomentti: 40; V\u00e4ri vastaa alkuper\u00e4isosaa: Sininen; Kierremitta: M10x1; Kytkent\u00e4paine (bar): 2,0; Yhdistelm\u00e4kytkintoiminto: Avaaja; Avainv\u00e4li: 24; Virta (A): 0,25; Asennuspuoli: hinten; OPEL: CORSA D,CORSA C F08, F68,ZAFIRA B A05,ASTRA H Caravan L35,MERIVA,ZAFIRA A F75_,ASTRA G CC F48_, F08_,ASTRA H L48,ASTRA J Sports Tourer,ASTRA G Caravan F35_,VECTRA C Caravan,ASTRA J,ASTRA H GTC L08,SIGNUM,VECTRA C,AGILA A H00,ZAFIRA TOURER C P12,MOKKA,VECTRA C GTS,ASTRA H TwinTop L67,ASTRA G Cabriolet F67,ASTRA G Coupe F07_,COMBO Kasten\/Kombi,ASTRA G Stufenheck F69_,ZAFIRA B Van,ASTRA GTC J,COMBO Tour,CORSA D Van,CASCADA W13,CORSA C Kasten F08, W5L,ASTRA H Stufenheck L69,ASTRA H Kasten L70,ASTRA G Kasten F70,ASTRA G CLASSIC Caravan F35,ASTRA CLASSIC Caravan,ASTRA G CLASSIC T98,ASTRA CLASSIC L48,ASTRA CLASSIC Stufenheck; LANCIA: YPSILON 843,YPSILON 312, 846; FIAT: 500 312,STILO 192,FREEMONT JF_,500 C 312,STILO Multi Wagon 192,DOBLO Kasten\/Kombi 263,PUNTO 199,PANDA 312,QUBO 225,500L,DOBLO Gro\u00dfraumlimousine 152, 263,FIORINO Kasten\/Kombi 225,DOBLO Pritsche\/Fahrgestell 263,500X,TIPO Schr\u00e4gheck 356_,PANDA VAN 312,TIPO Kombi 356_,TIPO Stufenheck 356_; ALFA ROMEO: 159 Sportwagon 939,GIULIETTA 940,MITO 955,159 939; VAUXHALL: CORSA Mk III D L_8,ZAFIRA Mk II B M75,ASTRA Mk V H CC,VECTRA Mk II C CC,CORSA Mk II C W5L, F08,ASTRA Mk V H Estate,ZAFIRA Mk III P12,VECTRA Mk II C Estate,ASTRA Mk V H Convertible,VECTRA Mk II C,ASTRA Mk VI J,SIGNUM,MERIVA Mk I A,CORSAVAN Mk II C,CORSAVAN Mk III D,AGILA Mk I A,ASTRA Mk VI J Estate,ASTRAVAN Mk IV G,MOKKA,ASTRAVAN Mk V H,ASTRA Mk IV G Coupe F67,COMBO TOUR Mk II C F25,COMBO Mk II C Kasten\/Kombi F25,ASTRA Mk IV G Estate,ASTRA Mk IV G Convertible; 55233423, K68096437AA, 55233423, K68096437AA, 55233423, K68096437AA, 55233423, K68096437AA, 1252555, 2446131, 24461315, 5535432, 55354325, 6240262, 2446131, 24461315, 5535432, 55354325, 6240262; \u00d6ljynpainekytkin<\/p>\n","protected":false},"excerpt":{"rendered":"<p>HELLA \u00d6ljynpaineanturi 6ZL 003 259-211 \u00d6ljynpainekytkin OPEL,LANCIA,FIAT,CORSA D,CORSA C F08, F68,ZAFIRA B A05,ASTRA H Caravan L35,MERIVA<\/p>\n","protected":false},"featured_media":0,"template":"","meta":{"site-sidebar-layout":"default","site-content-layout":"default","ast-global-header-display":"","ast-main-header-display":"","ast-hfb-above-header-display":"","ast-hfb-below-header-display":"","ast-hfb-mobile-header-display":"","site-post-title":"","ast-breadcrumbs-content":"","ast-featured-img":"","footer-sml-layout":"","theme-transparent-header-meta":"","adv-header-id-meta":"","stick-header-meta":"","header-above-stick-meta":"","header-main-stick-meta":"","header-below-stick-meta":""},"pwb-brand":[24],"product_cat":[235],"product_tag":[],"class_list":{"0":"post-51881","1":"product","2":"type-product","3":"status-publish","5":"pwb-brand-hella","6":"product_cat-oljynpaineanturi","7":"desktop-align-left","8":"tablet-align-left","9":"mobile-align-left","11":"first","12":"instock","13":"product-type-external"},"brands":[{"id":24,"name":"HELLA","slug":"hella"}],"_links":{"self":[{"href":"https:\/\/www.autonvaraosahaku.fi\/index.php?rest_route=\/wp\/v2\/product\/51881","targetHints":{"allow":["GET"]}}],"collection":[{"href":"https:\/\/www.autonvaraosahaku.fi\/index.php?rest_route=\/wp\/v2\/product"}],"about":[{"href":"https:\/\/www.autonvaraosahaku.fi\/index.php?rest_route=\/wp\/v2\/types\/product"}],"wp:attachment":[{"href":"https:\/\/www.autonvaraosahaku.fi\/index.php?rest_route=%2Fwp%2Fv2%2Fmedia&parent=51881"}],"wp:term":[{"taxonomy":"pwb-brand","embeddable":true,"href":"https:\/\/www.autonvaraosahaku.fi\/index.php?rest_route=%2Fwp%2Fv2%2Fpwb-brand&post=51881"},{"taxonomy":"product_cat","embeddable":true,"href":"https:\/\/www.autonvaraosahaku.fi\/index.php?rest_route=%2Fwp%2Fv2%2Fproduct_cat&post=51881"},{"taxonomy":"product_tag","embeddable":true,"href":"https:\/\/www.autonvaraosahaku.fi\/index.php?rest_route=%2Fwp%2Fv2%2Fproduct_tag&post=51881"}],"curies":[{"name":"wp","href":"https:\/\/api.w.org\/{rel}","templated":true}]}}