{"id":51910,"date":"2021-02-21T17:38:55","date_gmt":"2021-02-21T17:38:55","guid":{"rendered":"https:\/\/www.autonvaraosahaku.fi\/?product=stabilus-322175-takaluukun-kaasujousi"},"modified":"2021-02-21T17:38:57","modified_gmt":"2021-02-21T17:38:57","slug":"stabilus-322175-takaluukun-kaasujousi","status":"publish","type":"product","link":"https:\/\/www.autonvaraosahaku.fi\/?product=stabilus-322175-takaluukun-kaasujousi","title":{"rendered":"STABILUS 322175 Takaluukun kaasujousi"},"content":{"rendered":"<p>Ty\u00f6nt\u00f6voima [N]: 710; Pituus (mm): 522,5; Isku (mm): 148; Lis\u00e4tarvike\/lis\u00e4tieto: Ulkopuolisella jousella; Tuotelinja: \/\/  LIFT-O-MAT\u00ae; Asennuspuoli: Fahrzeugheckklappe; BMW: X5 E70; 51247177283, 51247294199; Kaasujousi, Tavaratila<\/p>\n","protected":false},"excerpt":{"rendered":"<p>STABILUS Takaluukun Kaasujousi 322175 Kaasujousi, Tavaratila BMW,X5 E70<\/p>\n","protected":false},"featured_media":0,"template":"","meta":{"site-sidebar-layout":"default","site-content-layout":"default","ast-global-header-display":"","ast-main-header-display":"","ast-hfb-above-header-display":"","ast-hfb-below-header-display":"","ast-hfb-mobile-header-display":"","site-post-title":"","ast-breadcrumbs-content":"","ast-featured-img":"","footer-sml-layout":"","theme-transparent-header-meta":"","adv-header-id-meta":"","stick-header-meta":"","header-above-stick-meta":"","header-main-stick-meta":"","header-below-stick-meta":""},"pwb-brand":[218],"product_cat":[59],"product_tag":[],"class_list":{"0":"post-51910","1":"product","2":"type-product","3":"status-publish","5":"pwb-brand-stabilus","6":"product_cat-takaluukun-kaasujousi","7":"desktop-align-left","8":"tablet-align-left","9":"mobile-align-left","11":"first","12":"instock","13":"product-type-external"},"brands":[{"id":218,"name":"STABILUS","slug":"stabilus"}],"_links":{"self":[{"href":"https:\/\/www.autonvaraosahaku.fi\/index.php?rest_route=\/wp\/v2\/product\/51910","targetHints":{"allow":["GET"]}}],"collection":[{"href":"https:\/\/www.autonvaraosahaku.fi\/index.php?rest_route=\/wp\/v2\/product"}],"about":[{"href":"https:\/\/www.autonvaraosahaku.fi\/index.php?rest_route=\/wp\/v2\/types\/product"}],"wp:attachment":[{"href":"https:\/\/www.autonvaraosahaku.fi\/index.php?rest_route=%2Fwp%2Fv2%2Fmedia&parent=51910"}],"wp:term":[{"taxonomy":"pwb-brand","embeddable":true,"href":"https:\/\/www.autonvaraosahaku.fi\/index.php?rest_route=%2Fwp%2Fv2%2Fpwb-brand&post=51910"},{"taxonomy":"product_cat","embeddable":true,"href":"https:\/\/www.autonvaraosahaku.fi\/index.php?rest_route=%2Fwp%2Fv2%2Fproduct_cat&post=51910"},{"taxonomy":"product_tag","embeddable":true,"href":"https:\/\/www.autonvaraosahaku.fi\/index.php?rest_route=%2Fwp%2Fv2%2Fproduct_tag&post=51910"}],"curies":[{"name":"wp","href":"https:\/\/api.w.org\/{rel}","templated":true}]}}