{"id":51974,"date":"2021-02-21T17:39:13","date_gmt":"2021-02-21T17:39:13","guid":{"rendered":"https:\/\/www.autonvaraosahaku.fi\/?product=lobro-302663-vetonivelen-suojakumi"},"modified":"2021-02-21T17:39:15","modified_gmt":"2021-02-21T17:39:15","slug":"lobro-302663-vetonivelen-suojakumi","status":"publish","type":"product","link":"https:\/\/www.autonvaraosahaku.fi\/?product=lobro-302663-vetonivelen-suojakumi","title":{"rendered":"L\u00d6BRO 302663 Vetonivelen suojakumi"},"content":{"rendered":"<p>Sis\u00e4l\u00e4pimitta 1 [mm]: 17; Sis\u00e4l\u00e4pimitta 2 [mm]: 80; Korkeus (mm): 112,00; Paljekumin materiaali: NBR (nitriili-butadi-kumi); Uusi osa: ; Asennuspuoli: getriebeseitig; RENAULT: TWINGO I C06_,MEGANE I BA0\/1_,CLIO I B\/C57_, 5\/357_,TWINGO I Kasten S06_,4 112_,MEGANE I Coach DA0\/1_,SUPER 5 B\/C40_,5 122_,RAPID Kasten F40_, G40_,4 Kasten R21_, R23_,9 L42_,12,11 B\/C37_,CLIO I Kasten S57_,6 118_,18 134_,11 Kasten S37_,17,18 Variable 135_,5 Kasten 238_,FUEGO 136_,12 Variable 117_,RODEO 6,15 130_,18 Kasten,12 Kasten,EXPRESS Pick-up,SUPER 5 Kasten S40_,RODEO 4,RODEO 5,EXPRESS Kasten\/Kombi; 7701450617, 7701469389<\/p>\n","protected":false},"excerpt":{"rendered":"<p>L\u00d6BRO Paljekumisarja, Vetoakseli 302663  RENAULT,TWINGO I C06_,MEGANE I BA0\/1_,CLIO I B\/C57_, 5\/357_,TWINGO I Kasten S06_,4 112_,MEGANE I Coach DA0\/1_<\/p>\n","protected":false},"featured_media":0,"template":"","meta":{"site-sidebar-layout":"default","site-content-layout":"default","ast-global-header-display":"","ast-main-header-display":"","ast-hfb-above-header-display":"","ast-hfb-below-header-display":"","ast-hfb-mobile-header-display":"","site-post-title":"","ast-breadcrumbs-content":"","ast-featured-img":"","footer-sml-layout":"","theme-transparent-header-meta":"","adv-header-id-meta":"","stick-header-meta":"","header-above-stick-meta":"","header-main-stick-meta":"","header-below-stick-meta":""},"pwb-brand":[272],"product_cat":[42],"product_tag":[],"class_list":{"0":"post-51974","1":"product","2":"type-product","3":"status-publish","5":"pwb-brand-lobro","6":"product_cat-vetonivelen-suojakumi","7":"desktop-align-left","8":"tablet-align-left","9":"mobile-align-left","11":"first","12":"instock","13":"product-type-external"},"brands":[{"id":272,"name":"L\u00d6BRO","slug":"lobro"}],"_links":{"self":[{"href":"https:\/\/www.autonvaraosahaku.fi\/index.php?rest_route=\/wp\/v2\/product\/51974","targetHints":{"allow":["GET"]}}],"collection":[{"href":"https:\/\/www.autonvaraosahaku.fi\/index.php?rest_route=\/wp\/v2\/product"}],"about":[{"href":"https:\/\/www.autonvaraosahaku.fi\/index.php?rest_route=\/wp\/v2\/types\/product"}],"wp:attachment":[{"href":"https:\/\/www.autonvaraosahaku.fi\/index.php?rest_route=%2Fwp%2Fv2%2Fmedia&parent=51974"}],"wp:term":[{"taxonomy":"pwb-brand","embeddable":true,"href":"https:\/\/www.autonvaraosahaku.fi\/index.php?rest_route=%2Fwp%2Fv2%2Fpwb-brand&post=51974"},{"taxonomy":"product_cat","embeddable":true,"href":"https:\/\/www.autonvaraosahaku.fi\/index.php?rest_route=%2Fwp%2Fv2%2Fproduct_cat&post=51974"},{"taxonomy":"product_tag","embeddable":true,"href":"https:\/\/www.autonvaraosahaku.fi\/index.php?rest_route=%2Fwp%2Fv2%2Fproduct_tag&post=51974"}],"curies":[{"name":"wp","href":"https:\/\/api.w.org\/{rel}","templated":true}]}}