{"id":51992,"date":"2021-02-21T17:39:19","date_gmt":"2021-02-21T17:39:19","guid":{"rendered":"https:\/\/www.autonvaraosahaku.fi\/?product=jp-group-3214100200-vesipumppu"},"modified":"2021-02-21T17:39:21","modified_gmt":"2021-02-21T17:39:21","slug":"jp-group-3214100200-vesipumppu","status":"publish","type":"product","link":"https:\/\/www.autonvaraosahaku.fi\/?product=jp-group-3214100200-vesipumppu","title":{"rendered":"JP GROUP 3214100200 Vesipumppu"},"content":{"rendered":"<p>K\u00e4ytt\u00f6: Mekaaninen; Moottorinumero: B12D1; CHEVROLET: MATIZ M200, M250,AVEO Schr\u00e4gheck T250, T255,AVEO Schr\u00e4gheck T300,AVEO Stufenheck T250, T255,AVEO Stufenheck T300,SPARK M200 M250,SPARK M150,AVEO Schr\u00e4gheck T200; DAEWOO: KALOS KLAS,MATIZ KLYA,MATIZ Kasten KLA4,TICO KLY3; 17400A60D01, 25194440, 96518977, 96563958, 96666219, 96666221, 17400A60D01, 94599007, 94599008, 96518977, 96563958, 96666219, 96666221, 1740050810, 1740050811, 1740050812, 1740050813, 1740060D01, 1740061810, 1740070B00, AZ1215010A, AZ1215010B, AZ1315010A<\/p>\n","protected":false},"excerpt":{"rendered":"<p>JP GROUP Vesipumppu JP Group 3214100200  CHEVROLET,DAEWOO,MATIZ M200, M250,AVEO Schr\u00e4gheck T250, T255,AVEO Schr\u00e4gheck T300,AVEO Stufenheck T250, T255<\/p>\n","protected":false},"featured_media":0,"template":"","meta":{"site-sidebar-layout":"default","site-content-layout":"default","ast-global-header-display":"","ast-main-header-display":"","ast-hfb-above-header-display":"","ast-hfb-below-header-display":"","ast-hfb-mobile-header-display":"","site-post-title":"","ast-breadcrumbs-content":"","ast-featured-img":"","footer-sml-layout":"","theme-transparent-header-meta":"","adv-header-id-meta":"","stick-header-meta":"","header-above-stick-meta":"","header-main-stick-meta":"","header-below-stick-meta":""},"pwb-brand":[131],"product_cat":[279],"product_tag":[],"class_list":{"0":"post-51992","1":"product","2":"type-product","3":"status-publish","5":"pwb-brand-jp-group","6":"product_cat-vesipumppu","7":"desktop-align-left","8":"tablet-align-left","9":"mobile-align-left","11":"first","12":"instock","13":"product-type-external"},"brands":[{"id":131,"name":"JP GROUP","slug":"jp-group"}],"_links":{"self":[{"href":"https:\/\/www.autonvaraosahaku.fi\/index.php?rest_route=\/wp\/v2\/product\/51992","targetHints":{"allow":["GET"]}}],"collection":[{"href":"https:\/\/www.autonvaraosahaku.fi\/index.php?rest_route=\/wp\/v2\/product"}],"about":[{"href":"https:\/\/www.autonvaraosahaku.fi\/index.php?rest_route=\/wp\/v2\/types\/product"}],"wp:attachment":[{"href":"https:\/\/www.autonvaraosahaku.fi\/index.php?rest_route=%2Fwp%2Fv2%2Fmedia&parent=51992"}],"wp:term":[{"taxonomy":"pwb-brand","embeddable":true,"href":"https:\/\/www.autonvaraosahaku.fi\/index.php?rest_route=%2Fwp%2Fv2%2Fpwb-brand&post=51992"},{"taxonomy":"product_cat","embeddable":true,"href":"https:\/\/www.autonvaraosahaku.fi\/index.php?rest_route=%2Fwp%2Fv2%2Fproduct_cat&post=51992"},{"taxonomy":"product_tag","embeddable":true,"href":"https:\/\/www.autonvaraosahaku.fi\/index.php?rest_route=%2Fwp%2Fv2%2Fproduct_tag&post=51992"}],"curies":[{"name":"wp","href":"https:\/\/api.w.org\/{rel}","templated":true}]}}