{"id":52000,"date":"2021-02-21T17:39:19","date_gmt":"2021-02-21T17:39:19","guid":{"rendered":"https:\/\/www.autonvaraosahaku.fi\/?product=vegaz-ufr-178erns-pakoputken-jousto"},"modified":"2021-02-21T17:39:23","modified_gmt":"2021-02-21T17:39:23","slug":"vegaz-ufr-178erns-pakoputken-jousto","status":"publish","type":"product","link":"https:\/\/www.autonvaraosahaku.fi\/?product=vegaz-ufr-178erns-pakoputken-jousto","title":{"rendered":"VEGAZ UFR-178ERNS Pakoputken jousto"},"content":{"rendered":"<p>Putki-\u00d8 (mm): 60; Lis\u00e4tarvike\/lis\u00e4tieto: Putken muhvilla; Sis\u00e4l\u00e4pimitta [mm]: 60; Ulkol\u00e4pimitta [mm]: 90; Pituus (mm): 116; Kokonaispituus (mm): 220; Materiaali: Ruostumaton ter\u00e4s; Erittely: Interlock; AUDI: A4 8D2, B5,A4 Avant 8D5, B5; MERCEDES-BENZ: E-CLASS W210; CHRYSLER: VOYAGER IV RG, RS; BMW: 3 E46,3 Touring E91,3 E90,5 E60,1 E87,5 Touring E61,3 Touring E46,3 Compact E46,3 Coupe E46,1 E81,3 Coupe E92,3 Cabriolet E93,1 Cabriolet E88,1 Coupe E82; PEUGEOT: 206 CC 2D,406 Break 8E\/F,406 Coupe 8C,406 8B<\/p>\n","protected":false},"excerpt":{"rendered":"<p>VEGAZ Joustoputki, Pakoputkisto UFR-178ERNS  AUDI,MERCEDES-BENZ,CHRYSLER,A4 8D2, B5,A4 Avant 8D5, B5,E-CLASS W210,VOYAGER IV RG, RS,3 E46<\/p>\n","protected":false},"featured_media":0,"template":"","meta":{"site-sidebar-layout":"default","site-content-layout":"default","ast-global-header-display":"","ast-main-header-display":"","ast-hfb-above-header-display":"","ast-hfb-below-header-display":"","ast-hfb-mobile-header-display":"","site-post-title":"","ast-breadcrumbs-content":"","ast-featured-img":"","footer-sml-layout":"","theme-transparent-header-meta":"","adv-header-id-meta":"","stick-header-meta":"","header-above-stick-meta":"","header-main-stick-meta":"","header-below-stick-meta":""},"pwb-brand":[306],"product_cat":[17],"product_tag":[],"class_list":{"0":"post-52000","1":"product","2":"type-product","3":"status-publish","5":"pwb-brand-vegaz","6":"product_cat-pakoputken-jousto","7":"desktop-align-left","8":"tablet-align-left","9":"mobile-align-left","11":"first","12":"instock","13":"product-type-external"},"brands":[{"id":306,"name":"VEGAZ","slug":"vegaz"}],"_links":{"self":[{"href":"https:\/\/www.autonvaraosahaku.fi\/index.php?rest_route=\/wp\/v2\/product\/52000","targetHints":{"allow":["GET"]}}],"collection":[{"href":"https:\/\/www.autonvaraosahaku.fi\/index.php?rest_route=\/wp\/v2\/product"}],"about":[{"href":"https:\/\/www.autonvaraosahaku.fi\/index.php?rest_route=\/wp\/v2\/types\/product"}],"wp:attachment":[{"href":"https:\/\/www.autonvaraosahaku.fi\/index.php?rest_route=%2Fwp%2Fv2%2Fmedia&parent=52000"}],"wp:term":[{"taxonomy":"pwb-brand","embeddable":true,"href":"https:\/\/www.autonvaraosahaku.fi\/index.php?rest_route=%2Fwp%2Fv2%2Fpwb-brand&post=52000"},{"taxonomy":"product_cat","embeddable":true,"href":"https:\/\/www.autonvaraosahaku.fi\/index.php?rest_route=%2Fwp%2Fv2%2Fproduct_cat&post=52000"},{"taxonomy":"product_tag","embeddable":true,"href":"https:\/\/www.autonvaraosahaku.fi\/index.php?rest_route=%2Fwp%2Fv2%2Fproduct_tag&post=52000"}],"curies":[{"name":"wp","href":"https:\/\/api.w.org\/{rel}","templated":true}]}}