{"id":52007,"date":"2021-02-21T17:39:25","date_gmt":"2021-02-21T17:39:25","guid":{"rendered":"https:\/\/www.autonvaraosahaku.fi\/?product=jp-group-4140601300-kallistuksenvakaajan-puslat"},"modified":"2021-02-21T17:39:26","modified_gmt":"2021-02-21T17:39:26","slug":"jp-group-4140601300-kallistuksenvakaajan-puslat","status":"publish","type":"product","link":"https:\/\/www.autonvaraosahaku.fi\/?product=jp-group-4140601300-kallistuksenvakaajan-puslat","title":{"rendered":"JP GROUP 4140601300 Kallistuksenvakaajan puslat"},"content":{"rendered":"<p>Asennuspuoli: etuakseli molemminpuoleinen, Ulompi; Sis\u00e4l\u00e4pimitta [mm]: 19; CITRO\u00cbN: SAXO S0, S1,AX ZA-_; PEUGEOT: 106 II 1,106 I 1A, 1C,106 Van 1_; 509459, 509459; Kallistuksenvakaajan Kumit,Vakaajan Hela<\/p>\n","protected":false},"excerpt":{"rendered":"<p>JP GROUP Kallistuksenvakaajan Puslat JP Group 4140601300 Kallistuksenvakaajan Kumit,Vakaajan Hela CITRO\u00cbN,PEUGEOT,SAXO S0, S1,AX ZA-_,106 II 1<\/p>\n","protected":false},"featured_media":0,"template":"","meta":{"site-sidebar-layout":"default","site-content-layout":"default","ast-global-header-display":"","ast-main-header-display":"","ast-hfb-above-header-display":"","ast-hfb-below-header-display":"","ast-hfb-mobile-header-display":"","site-post-title":"","ast-breadcrumbs-content":"","ast-featured-img":"","footer-sml-layout":"","theme-transparent-header-meta":"","adv-header-id-meta":"","stick-header-meta":"","header-above-stick-meta":"","header-main-stick-meta":"","header-below-stick-meta":""},"pwb-brand":[131],"product_cat":[82],"product_tag":[],"class_list":{"0":"post-52007","1":"product","2":"type-product","3":"status-publish","5":"pwb-brand-jp-group","6":"product_cat-kallistuksenvakaajan-puslat","7":"desktop-align-left","8":"tablet-align-left","9":"mobile-align-left","11":"first","12":"instock","13":"product-type-external"},"brands":[{"id":131,"name":"JP GROUP","slug":"jp-group"}],"_links":{"self":[{"href":"https:\/\/www.autonvaraosahaku.fi\/index.php?rest_route=\/wp\/v2\/product\/52007","targetHints":{"allow":["GET"]}}],"collection":[{"href":"https:\/\/www.autonvaraosahaku.fi\/index.php?rest_route=\/wp\/v2\/product"}],"about":[{"href":"https:\/\/www.autonvaraosahaku.fi\/index.php?rest_route=\/wp\/v2\/types\/product"}],"wp:attachment":[{"href":"https:\/\/www.autonvaraosahaku.fi\/index.php?rest_route=%2Fwp%2Fv2%2Fmedia&parent=52007"}],"wp:term":[{"taxonomy":"pwb-brand","embeddable":true,"href":"https:\/\/www.autonvaraosahaku.fi\/index.php?rest_route=%2Fwp%2Fv2%2Fpwb-brand&post=52007"},{"taxonomy":"product_cat","embeddable":true,"href":"https:\/\/www.autonvaraosahaku.fi\/index.php?rest_route=%2Fwp%2Fv2%2Fproduct_cat&post=52007"},{"taxonomy":"product_tag","embeddable":true,"href":"https:\/\/www.autonvaraosahaku.fi\/index.php?rest_route=%2Fwp%2Fv2%2Fproduct_tag&post=52007"}],"curies":[{"name":"wp","href":"https:\/\/api.w.org\/{rel}","templated":true}]}}