{"id":52032,"date":"2021-02-21T17:39:30","date_gmt":"2021-02-21T17:39:30","guid":{"rendered":"https:\/\/www.autonvaraosahaku.fi\/?product=diederichs-1616024-sivupeilin-lasi"},"modified":"2021-02-21T17:39:33","modified_gmt":"2021-02-21T17:39:33","slug":"diederichs-1616024-sivupeilin-lasi","status":"publish","type":"product","link":"https:\/\/www.autonvaraosahaku.fi\/?product=diederichs-1616024-sivupeilin-lasi","title":{"rendered":"DIEDERICHS 1616024 Sivupeilin lasi"},"content":{"rendered":"<p>Asennuspuoli: Oikea; Ulko-\/sis\u00e4peili: L\u00e4mmitetty, Asf\u00e4\u00e4rinen; Rekister\u00f6ity tyyppi: E-hyv\u00e4ksytty; MERCEDES-BENZ: C-CLASS W204,C-CLASS T-Model S204,E-CLASS W212,B-CLASS W246, W242,E-CLASS T-Model S212,GLK-CLASS X204,A-CLASS W176,E-CLASS Coupe C207,CLA Coupe C117,E-CLASS Cabriolet A207,CLS C218,S-CLASS Coupe C216,GLA-CLASS X156; 2128101721, 2128102521, 2468100221; Peililasi, Ulkopeili<\/p>\n","protected":false},"excerpt":{"rendered":"<p>DIEDERICHS Sivupeilin Lasi 1616024 Peililasi, Ulkopeili MERCEDES-BENZ,C-CLASS W204,C-CLASS T-Model S204,E-CLASS W212,B-CLASS W246, W242<\/p>\n","protected":false},"featured_media":0,"template":"","meta":{"site-sidebar-layout":"default","site-content-layout":"default","ast-global-header-display":"","ast-main-header-display":"","ast-hfb-above-header-display":"","ast-hfb-below-header-display":"","ast-hfb-mobile-header-display":"","site-post-title":"","ast-breadcrumbs-content":"","ast-featured-img":"","footer-sml-layout":"","theme-transparent-header-meta":"","adv-header-id-meta":"","stick-header-meta":"","header-above-stick-meta":"","header-main-stick-meta":"","header-below-stick-meta":""},"pwb-brand":[227],"product_cat":[196],"product_tag":[],"class_list":{"0":"post-52032","1":"product","2":"type-product","3":"status-publish","5":"pwb-brand-diederichs","6":"product_cat-sivupeilin-lasi","7":"desktop-align-left","8":"tablet-align-left","9":"mobile-align-left","11":"first","12":"instock","13":"product-type-external"},"brands":[{"id":227,"name":"DIEDERICHS","slug":"diederichs"}],"_links":{"self":[{"href":"https:\/\/www.autonvaraosahaku.fi\/index.php?rest_route=\/wp\/v2\/product\/52032","targetHints":{"allow":["GET"]}}],"collection":[{"href":"https:\/\/www.autonvaraosahaku.fi\/index.php?rest_route=\/wp\/v2\/product"}],"about":[{"href":"https:\/\/www.autonvaraosahaku.fi\/index.php?rest_route=\/wp\/v2\/types\/product"}],"wp:attachment":[{"href":"https:\/\/www.autonvaraosahaku.fi\/index.php?rest_route=%2Fwp%2Fv2%2Fmedia&parent=52032"}],"wp:term":[{"taxonomy":"pwb-brand","embeddable":true,"href":"https:\/\/www.autonvaraosahaku.fi\/index.php?rest_route=%2Fwp%2Fv2%2Fpwb-brand&post=52032"},{"taxonomy":"product_cat","embeddable":true,"href":"https:\/\/www.autonvaraosahaku.fi\/index.php?rest_route=%2Fwp%2Fv2%2Fproduct_cat&post=52032"},{"taxonomy":"product_tag","embeddable":true,"href":"https:\/\/www.autonvaraosahaku.fi\/index.php?rest_route=%2Fwp%2Fv2%2Fproduct_tag&post=52032"}],"curies":[{"name":"wp","href":"https:\/\/api.w.org\/{rel}","templated":true}]}}