{"id":52060,"date":"2021-02-21T17:39:36","date_gmt":"2021-02-21T17:39:36","guid":{"rendered":"https:\/\/www.autonvaraosahaku.fi\/?product=filtron-op-519-oljynsuodatin"},"modified":"2021-02-21T17:39:40","modified_gmt":"2021-02-21T17:39:40","slug":"filtron-op-519-oljynsuodatin","status":"publish","type":"product","link":"https:\/\/www.autonvaraosahaku.fi\/?product=filtron-op-519-oljynsuodatin","title":{"rendered":"FILTRON OP 519 \u00d6ljynsuodatin"},"content":{"rendered":"<p>Korkeus (mm): 133; Kierremitta: 5\/8-18 UNF; Ulkol\u00e4pimitta [mm]: 93; Sis\u00e4l\u00e4pimitta 1 [mm]: 72; Sis\u00e4l\u00e4pimitta 2 [mm]: 61; FIAT: 1500 Cabriolet,1500-2300; P3, PR, SN, X520, 1200698, 4026075, 4062075, 4077629, 4083490, 4107775, 4116364, 4200698, 72166000, 74512207, 8812739, 1498030, A700X6714UA, 11322400890, 290654930, 2906549300, 894169779, 8941697790, 8941697791, 8941697792, 8943162281, 894360419, 8943604190, 8943604191, 89436049191, 943604191, 990936, 5574639, 5574641<\/p>\n","protected":false},"excerpt":{"rendered":"<p>FILTRON \u00d6ljynsuodatin OP 519  FIAT,1500 Cabriolet,1500-2300<\/p>\n","protected":false},"featured_media":0,"template":"","meta":{"site-sidebar-layout":"default","site-content-layout":"default","ast-global-header-display":"","ast-main-header-display":"","ast-hfb-above-header-display":"","ast-hfb-below-header-display":"","ast-hfb-mobile-header-display":"","site-post-title":"","ast-breadcrumbs-content":"","ast-featured-img":"","footer-sml-layout":"","theme-transparent-header-meta":"","adv-header-id-meta":"","stick-header-meta":"","header-above-stick-meta":"","header-main-stick-meta":"","header-below-stick-meta":""},"pwb-brand":[359],"product_cat":[30],"product_tag":[],"class_list":{"0":"post-52060","1":"product","2":"type-product","3":"status-publish","5":"pwb-brand-filtron","6":"product_cat-oljynsuodatin","7":"desktop-align-left","8":"tablet-align-left","9":"mobile-align-left","11":"first","12":"instock","13":"product-type-external"},"brands":[{"id":359,"name":"FILTRON","slug":"filtron"}],"_links":{"self":[{"href":"https:\/\/www.autonvaraosahaku.fi\/index.php?rest_route=\/wp\/v2\/product\/52060","targetHints":{"allow":["GET"]}}],"collection":[{"href":"https:\/\/www.autonvaraosahaku.fi\/index.php?rest_route=\/wp\/v2\/product"}],"about":[{"href":"https:\/\/www.autonvaraosahaku.fi\/index.php?rest_route=\/wp\/v2\/types\/product"}],"wp:attachment":[{"href":"https:\/\/www.autonvaraosahaku.fi\/index.php?rest_route=%2Fwp%2Fv2%2Fmedia&parent=52060"}],"wp:term":[{"taxonomy":"pwb-brand","embeddable":true,"href":"https:\/\/www.autonvaraosahaku.fi\/index.php?rest_route=%2Fwp%2Fv2%2Fpwb-brand&post=52060"},{"taxonomy":"product_cat","embeddable":true,"href":"https:\/\/www.autonvaraosahaku.fi\/index.php?rest_route=%2Fwp%2Fv2%2Fproduct_cat&post=52060"},{"taxonomy":"product_tag","embeddable":true,"href":"https:\/\/www.autonvaraosahaku.fi\/index.php?rest_route=%2Fwp%2Fv2%2Fproduct_tag&post=52060"}],"curies":[{"name":"wp","href":"https:\/\/api.w.org\/{rel}","templated":true}]}}