{"id":52068,"date":"2021-02-21T17:39:42","date_gmt":"2021-02-21T17:39:42","guid":{"rendered":"https:\/\/www.autonvaraosahaku.fi\/?product=diederichs-4013949-puskurin-ritila"},"modified":"2021-02-21T17:39:43","modified_gmt":"2021-02-21T17:39:43","slug":"diederichs-4013949-puskurin-ritila","status":"publish","type":"product","link":"https:\/\/www.autonvaraosahaku.fi\/?product=diederichs-4013949-puskurin-ritila","title":{"rendered":"DIEDERICHS 4013949 Puskurin ritil\u00e4"},"content":{"rendered":"<p>Asennuspuoli: Edess\u00e4; Varusteet: Sumuvaloilla vasrustetuille autoille; M\u00e4\u00e4r\u00e4yksikk\u00f6: Sarja; sopii ajoneuvoihin valmistusvuodesta: 06\/2015; Laatu: Certified Quality; PEUGEOT: PARTNER Tepee,PARTNER Kasten; CITRO\u00cbN: BERLINGO B9,BERLINGO Kasten B9,BERLINGO Pritsche\/Fahrgestell B9; 1613564680; Ritil\u00e4<\/p>\n","protected":false},"excerpt":{"rendered":"<p>DIEDERICHS Puskurin Ritil\u00e4 Priority Parts 4013949 Ritil\u00e4 PEUGEOT,CITRO\u00cbN,PARTNER Tepee,PARTNER Kasten,BERLINGO B9,BERLINGO Kasten B9<\/p>\n","protected":false},"featured_media":0,"template":"","meta":{"site-sidebar-layout":"default","site-content-layout":"default","ast-global-header-display":"","ast-main-header-display":"","ast-hfb-above-header-display":"","ast-hfb-below-header-display":"","ast-hfb-mobile-header-display":"","site-post-title":"","ast-breadcrumbs-content":"","ast-featured-img":"","footer-sml-layout":"","theme-transparent-header-meta":"","adv-header-id-meta":"","stick-header-meta":"","header-above-stick-meta":"","header-main-stick-meta":"","header-below-stick-meta":""},"pwb-brand":[227],"product_cat":[259],"product_tag":[],"class_list":{"0":"post-52068","1":"product","2":"type-product","3":"status-publish","5":"pwb-brand-diederichs","6":"product_cat-puskurin-ritila","7":"desktop-align-left","8":"tablet-align-left","9":"mobile-align-left","11":"first","12":"instock","13":"product-type-external"},"brands":[{"id":227,"name":"DIEDERICHS","slug":"diederichs"}],"_links":{"self":[{"href":"https:\/\/www.autonvaraosahaku.fi\/index.php?rest_route=\/wp\/v2\/product\/52068","targetHints":{"allow":["GET"]}}],"collection":[{"href":"https:\/\/www.autonvaraosahaku.fi\/index.php?rest_route=\/wp\/v2\/product"}],"about":[{"href":"https:\/\/www.autonvaraosahaku.fi\/index.php?rest_route=\/wp\/v2\/types\/product"}],"wp:attachment":[{"href":"https:\/\/www.autonvaraosahaku.fi\/index.php?rest_route=%2Fwp%2Fv2%2Fmedia&parent=52068"}],"wp:term":[{"taxonomy":"pwb-brand","embeddable":true,"href":"https:\/\/www.autonvaraosahaku.fi\/index.php?rest_route=%2Fwp%2Fv2%2Fpwb-brand&post=52068"},{"taxonomy":"product_cat","embeddable":true,"href":"https:\/\/www.autonvaraosahaku.fi\/index.php?rest_route=%2Fwp%2Fv2%2Fproduct_cat&post=52068"},{"taxonomy":"product_tag","embeddable":true,"href":"https:\/\/www.autonvaraosahaku.fi\/index.php?rest_route=%2Fwp%2Fv2%2Fproduct_tag&post=52068"}],"curies":[{"name":"wp","href":"https:\/\/api.w.org\/{rel}","templated":true}]}}