{"id":52075,"date":"2021-02-21T17:39:42","date_gmt":"2021-02-21T17:39:42","guid":{"rendered":"https:\/\/www.autonvaraosahaku.fi\/?product=maxgear-49-1750-vetoakseli"},"modified":"2021-02-21T17:39:45","modified_gmt":"2021-02-21T17:39:45","slug":"maxgear-49-1750-vetoakseli","status":"publish","type":"product","link":"https:\/\/www.autonvaraosahaku.fi\/?product=maxgear-49-1750-vetoakseli","title":{"rendered":"MAXGEAR 49-1750 Vetoakseli"},"content":{"rendered":"<p>Pituus (mm): 608; Kierremitta: M24x1,5; Ulkohammastus, py\u00f6r\u00e4npuoli: 28; Ulkohammastus tasauspy\u00f6r\u00e4st\u00f6puoli: 37; Tiivisteen l\u00e4pimitta [mm]: 58,5; Pituus 2 (mm): 59,7; Uusi osa: ; Nivelen l\u00e4pimitta py\u00f6r\u00e4puoli [mm]: 93; Nivelen l\u00e4pimitta vaihteistopuoli [mm]: 86; Moottorinumero: DW10UTED4; FIAT: SCUDO 270_,SCUDO Kasten 270_,SCUDO Pritsche\/Fahrgestell 270_; CITRO\u00cbN: C5 III Break TD_,C5 III RD_,JUMPY,JUMPY Kasten,DS4; PEUGEOT: 407 SW 6E_,607 9D, 9U,407 6D_,407 Coupe 6C_,EXPERT Tepee VF3V_,EXPERT Kasten VF3A_, VF3U_, VF3X_,EXPERT Pritsche\/Fahrgestell; 1609019280, 3272NP, 3272NQ, 3272RX, 3272RY, 3272SE, 3272SF, 9804336480, 1609019280, 3272GL, 3272GN, 3272GW, 3272GX, 3272JP, 3272NP, 9644292880, 9804336480<\/p>\n","protected":false},"excerpt":{"rendered":"<p>MAXGEAR Vetoakseli 49-1750  FIAT,CITRO\u00cbN,PEUGEOT,SCUDO 270_,SCUDO Kasten 270_,SCUDO Pritsche\/Fahrgestell 270_,C5 III Break TD_,C5 III RD_,JUMPY<\/p>\n","protected":false},"featured_media":0,"template":"","meta":{"site-sidebar-layout":"default","site-content-layout":"default","ast-global-header-display":"","ast-main-header-display":"","ast-hfb-above-header-display":"","ast-hfb-below-header-display":"","ast-hfb-mobile-header-display":"","site-post-title":"","ast-breadcrumbs-content":"","ast-featured-img":"","footer-sml-layout":"","theme-transparent-header-meta":"","adv-header-id-meta":"","stick-header-meta":"","header-above-stick-meta":"","header-main-stick-meta":"","header-below-stick-meta":""},"pwb-brand":[48],"product_cat":[215],"product_tag":[],"class_list":{"0":"post-52075","1":"product","2":"type-product","3":"status-publish","5":"pwb-brand-maxgear","6":"product_cat-vetoakseli","7":"desktop-align-left","8":"tablet-align-left","9":"mobile-align-left","11":"first","12":"instock","13":"product-type-external"},"brands":[{"id":48,"name":"MAXGEAR","slug":"maxgear"}],"_links":{"self":[{"href":"https:\/\/www.autonvaraosahaku.fi\/index.php?rest_route=\/wp\/v2\/product\/52075","targetHints":{"allow":["GET"]}}],"collection":[{"href":"https:\/\/www.autonvaraosahaku.fi\/index.php?rest_route=\/wp\/v2\/product"}],"about":[{"href":"https:\/\/www.autonvaraosahaku.fi\/index.php?rest_route=\/wp\/v2\/types\/product"}],"wp:attachment":[{"href":"https:\/\/www.autonvaraosahaku.fi\/index.php?rest_route=%2Fwp%2Fv2%2Fmedia&parent=52075"}],"wp:term":[{"taxonomy":"pwb-brand","embeddable":true,"href":"https:\/\/www.autonvaraosahaku.fi\/index.php?rest_route=%2Fwp%2Fv2%2Fpwb-brand&post=52075"},{"taxonomy":"product_cat","embeddable":true,"href":"https:\/\/www.autonvaraosahaku.fi\/index.php?rest_route=%2Fwp%2Fv2%2Fproduct_cat&post=52075"},{"taxonomy":"product_tag","embeddable":true,"href":"https:\/\/www.autonvaraosahaku.fi\/index.php?rest_route=%2Fwp%2Fv2%2Fproduct_tag&post=52075"}],"curies":[{"name":"wp","href":"https:\/\/api.w.org\/{rel}","templated":true}]}}