{"id":52077,"date":"2021-02-21T17:39:42","date_gmt":"2021-02-21T17:39:42","guid":{"rendered":"https:\/\/www.autonvaraosahaku.fi\/?product=maxgear-39-8500-pyyhkijansulat"},"modified":"2021-02-21T17:39:45","modified_gmt":"2021-02-21T17:39:45","slug":"maxgear-39-8500-pyyhkijansulat","status":"publish","type":"product","link":"https:\/\/www.autonvaraosahaku.fi\/?product=maxgear-39-8500-pyyhkijansulat","title":{"rendered":"MAXGEAR 39-8500 Pyyhkij\u00e4nsulat"},"content":{"rendered":"<p>Asennuspuoli: Edess\u00e4, fahrerseitig; Pituus (mm): 500; Lis\u00e4adapteri: Multiadapter + 1; Pituus (tuumaa): 20; M\u00e4\u00e4r\u00e4: 1; Pyyhkij\u00e4nsulkatyyppi: Flatblade-pyyhinsulka (rungoton); VW: TIGUAN 5N_,PASSAT 3B2,NEW BEETLE Cabriolet 1Y7,CADDY II Pick-up 9U7; AUDI: Q5 8R,A5 8T3,A5 Sportback 8TA; MAZDA: TRIBUTE EP,DEMIO DW,RX 8 SE17,626 IV Hatchback GE,XEDOS 6 CA,XEDOS 9 TA,626 IV GE,121 II DB,MX-6 GE,RX 7 III FD; SKODA: FELICIA I 6U1,FELICIA I Fun 797,FELICIA I Kombi 6U5,FAVORIT Forman 785; BMW: 3 E46,1 E87,3 Touring E46,X3 E83,3 Compact E46,3 Coupe E46,1 E81,3 Compact E36,X5 E70,3 E30,3 Cabriolet E46,3 Coupe E36,Z4 E85,3 Cabriolet E30,3 Cabriolet E36,3 Touring E36,1 Cabriolet E88,1 Coupe E82,X6 E71, E72,3 Touring E30,Z3 Coupe E36,Z1; SEAT: TOLEDO I 1L; CHEVROLET: EPICA KL1_; JEEP: COMPASS MK49,GRAND CHEROKEE I ZJ; DAEWOO: NUBIRA Wagon KLAJ,NUBIRA Stufenheck KLAJ,NUBIRA KLAJ,MUSSO FJ,NUBIRA J150,NUBIRA Kombi J150,NUBIRA Stufenheck J150; LADA: 111 2111,110 2110,112 2112; Tuulilasinpyyhkimet,Pyyhkij\u00e4t,Pyyhkij\u00e4nsulka<\/p>\n","protected":false},"excerpt":{"rendered":"<p>MAXGEAR Pyyhkij\u00e4nsulat 39-8500 Tuulilasinpyyhkimet,Pyyhkij\u00e4t VW,AUDI,MAZDA,TIGUAN 5N_,PASSAT 3B2,NEW BEETLE Cabriolet 1Y7,CADDY II Pick-up 9U7,Q5 8R<\/p>\n","protected":false},"featured_media":0,"template":"","meta":{"site-sidebar-layout":"default","site-content-layout":"default","ast-global-header-display":"","ast-main-header-display":"","ast-hfb-above-header-display":"","ast-hfb-below-header-display":"","ast-hfb-mobile-header-display":"","site-post-title":"","ast-breadcrumbs-content":"","ast-featured-img":"","footer-sml-layout":"","theme-transparent-header-meta":"","adv-header-id-meta":"","stick-header-meta":"","header-above-stick-meta":"","header-main-stick-meta":"","header-below-stick-meta":""},"pwb-brand":[48],"product_cat":[33],"product_tag":[],"class_list":{"0":"post-52077","1":"product","2":"type-product","3":"status-publish","5":"pwb-brand-maxgear","6":"product_cat-pyyhkijansulat","7":"desktop-align-left","8":"tablet-align-left","9":"mobile-align-left","11":"first","12":"instock","13":"product-type-external"},"brands":[{"id":48,"name":"MAXGEAR","slug":"maxgear"}],"_links":{"self":[{"href":"https:\/\/www.autonvaraosahaku.fi\/index.php?rest_route=\/wp\/v2\/product\/52077","targetHints":{"allow":["GET"]}}],"collection":[{"href":"https:\/\/www.autonvaraosahaku.fi\/index.php?rest_route=\/wp\/v2\/product"}],"about":[{"href":"https:\/\/www.autonvaraosahaku.fi\/index.php?rest_route=\/wp\/v2\/types\/product"}],"wp:attachment":[{"href":"https:\/\/www.autonvaraosahaku.fi\/index.php?rest_route=%2Fwp%2Fv2%2Fmedia&parent=52077"}],"wp:term":[{"taxonomy":"pwb-brand","embeddable":true,"href":"https:\/\/www.autonvaraosahaku.fi\/index.php?rest_route=%2Fwp%2Fv2%2Fpwb-brand&post=52077"},{"taxonomy":"product_cat","embeddable":true,"href":"https:\/\/www.autonvaraosahaku.fi\/index.php?rest_route=%2Fwp%2Fv2%2Fproduct_cat&post=52077"},{"taxonomy":"product_tag","embeddable":true,"href":"https:\/\/www.autonvaraosahaku.fi\/index.php?rest_route=%2Fwp%2Fv2%2Fproduct_tag&post=52077"}],"curies":[{"name":"wp","href":"https:\/\/api.w.org\/{rel}","templated":true}]}}