{"id":52079,"date":"2021-02-21T17:39:42","date_gmt":"2021-02-21T17:39:42","guid":{"rendered":"https:\/\/www.autonvaraosahaku.fi\/?product=topran-723-988-muut-luokat"},"modified":"2021-02-21T17:39:46","modified_gmt":"2021-02-21T17:39:46","slug":"topran-723-988-muut-luokat","status":"publish","type":"product","link":"https:\/\/www.autonvaraosahaku.fi\/?product=topran-723-988-muut-luokat","title":{"rendered":"TOPRAN 723 988 Muut luokat"},"content":{"rendered":"<p>Napojen m\u00e4\u00e4r\u00e4: 6; Ilmastovy\u00f6hykkeet: f\u00fcr kalte Klimazonen; OPEL: GRANDLAND X A18; CITRO\u00cbN: BERLINGO B9,C4 Picasso I UD_,C4 Grand Picasso I UA_,C4 I LC_,C4 Coupe LA_,C4 II B7,JUMPY,BERLINGO Kasten B9,JUMPY Kasten,C4 Grand Picasso II,C4 Picasso II,DS4,DS5,C4 Stufenheck L,C-ELYSEE,C1 II,SPACETOURER,JUMPY Pritsche\/Fahrgestell; PEUGEOT: 307 SW 3H,307 CC 3B,307 3A\/C,308 SW,308 4A_, 4C_,5008,307 Break 3E,3008,PARTNER Tepee,RCZ,308 CC,2008,PARTNER Kasten,308 II,301,308 SW II,3008 SUV,EXPERT Kasten,5008 II,TRAVELLER; DS: DS5,DS 4 \/ DS 4 CROSSBACK; VAUXHALL: GRANDLAND X A18; 1308CP, 9673999980, 9829220580, 1308CP, 9673999980, 9829220580, 9673999980, 9829220580, 1308CP, 9673999980, 9829220580, 9673999980, 9829220580<\/p>\n","protected":false},"excerpt":{"rendered":"<p>TOPRAN Esivastus, S\u00e4hk\u00f6moottori-J\u00e4\u00e4hdytyspuhallin 723 988  OPEL,CITRO\u00cbN,PEUGEOT,GRANDLAND X A18,BERLINGO B9,C4 Picasso I UD_,C4 Grand Picasso I UA_<\/p>\n","protected":false},"featured_media":0,"template":"","meta":{"site-sidebar-layout":"default","site-content-layout":"default","ast-global-header-display":"","ast-main-header-display":"","ast-hfb-above-header-display":"","ast-hfb-below-header-display":"","ast-hfb-mobile-header-display":"","site-post-title":"","ast-breadcrumbs-content":"","ast-featured-img":"","footer-sml-layout":"","theme-transparent-header-meta":"","adv-header-id-meta":"","stick-header-meta":"","header-above-stick-meta":"","header-main-stick-meta":"","header-below-stick-meta":""},"pwb-brand":[18],"product_cat":[37],"product_tag":[],"class_list":{"0":"post-52079","1":"product","2":"type-product","3":"status-publish","5":"pwb-brand-topran","6":"product_cat-muut-luokat","7":"desktop-align-left","8":"tablet-align-left","9":"mobile-align-left","11":"first","12":"instock","13":"product-type-external"},"brands":[{"id":18,"name":"TOPRAN","slug":"topran"}],"_links":{"self":[{"href":"https:\/\/www.autonvaraosahaku.fi\/index.php?rest_route=\/wp\/v2\/product\/52079","targetHints":{"allow":["GET"]}}],"collection":[{"href":"https:\/\/www.autonvaraosahaku.fi\/index.php?rest_route=\/wp\/v2\/product"}],"about":[{"href":"https:\/\/www.autonvaraosahaku.fi\/index.php?rest_route=\/wp\/v2\/types\/product"}],"wp:attachment":[{"href":"https:\/\/www.autonvaraosahaku.fi\/index.php?rest_route=%2Fwp%2Fv2%2Fmedia&parent=52079"}],"wp:term":[{"taxonomy":"pwb-brand","embeddable":true,"href":"https:\/\/www.autonvaraosahaku.fi\/index.php?rest_route=%2Fwp%2Fv2%2Fpwb-brand&post=52079"},{"taxonomy":"product_cat","embeddable":true,"href":"https:\/\/www.autonvaraosahaku.fi\/index.php?rest_route=%2Fwp%2Fv2%2Fproduct_cat&post=52079"},{"taxonomy":"product_tag","embeddable":true,"href":"https:\/\/www.autonvaraosahaku.fi\/index.php?rest_route=%2Fwp%2Fv2%2Fproduct_tag&post=52079"}],"curies":[{"name":"wp","href":"https:\/\/api.w.org\/{rel}","templated":true}]}}