{"id":52080,"date":"2021-02-21T17:39:42","date_gmt":"2021-02-21T17:39:42","guid":{"rendered":"https:\/\/www.autonvaraosahaku.fi\/?product=skf-vkjc-5991-vetoakseli"},"modified":"2021-02-21T17:39:46","modified_gmt":"2021-02-21T17:39:46","slug":"skf-vkjc-5991-vetoakseli","status":"publish","type":"product","link":"https:\/\/www.autonvaraosahaku.fi\/?product=skf-vkjc-5991-vetoakseli","title":{"rendered":"SKF VKJC 5991 Vetoakseli"},"content":{"rendered":"<p>Pituus (mm): 898; Kierremitta: M20x1,5; Ulkohammastus, py\u00f6r\u00e4npuoli: 23; Ulkohammastus tasauspy\u00f6r\u00e4st\u00f6puoli: 26; Tiivisteen l\u00e4pimitta [mm]: 49; Pituus 2 (mm): 311,5; Korvaava tuote\/korvaava tiedote 2: laakerilla; Uusi osa: ; Nivelen l\u00e4pimitta py\u00f6r\u00e4puoli [mm]: 84; Nivelen l\u00e4pimitta vaihteistopuoli [mm]: 79; Valmistusvuoteen: 12\/2013; DACIA: SANDERO,LOGAN MCV KS_,LOGAN LS_,LOGAN EXPRESS FS_,LOGAN Pick-up US_; RENAULT: CLIO III BR0\/1, CR0\/1,MODUS \/ GRAND MODUS F\/JP0_,CLIO Grandtour KR0\/1_,CLIO III Kasten SB_, SR_,LOGAN I Kombi KS_,LOGAN I LS_; 6001550692, 6001550693, 6001551093, 6001551094, 8200499586, 8200820344, 8201187694, 391006802R, 6001548720, 7711497417, 8200261841, 8200358164, 8200358168, 8200455157, 8200460992, 8200499586, 8200618111, 8201055673<\/p>\n","protected":false},"excerpt":{"rendered":"<p>SKF Vetoakseli VKJC 5991  DACIA,RENAULT,SANDERO,LOGAN MCV KS_,LOGAN LS_,LOGAN EXPRESS FS_,LOGAN Pick-up US_,CLIO III BR0\/1, CR0\/1<\/p>\n","protected":false},"featured_media":0,"template":"","meta":{"site-sidebar-layout":"default","site-content-layout":"default","ast-global-header-display":"","ast-main-header-display":"","ast-hfb-above-header-display":"","ast-hfb-below-header-display":"","ast-hfb-mobile-header-display":"","site-post-title":"","ast-breadcrumbs-content":"","ast-featured-img":"","footer-sml-layout":"","theme-transparent-header-meta":"","adv-header-id-meta":"","stick-header-meta":"","header-above-stick-meta":"","header-main-stick-meta":"","header-below-stick-meta":""},"pwb-brand":[237],"product_cat":[215],"product_tag":[],"class_list":{"0":"post-52080","1":"product","2":"type-product","3":"status-publish","5":"pwb-brand-skf","6":"product_cat-vetoakseli","7":"desktop-align-left","8":"tablet-align-left","9":"mobile-align-left","11":"first","12":"instock","13":"product-type-external"},"brands":[{"id":237,"name":"SKF","slug":"skf"}],"_links":{"self":[{"href":"https:\/\/www.autonvaraosahaku.fi\/index.php?rest_route=\/wp\/v2\/product\/52080","targetHints":{"allow":["GET"]}}],"collection":[{"href":"https:\/\/www.autonvaraosahaku.fi\/index.php?rest_route=\/wp\/v2\/product"}],"about":[{"href":"https:\/\/www.autonvaraosahaku.fi\/index.php?rest_route=\/wp\/v2\/types\/product"}],"wp:attachment":[{"href":"https:\/\/www.autonvaraosahaku.fi\/index.php?rest_route=%2Fwp%2Fv2%2Fmedia&parent=52080"}],"wp:term":[{"taxonomy":"pwb-brand","embeddable":true,"href":"https:\/\/www.autonvaraosahaku.fi\/index.php?rest_route=%2Fwp%2Fv2%2Fpwb-brand&post=52080"},{"taxonomy":"product_cat","embeddable":true,"href":"https:\/\/www.autonvaraosahaku.fi\/index.php?rest_route=%2Fwp%2Fv2%2Fproduct_cat&post=52080"},{"taxonomy":"product_tag","embeddable":true,"href":"https:\/\/www.autonvaraosahaku.fi\/index.php?rest_route=%2Fwp%2Fv2%2Fproduct_tag&post=52080"}],"curies":[{"name":"wp","href":"https:\/\/api.w.org\/{rel}","templated":true}]}}