{"id":52176,"date":"2021-02-21T17:40:10","date_gmt":"2021-02-21T17:40:10","guid":{"rendered":"https:\/\/www.autonvaraosahaku.fi\/?product=lobro-300323-vetonivelen-suojakumi"},"modified":"2021-02-21T17:40:14","modified_gmt":"2021-02-21T17:40:14","slug":"lobro-300323-vetonivelen-suojakumi","status":"publish","type":"product","link":"https:\/\/www.autonvaraosahaku.fi\/?product=lobro-300323-vetonivelen-suojakumi","title":{"rendered":"L\u00d6BRO 300323 Vetonivelen suojakumi"},"content":{"rendered":"<p>Sis\u00e4l\u00e4pimitta 1 [mm]: 21; Sis\u00e4l\u00e4pimitta 2 [mm]: 70; Korkeus (mm): 83,00; Korvaava tuote\/korvaava tiedote 2: mutterilla; Kierremitta: M22x1,5; Paljekumin materiaali: NBR (nitriili-butadi-kumi); Uusi osa: ; Valmistusvuoteen: 07\/1998; FIAT: SEICENTO 187,CINQUECENTO 170,SEICENTO Van 187; 4383758, 7501348, 4383758, 7501348, 4383758, 7501348<\/p>\n","protected":false},"excerpt":{"rendered":"<p>L\u00d6BRO Paljekumisarja, Vetoakseli 300323  FIAT,SEICENTO 187,CINQUECENTO 170,SEICENTO Van 187<\/p>\n","protected":false},"featured_media":0,"template":"","meta":{"site-sidebar-layout":"default","site-content-layout":"default","ast-global-header-display":"","ast-main-header-display":"","ast-hfb-above-header-display":"","ast-hfb-below-header-display":"","ast-hfb-mobile-header-display":"","site-post-title":"","ast-breadcrumbs-content":"","ast-featured-img":"","footer-sml-layout":"","theme-transparent-header-meta":"","adv-header-id-meta":"","stick-header-meta":"","header-above-stick-meta":"","header-main-stick-meta":"","header-below-stick-meta":""},"pwb-brand":[272],"product_cat":[42],"product_tag":[],"class_list":{"0":"post-52176","1":"product","2":"type-product","3":"status-publish","5":"pwb-brand-lobro","6":"product_cat-vetonivelen-suojakumi","7":"desktop-align-left","8":"tablet-align-left","9":"mobile-align-left","11":"first","12":"instock","13":"product-type-external"},"brands":[{"id":272,"name":"L\u00d6BRO","slug":"lobro"}],"_links":{"self":[{"href":"https:\/\/www.autonvaraosahaku.fi\/index.php?rest_route=\/wp\/v2\/product\/52176","targetHints":{"allow":["GET"]}}],"collection":[{"href":"https:\/\/www.autonvaraosahaku.fi\/index.php?rest_route=\/wp\/v2\/product"}],"about":[{"href":"https:\/\/www.autonvaraosahaku.fi\/index.php?rest_route=\/wp\/v2\/types\/product"}],"wp:attachment":[{"href":"https:\/\/www.autonvaraosahaku.fi\/index.php?rest_route=%2Fwp%2Fv2%2Fmedia&parent=52176"}],"wp:term":[{"taxonomy":"pwb-brand","embeddable":true,"href":"https:\/\/www.autonvaraosahaku.fi\/index.php?rest_route=%2Fwp%2Fv2%2Fpwb-brand&post=52176"},{"taxonomy":"product_cat","embeddable":true,"href":"https:\/\/www.autonvaraosahaku.fi\/index.php?rest_route=%2Fwp%2Fv2%2Fproduct_cat&post=52176"},{"taxonomy":"product_tag","embeddable":true,"href":"https:\/\/www.autonvaraosahaku.fi\/index.php?rest_route=%2Fwp%2Fv2%2Fproduct_tag&post=52176"}],"curies":[{"name":"wp","href":"https:\/\/api.w.org\/{rel}","templated":true}]}}