{"id":52190,"date":"2021-02-21T17:40:16","date_gmt":"2021-02-21T17:40:16","guid":{"rendered":"https:\/\/www.autonvaraosahaku.fi\/?product=skf-vkjc-1283-vetoakseli"},"modified":"2021-02-21T17:40:18","modified_gmt":"2021-02-21T17:40:18","slug":"skf-vkjc-1283-vetoakseli","status":"publish","type":"product","link":"https:\/\/www.autonvaraosahaku.fi\/?product=skf-vkjc-1283-vetoakseli","title":{"rendered":"SKF VKJC 1283 Vetoakseli"},"content":{"rendered":"<p>Pituus (mm): 620; Kierremitta: M20x1,5; Ulkohammastus, py\u00f6r\u00e4npuoli: 21; Tiivisteen l\u00e4pimitta [mm]: 52,3; Hammasluku, ABS-keh\u00e4: 26; ABS-keh\u00e4 \u00d8(mm): 85; Uusi osa: ; Nivelen l\u00e4pimitta py\u00f6r\u00e4puoli [mm]: 84; L\u00e4pimitta tripodirulla [mm]: 30; Valmistusvuoteen: 10\/2002; RENAULT: CLIO II BB0\/1\/2_, CB0\/1\/2_,KANGOO KC0\/1_,KANGOO Express FC0\/1_,CLIO II Kasten SB0\/1\/2_; 7700103731, 7700106007, 7700108248, 7700110484, 7700111259, 7700111506, 7700115011, 7701056622, 7701352770, 7701352772, 7701352881, 7711135180, 7711135242, 7711135243, 7711135246, 7711135247, 8200231680, 8200410080, 8200844451<\/p>\n","protected":false},"excerpt":{"rendered":"<p>SKF Vetoakseli VKJC 1283  RENAULT,CLIO II BB0\/1\/2_, CB0\/1\/2_,KANGOO KC0\/1_,KANGOO Express FC0\/1_,CLIO II Kasten SB0\/1\/2_<\/p>\n","protected":false},"featured_media":0,"template":"","meta":{"site-sidebar-layout":"default","site-content-layout":"default","ast-global-header-display":"","ast-main-header-display":"","ast-hfb-above-header-display":"","ast-hfb-below-header-display":"","ast-hfb-mobile-header-display":"","site-post-title":"","ast-breadcrumbs-content":"","ast-featured-img":"","footer-sml-layout":"","theme-transparent-header-meta":"","adv-header-id-meta":"","stick-header-meta":"","header-above-stick-meta":"","header-main-stick-meta":"","header-below-stick-meta":""},"pwb-brand":[237],"product_cat":[215],"product_tag":[],"class_list":{"0":"post-52190","1":"product","2":"type-product","3":"status-publish","5":"pwb-brand-skf","6":"product_cat-vetoakseli","7":"desktop-align-left","8":"tablet-align-left","9":"mobile-align-left","11":"first","12":"instock","13":"product-type-external"},"brands":[{"id":237,"name":"SKF","slug":"skf"}],"_links":{"self":[{"href":"https:\/\/www.autonvaraosahaku.fi\/index.php?rest_route=\/wp\/v2\/product\/52190","targetHints":{"allow":["GET"]}}],"collection":[{"href":"https:\/\/www.autonvaraosahaku.fi\/index.php?rest_route=\/wp\/v2\/product"}],"about":[{"href":"https:\/\/www.autonvaraosahaku.fi\/index.php?rest_route=\/wp\/v2\/types\/product"}],"wp:attachment":[{"href":"https:\/\/www.autonvaraosahaku.fi\/index.php?rest_route=%2Fwp%2Fv2%2Fmedia&parent=52190"}],"wp:term":[{"taxonomy":"pwb-brand","embeddable":true,"href":"https:\/\/www.autonvaraosahaku.fi\/index.php?rest_route=%2Fwp%2Fv2%2Fpwb-brand&post=52190"},{"taxonomy":"product_cat","embeddable":true,"href":"https:\/\/www.autonvaraosahaku.fi\/index.php?rest_route=%2Fwp%2Fv2%2Fproduct_cat&post=52190"},{"taxonomy":"product_tag","embeddable":true,"href":"https:\/\/www.autonvaraosahaku.fi\/index.php?rest_route=%2Fwp%2Fv2%2Fproduct_tag&post=52190"}],"curies":[{"name":"wp","href":"https:\/\/api.w.org\/{rel}","templated":true}]}}