{"id":52192,"date":"2021-02-21T17:40:16","date_gmt":"2021-02-21T17:40:16","guid":{"rendered":"https:\/\/www.autonvaraosahaku.fi\/?product=sachs-994-117-jouset"},"modified":"2021-02-21T17:40:18","modified_gmt":"2021-02-21T17:40:18","slug":"sachs-994-117-jouset","status":"publish","type":"product","link":"https:\/\/www.autonvaraosahaku.fi\/?product=sachs-994-117-jouset","title":{"rendered":"SACHS 994 117 Jouset"},"content":{"rendered":"<p>Tunnusluku: D; Ulkol\u00e4pimitta [mm]: 149; L\u00e4pimitta 3 [mm]: 8,2; L\u00e4pimitta 1 [mm]: 8,15; L\u00e4pimitta 2 [mm]: 14,8; Pituus (mm): 345; Asennuspuoli: Hinterachse; OPEL: COMBO Kasten\/Kombi,COMBO Tour; VAUXHALL: COMBO Mk II C Kasten\/Kombi F25; 424206, 93170490; Kierrejousi<\/p>\n","protected":false},"excerpt":{"rendered":"<p>SACHS Jousi 994 117 Kierrejousi OPEL,VAUXHALL,COMBO Kasten\/Kombi,COMBO Tour,COMBO Mk II C Kasten\/Kombi F25<\/p>\n","protected":false},"featured_media":0,"template":"","meta":{"site-sidebar-layout":"default","site-content-layout":"default","ast-global-header-display":"","ast-main-header-display":"","ast-hfb-above-header-display":"","ast-hfb-below-header-display":"","ast-hfb-mobile-header-display":"","site-post-title":"","ast-breadcrumbs-content":"","ast-featured-img":"","footer-sml-layout":"","theme-transparent-header-meta":"","adv-header-id-meta":"","stick-header-meta":"","header-above-stick-meta":"","header-main-stick-meta":"","header-below-stick-meta":""},"pwb-brand":[91],"product_cat":[171],"product_tag":[],"class_list":{"0":"post-52192","1":"product","2":"type-product","3":"status-publish","5":"pwb-brand-sachs","6":"product_cat-jouset","7":"desktop-align-left","8":"tablet-align-left","9":"mobile-align-left","11":"first","12":"instock","13":"product-type-external"},"brands":[{"id":91,"name":"SACHS","slug":"sachs"}],"_links":{"self":[{"href":"https:\/\/www.autonvaraosahaku.fi\/index.php?rest_route=\/wp\/v2\/product\/52192","targetHints":{"allow":["GET"]}}],"collection":[{"href":"https:\/\/www.autonvaraosahaku.fi\/index.php?rest_route=\/wp\/v2\/product"}],"about":[{"href":"https:\/\/www.autonvaraosahaku.fi\/index.php?rest_route=\/wp\/v2\/types\/product"}],"wp:attachment":[{"href":"https:\/\/www.autonvaraosahaku.fi\/index.php?rest_route=%2Fwp%2Fv2%2Fmedia&parent=52192"}],"wp:term":[{"taxonomy":"pwb-brand","embeddable":true,"href":"https:\/\/www.autonvaraosahaku.fi\/index.php?rest_route=%2Fwp%2Fv2%2Fpwb-brand&post=52192"},{"taxonomy":"product_cat","embeddable":true,"href":"https:\/\/www.autonvaraosahaku.fi\/index.php?rest_route=%2Fwp%2Fv2%2Fproduct_cat&post=52192"},{"taxonomy":"product_tag","embeddable":true,"href":"https:\/\/www.autonvaraosahaku.fi\/index.php?rest_route=%2Fwp%2Fv2%2Fproduct_tag&post=52192"}],"curies":[{"name":"wp","href":"https:\/\/api.w.org\/{rel}","templated":true}]}}