{"id":52204,"date":"2021-02-21T17:40:22","date_gmt":"2021-02-21T17:40:22","guid":{"rendered":"https:\/\/www.autonvaraosahaku.fi\/?product=valeo-696091-jaahdyttimen-tuuletin"},"modified":"2021-02-21T17:40:23","modified_gmt":"2021-02-21T17:40:23","slug":"valeo-696091-jaahdyttimen-tuuletin","status":"publish","type":"product","link":"https:\/\/www.autonvaraosahaku.fi\/?product=valeo-696091-jaahdyttimen-tuuletin","title":{"rendered":"VALEO 696091 J\u00e4\u00e4hdyttimen tuuletin"},"content":{"rendered":"<p>L\u00e4pimitta [mm]: 396; J\u00e4nnite (V): 12; Nimellisteho (W): 500; Paino [kg]: 2,9; Valmistusvuosi alkaen: 09\/2010; CITRO\u00cbN: BERLINGO B9,C4 Picasso I UD_,C4 Grand Picasso I UA_,C4 I LC_,C4 Coupe LA_,C4 II B7,JUMPY,BERLINGO Kasten B9,JUMPY Kasten,DS4,DS5,C4 Stufenheck L,BERLINGO Pritsche\/Fahrgestell B9,JUMPY Pritsche\/Fahrgestell; PEUGEOT: 307 SW 3H,307 CC 3B,307 3A\/C,308 SW,308 4A_, 4C_,5008,307 Break 3E,3008,PARTNER Tepee,RCZ,308 CC,PARTNER Kasten,PARTNER Pritsche\/Fahrgestell; DS: DS5,DS 4 \/ DS 4 CROSSBACK; 1253F8, 1253G7, 1253K2, 1253K4, 1253K4, 1253F8, 1253G7, 1253K2, 1253K4, 1253K7; Tuuletin, Moottorin J\u00e4\u00e4hdytys<\/p>\n","protected":false},"excerpt":{"rendered":"<p>VALEO J\u00e4\u00e4hdyttimen Tuuletin 696091 Tuuletin, Moottorin J\u00e4\u00e4hdytys CITRO\u00cbN,PEUGEOT,DS,BERLINGO B9,C4 Picasso I UD_,C4 Grand Picasso I UA_,C4 I LC_<\/p>\n","protected":false},"featured_media":0,"template":"","meta":{"site-sidebar-layout":"default","site-content-layout":"default","ast-global-header-display":"","ast-main-header-display":"","ast-hfb-above-header-display":"","ast-hfb-below-header-display":"","ast-hfb-mobile-header-display":"","site-post-title":"","ast-breadcrumbs-content":"","ast-featured-img":"","footer-sml-layout":"","theme-transparent-header-meta":"","adv-header-id-meta":"","stick-header-meta":"","header-above-stick-meta":"","header-main-stick-meta":"","header-below-stick-meta":""},"pwb-brand":[28],"product_cat":[313],"product_tag":[],"class_list":{"0":"post-52204","1":"product","2":"type-product","3":"status-publish","5":"pwb-brand-valeo","6":"product_cat-jaahdyttimen-tuuletin","7":"desktop-align-left","8":"tablet-align-left","9":"mobile-align-left","11":"first","12":"instock","13":"product-type-external"},"brands":[{"id":28,"name":"VALEO","slug":"valeo"}],"_links":{"self":[{"href":"https:\/\/www.autonvaraosahaku.fi\/index.php?rest_route=\/wp\/v2\/product\/52204","targetHints":{"allow":["GET"]}}],"collection":[{"href":"https:\/\/www.autonvaraosahaku.fi\/index.php?rest_route=\/wp\/v2\/product"}],"about":[{"href":"https:\/\/www.autonvaraosahaku.fi\/index.php?rest_route=\/wp\/v2\/types\/product"}],"wp:attachment":[{"href":"https:\/\/www.autonvaraosahaku.fi\/index.php?rest_route=%2Fwp%2Fv2%2Fmedia&parent=52204"}],"wp:term":[{"taxonomy":"pwb-brand","embeddable":true,"href":"https:\/\/www.autonvaraosahaku.fi\/index.php?rest_route=%2Fwp%2Fv2%2Fpwb-brand&post=52204"},{"taxonomy":"product_cat","embeddable":true,"href":"https:\/\/www.autonvaraosahaku.fi\/index.php?rest_route=%2Fwp%2Fv2%2Fproduct_cat&post=52204"},{"taxonomy":"product_tag","embeddable":true,"href":"https:\/\/www.autonvaraosahaku.fi\/index.php?rest_route=%2Fwp%2Fv2%2Fproduct_tag&post=52204"}],"curies":[{"name":"wp","href":"https:\/\/api.w.org\/{rel}","templated":true}]}}