{"id":52220,"date":"2021-02-21T17:40:22","date_gmt":"2021-02-21T17:40:22","guid":{"rendered":"https:\/\/www.autonvaraosahaku.fi\/?product=sachs-556-253-iskunvaimennin"},"modified":"2021-02-21T17:40:27","modified_gmt":"2021-02-21T17:40:27","slug":"sachs-556-253-iskunvaimennin","status":"publish","type":"product","link":"https:\/\/www.autonvaraosahaku.fi\/?product=sachs-556-253-iskunvaimennin","title":{"rendered":"SACHS 556 253 Iskunvaimennin"},"content":{"rendered":"<p>Iskunvaimennin asennustapa: Tappi ylh\u00e4\u00e4ll\u00e4, Silmukka alhaalla; Iskunvaimennin tyyppi: Kaasupaine; Iskunvaimennusj\u00e4rjestelm\u00e4: Kaksiputki; Tunnusluku: SEOV27X171A; Alustarakenne: f\u00fcr Fahrzeuge mit Standard Fahrwerk; VW: POLO Variant 6KV5,POLO CLASSIC 6KV2; SEAT: IBIZA II 6K1,CORDOBA 6K1, 6K2,CORDOBA Vario 6K1; 6K0513031E, 6K0513031N, 6K0513033E, 6K0513033G, 6K0513031M, 6K0513031N, 6K0513031S, 6K0513033D, 6K0513033E, 6K0513033F, 6K0513033M; Iskarit,Iskunvaimennin<\/p>\n","protected":false},"excerpt":{"rendered":"<p>SACHS Iskunvaimentimet 556 253 Iskarit,Iskunvaimennin VW,SEAT,POLO Variant 6KV5,POLO CLASSIC 6KV2,IBIZA II 6K1,CORDOBA 6K1, 6K2,CORDOBA Vario 6K1<\/p>\n","protected":false},"featured_media":0,"template":"","meta":{"site-sidebar-layout":"default","site-content-layout":"default","ast-global-header-display":"","ast-main-header-display":"","ast-hfb-above-header-display":"","ast-hfb-below-header-display":"","ast-hfb-mobile-header-display":"","site-post-title":"","ast-breadcrumbs-content":"","ast-featured-img":"","footer-sml-layout":"","theme-transparent-header-meta":"","adv-header-id-meta":"","stick-header-meta":"","header-above-stick-meta":"","header-main-stick-meta":"","header-below-stick-meta":""},"pwb-brand":[91],"product_cat":[80],"product_tag":[],"class_list":{"0":"post-52220","1":"product","2":"type-product","3":"status-publish","5":"pwb-brand-sachs","6":"product_cat-iskunvaimennin","7":"desktop-align-left","8":"tablet-align-left","9":"mobile-align-left","11":"first","12":"instock","13":"product-type-external"},"brands":[{"id":91,"name":"SACHS","slug":"sachs"}],"_links":{"self":[{"href":"https:\/\/www.autonvaraosahaku.fi\/index.php?rest_route=\/wp\/v2\/product\/52220","targetHints":{"allow":["GET"]}}],"collection":[{"href":"https:\/\/www.autonvaraosahaku.fi\/index.php?rest_route=\/wp\/v2\/product"}],"about":[{"href":"https:\/\/www.autonvaraosahaku.fi\/index.php?rest_route=\/wp\/v2\/types\/product"}],"wp:attachment":[{"href":"https:\/\/www.autonvaraosahaku.fi\/index.php?rest_route=%2Fwp%2Fv2%2Fmedia&parent=52220"}],"wp:term":[{"taxonomy":"pwb-brand","embeddable":true,"href":"https:\/\/www.autonvaraosahaku.fi\/index.php?rest_route=%2Fwp%2Fv2%2Fpwb-brand&post=52220"},{"taxonomy":"product_cat","embeddable":true,"href":"https:\/\/www.autonvaraosahaku.fi\/index.php?rest_route=%2Fwp%2Fv2%2Fproduct_cat&post=52220"},{"taxonomy":"product_tag","embeddable":true,"href":"https:\/\/www.autonvaraosahaku.fi\/index.php?rest_route=%2Fwp%2Fv2%2Fproduct_tag&post=52220"}],"curies":[{"name":"wp","href":"https:\/\/api.w.org\/{rel}","templated":true}]}}