{"id":52265,"date":"2021-02-21T17:40:40","date_gmt":"2021-02-21T17:40:40","guid":{"rendered":"https:\/\/www.autonvaraosahaku.fi\/?product=valeo-786028-kytkinpaketti"},"modified":"2021-02-21T17:40:41","modified_gmt":"2021-02-21T17:40:41","slug":"valeo-786028-kytkinpaketti","status":"publish","type":"product","link":"https:\/\/www.autonvaraosahaku.fi\/?product=valeo-786028-kytkinpaketti","title":{"rendered":"VALEO 786028 Kytkinpaketti"},"content":{"rendered":"<p>Uusi osa: ; Lis\u00e4tarvike\/lis\u00e4tieto: Painelevyll\u00e4, Ilman irroitusmekanismia; Ulkol\u00e4pimitta [mm]: 210; Versio: DPT; Ty\u00f6nt\u00f6voima [N]: 5300; Korvaava tuote\/korvaava tiedote 2: Kytkinlevyll\u00e4; Ulkol\u00e4pimitta 1 [mm]: 210; Hammasluku: 28; K\u00e4ytt\u00f6tapa: Vetokytkin; Paino [kg]: 5,46; Tuotelinja: CLASSIC KIT2P; Valmistusvuoteen: 07\/1995; VW: GOLF IV 1J1,GOLF III 1H1,GOLF IV Variant 1J5,BORA 1J2,GOLF III Cabriolet 1E7,GOLF Mk III Cabriolet 1E7,BORA Kombi 1J6,GOLF III Variant 1H5,CORRADO 53I,POLO Variant 6KV5,POLO CLASSIC 6KV2,VENTO 1H2; AUDI: A3 8L1; SKODA: OCTAVIA Combi 1U5,OCTAVIA 1U2; SEAT: LEON 1M1,IBIZA II 6K1,TOLEDO II 1M2,CORDOBA 6K1, 6K2,CORDOBA Vario 6K1,TOLEDO I 1L; 1L0198007, 037198141AX, 06A198141AX, 37198141AX, 6A198141AX; Kytkinsarja<\/p>\n","protected":false},"excerpt":{"rendered":"<p>VALEO Kytkinpaketti 786028 Kytkinsarja VW,AUDI,SKODA,GOLF IV 1J1,GOLF III 1H1,GOLF IV Variant 1J5,BORA 1J2,GOLF III Cabriolet 1E7<\/p>\n","protected":false},"featured_media":0,"template":"","meta":{"site-sidebar-layout":"default","site-content-layout":"default","ast-global-header-display":"","ast-main-header-display":"","ast-hfb-above-header-display":"","ast-hfb-below-header-display":"","ast-hfb-mobile-header-display":"","site-post-title":"","ast-breadcrumbs-content":"","ast-featured-img":"","footer-sml-layout":"","theme-transparent-header-meta":"","adv-header-id-meta":"","stick-header-meta":"","header-above-stick-meta":"","header-main-stick-meta":"","header-below-stick-meta":""},"pwb-brand":[28],"product_cat":[21],"product_tag":[],"class_list":{"0":"post-52265","1":"product","2":"type-product","3":"status-publish","5":"pwb-brand-valeo","6":"product_cat-kytkinpaketti","7":"desktop-align-left","8":"tablet-align-left","9":"mobile-align-left","11":"first","12":"instock","13":"product-type-external"},"brands":[{"id":28,"name":"VALEO","slug":"valeo"}],"_links":{"self":[{"href":"https:\/\/www.autonvaraosahaku.fi\/index.php?rest_route=\/wp\/v2\/product\/52265","targetHints":{"allow":["GET"]}}],"collection":[{"href":"https:\/\/www.autonvaraosahaku.fi\/index.php?rest_route=\/wp\/v2\/product"}],"about":[{"href":"https:\/\/www.autonvaraosahaku.fi\/index.php?rest_route=\/wp\/v2\/types\/product"}],"wp:attachment":[{"href":"https:\/\/www.autonvaraosahaku.fi\/index.php?rest_route=%2Fwp%2Fv2%2Fmedia&parent=52265"}],"wp:term":[{"taxonomy":"pwb-brand","embeddable":true,"href":"https:\/\/www.autonvaraosahaku.fi\/index.php?rest_route=%2Fwp%2Fv2%2Fpwb-brand&post=52265"},{"taxonomy":"product_cat","embeddable":true,"href":"https:\/\/www.autonvaraosahaku.fi\/index.php?rest_route=%2Fwp%2Fv2%2Fproduct_cat&post=52265"},{"taxonomy":"product_tag","embeddable":true,"href":"https:\/\/www.autonvaraosahaku.fi\/index.php?rest_route=%2Fwp%2Fv2%2Fproduct_tag&post=52265"}],"curies":[{"name":"wp","href":"https:\/\/api.w.org\/{rel}","templated":true}]}}