{"id":52273,"date":"2021-02-21T17:40:40","date_gmt":"2021-02-21T17:40:40","guid":{"rendered":"https:\/\/www.autonvaraosahaku.fi\/?product=valeo-043813-ajovaloumpio"},"modified":"2021-02-21T17:40:42","modified_gmt":"2021-02-21T17:40:42","slug":"valeo-043813-ajovaloumpio","status":"publish","type":"product","link":"https:\/\/www.autonvaraosahaku.fi\/?product=valeo-043813-ajovaloumpio","title":{"rendered":"VALEO 043813 Ajovaloumpio"},"content":{"rendered":"<p>Vasen \/ oikea liikenne: Oikeanpuoleiselle liikenteelle; Asennuspuoli: Oikea; Varusteet: Valonsuuntaimella varustetuile (s\u00e4hk\u00f6); Korvaava tuote\/korvaava tiedote 2: Valokorkeuss\u00e4\u00e4timen moottorilla; Valotoiminto: puolivalolla, kaukovalolla; Lyhdyn muoto: Halogeeni; Lamppumalli: H4; Vilkun v\u00e4ri: L\u00e4pin\u00e4kyv\u00e4; Paino [kg]: 3,01, 3,01; lis\u00e4tieto: ORIGINAL PART; Oviluku: 5; SEAT: IBIZA V 6J5, 6P5,IBIZA V ST 6J8, 6P8,IBIZA V SPORTCOUPE 6J1, 6P1; 6J1941022, 6J1941022A, 6J1941022B, 6J1941022C, 6J1941024; Ajovalot,Etuvalot,Ajovalo<\/p>\n","protected":false},"excerpt":{"rendered":"<p>VALEO Ajovaloumpio 043813 Ajovalot,Etuvalot SEAT,IBIZA V 6J5, 6P5,IBIZA V ST 6J8, 6P8,IBIZA V SPORTCOUPE 6J1, 6P1<\/p>\n","protected":false},"featured_media":0,"template":"","meta":{"site-sidebar-layout":"default","site-content-layout":"default","ast-global-header-display":"","ast-main-header-display":"","ast-hfb-above-header-display":"","ast-hfb-below-header-display":"","ast-hfb-mobile-header-display":"","site-post-title":"","ast-breadcrumbs-content":"","ast-featured-img":"","footer-sml-layout":"","theme-transparent-header-meta":"","adv-header-id-meta":"","stick-header-meta":"","header-above-stick-meta":"","header-main-stick-meta":"","header-below-stick-meta":""},"pwb-brand":[28],"product_cat":[185],"product_tag":[],"class_list":{"0":"post-52273","1":"product","2":"type-product","3":"status-publish","5":"pwb-brand-valeo","6":"product_cat-ajovaloumpio","7":"desktop-align-left","8":"tablet-align-left","9":"mobile-align-left","11":"first","12":"instock","13":"product-type-external"},"brands":[{"id":28,"name":"VALEO","slug":"valeo"}],"_links":{"self":[{"href":"https:\/\/www.autonvaraosahaku.fi\/index.php?rest_route=\/wp\/v2\/product\/52273","targetHints":{"allow":["GET"]}}],"collection":[{"href":"https:\/\/www.autonvaraosahaku.fi\/index.php?rest_route=\/wp\/v2\/product"}],"about":[{"href":"https:\/\/www.autonvaraosahaku.fi\/index.php?rest_route=\/wp\/v2\/types\/product"}],"wp:attachment":[{"href":"https:\/\/www.autonvaraosahaku.fi\/index.php?rest_route=%2Fwp%2Fv2%2Fmedia&parent=52273"}],"wp:term":[{"taxonomy":"pwb-brand","embeddable":true,"href":"https:\/\/www.autonvaraosahaku.fi\/index.php?rest_route=%2Fwp%2Fv2%2Fpwb-brand&post=52273"},{"taxonomy":"product_cat","embeddable":true,"href":"https:\/\/www.autonvaraosahaku.fi\/index.php?rest_route=%2Fwp%2Fv2%2Fproduct_cat&post=52273"},{"taxonomy":"product_tag","embeddable":true,"href":"https:\/\/www.autonvaraosahaku.fi\/index.php?rest_route=%2Fwp%2Fv2%2Fproduct_tag&post=52273"}],"curies":[{"name":"wp","href":"https:\/\/api.w.org\/{rel}","templated":true}]}}