{"id":52281,"date":"2021-02-21T17:40:40","date_gmt":"2021-02-21T17:40:40","guid":{"rendered":"https:\/\/www.autonvaraosahaku.fi\/?product=valeo-043265-ajovaloumpio"},"modified":"2021-02-21T17:40:44","modified_gmt":"2021-02-21T17:40:44","slug":"valeo-043265-ajovaloumpio","status":"publish","type":"product","link":"https:\/\/www.autonvaraosahaku.fi\/?product=valeo-043265-ajovaloumpio","title":{"rendered":"VALEO 043265 Ajovaloumpio"},"content":{"rendered":"<p>Vasen \/ oikea liikenne: Oikeanpuoleiselle liikenteelle; Asennuspuoli: Oikea; Varusteet: Valonsuuntaimella varustetuile (s\u00e4hk\u00f6); Korvaava tuote\/korvaava tiedote 2: Valokorkeuss\u00e4\u00e4timen moottorilla; Valotoiminto: puolivalolla, p\u00e4\u00e4valonheittimell\u00e4; Lyhdyn muoto: Halogeeni; Lamppumalli: H7, W5W, PY21W; Lis\u00e4tarvike\/lis\u00e4tieto: Polttimolla; Vilkun v\u00e4ri: L\u00e4pin\u00e4kyv\u00e4, L\u00e4pin\u00e4kyv\u00e4; Paino [kg]: 3,87, 3,87; lis\u00e4tieto: ORIGINAL PART; Oviluku: 2; VW: EOS 1F7, 1F8; 1Q1941006B, 1Q1941006C, 1Q1941006D; Ajovalot,Etuvalot,Ajovalo<\/p>\n","protected":false},"excerpt":{"rendered":"<p>VALEO Ajovaloumpio 043265 Ajovalot,Etuvalot VW,EOS 1F7, 1F8<\/p>\n","protected":false},"featured_media":0,"template":"","meta":{"site-sidebar-layout":"default","site-content-layout":"default","ast-global-header-display":"","ast-main-header-display":"","ast-hfb-above-header-display":"","ast-hfb-below-header-display":"","ast-hfb-mobile-header-display":"","site-post-title":"","ast-breadcrumbs-content":"","ast-featured-img":"","footer-sml-layout":"","theme-transparent-header-meta":"","adv-header-id-meta":"","stick-header-meta":"","header-above-stick-meta":"","header-main-stick-meta":"","header-below-stick-meta":""},"pwb-brand":[28],"product_cat":[185],"product_tag":[],"class_list":{"0":"post-52281","1":"product","2":"type-product","3":"status-publish","5":"pwb-brand-valeo","6":"product_cat-ajovaloumpio","7":"desktop-align-left","8":"tablet-align-left","9":"mobile-align-left","11":"first","12":"instock","13":"product-type-external"},"brands":[{"id":28,"name":"VALEO","slug":"valeo"}],"_links":{"self":[{"href":"https:\/\/www.autonvaraosahaku.fi\/index.php?rest_route=\/wp\/v2\/product\/52281","targetHints":{"allow":["GET"]}}],"collection":[{"href":"https:\/\/www.autonvaraosahaku.fi\/index.php?rest_route=\/wp\/v2\/product"}],"about":[{"href":"https:\/\/www.autonvaraosahaku.fi\/index.php?rest_route=\/wp\/v2\/types\/product"}],"wp:attachment":[{"href":"https:\/\/www.autonvaraosahaku.fi\/index.php?rest_route=%2Fwp%2Fv2%2Fmedia&parent=52281"}],"wp:term":[{"taxonomy":"pwb-brand","embeddable":true,"href":"https:\/\/www.autonvaraosahaku.fi\/index.php?rest_route=%2Fwp%2Fv2%2Fpwb-brand&post=52281"},{"taxonomy":"product_cat","embeddable":true,"href":"https:\/\/www.autonvaraosahaku.fi\/index.php?rest_route=%2Fwp%2Fv2%2Fproduct_cat&post=52281"},{"taxonomy":"product_tag","embeddable":true,"href":"https:\/\/www.autonvaraosahaku.fi\/index.php?rest_route=%2Fwp%2Fv2%2Fproduct_tag&post=52281"}],"curies":[{"name":"wp","href":"https:\/\/api.w.org\/{rel}","templated":true}]}}