{"id":52312,"date":"2021-02-21T17:40:51","date_gmt":"2021-02-21T17:40:51","guid":{"rendered":"https:\/\/www.autonvaraosahaku.fi\/?product=lemforder-34356-01-alatukivarsi"},"modified":"2021-02-21T17:40:53","modified_gmt":"2021-02-21T17:40:53","slug":"lemforder-34356-01-alatukivarsi","status":"publish","type":"product","link":"https:\/\/www.autonvaraosahaku.fi\/?product=lemforder-34356-01-alatukivarsi","title":{"rendered":"LEMF\u00d6RDER 34356 01 Alatukivarsi"},"content":{"rendered":"<p>Asennuspuoli: Etuakseli, Yl\u00e4puolella, Vasen; Ohjausmalli: Poikittaistukivarsi; parilliset tuotenumerot: 34359 01; CHRYSLER: 300 C Touring LX,300 C LX,300 C; DODGE: CHARGER LD; 4782665AB, 4782665AC, 4782665AE, 4782665AF, 68045131AB, 68045131AC, 68045131AD, 68045131AE, 68487351AA, K04782665AC, K04782665AE, K04782665AF, 68045131AC, 68045131AD, 68045131AE, K68045131AC, K68045131AD, K68045131AE; Tukivarsi,Tukivarsi, Py\u00f6r\u00e4ntuenta<\/p>\n","protected":false},"excerpt":{"rendered":"<p>LEMF\u00d6RDER Alatukivarsi 34356 01 Tukivarsi,Tukivarsi, Py\u00f6r\u00e4ntuenta CHRYSLER,DODGE,300 C Touring LX,300 C LX,300 C,CHARGER LD<\/p>\n","protected":false},"featured_media":0,"template":"","meta":{"site-sidebar-layout":"default","site-content-layout":"default","ast-global-header-display":"","ast-main-header-display":"","ast-hfb-above-header-display":"","ast-hfb-below-header-display":"","ast-hfb-mobile-header-display":"","site-post-title":"","ast-breadcrumbs-content":"","ast-featured-img":"","footer-sml-layout":"","theme-transparent-header-meta":"","adv-header-id-meta":"","stick-header-meta":"","header-above-stick-meta":"","header-main-stick-meta":"","header-below-stick-meta":""},"pwb-brand":[77],"product_cat":[62],"product_tag":[],"class_list":{"0":"post-52312","1":"product","2":"type-product","3":"status-publish","5":"pwb-brand-lemforder","6":"product_cat-alatukivarsi","7":"desktop-align-left","8":"tablet-align-left","9":"mobile-align-left","11":"first","12":"instock","13":"product-type-external"},"brands":[{"id":77,"name":"LEMF\u00d6RDER","slug":"lemforder"}],"_links":{"self":[{"href":"https:\/\/www.autonvaraosahaku.fi\/index.php?rest_route=\/wp\/v2\/product\/52312","targetHints":{"allow":["GET"]}}],"collection":[{"href":"https:\/\/www.autonvaraosahaku.fi\/index.php?rest_route=\/wp\/v2\/product"}],"about":[{"href":"https:\/\/www.autonvaraosahaku.fi\/index.php?rest_route=\/wp\/v2\/types\/product"}],"wp:attachment":[{"href":"https:\/\/www.autonvaraosahaku.fi\/index.php?rest_route=%2Fwp%2Fv2%2Fmedia&parent=52312"}],"wp:term":[{"taxonomy":"pwb-brand","embeddable":true,"href":"https:\/\/www.autonvaraosahaku.fi\/index.php?rest_route=%2Fwp%2Fv2%2Fpwb-brand&post=52312"},{"taxonomy":"product_cat","embeddable":true,"href":"https:\/\/www.autonvaraosahaku.fi\/index.php?rest_route=%2Fwp%2Fv2%2Fproduct_cat&post=52312"},{"taxonomy":"product_tag","embeddable":true,"href":"https:\/\/www.autonvaraosahaku.fi\/index.php?rest_route=%2Fwp%2Fv2%2Fproduct_tag&post=52312"}],"curies":[{"name":"wp","href":"https:\/\/api.w.org\/{rel}","templated":true}]}}