{"id":52321,"date":"2021-02-21T17:40:51","date_gmt":"2021-02-21T17:40:51","guid":{"rendered":"https:\/\/www.autonvaraosahaku.fi\/?product=lemforder-30116-01-hammastangon-suojakumi"},"modified":"2021-02-21T17:40:55","modified_gmt":"2021-02-21T17:40:55","slug":"lemforder-30116-01-hammastangon-suojakumi","status":"publish","type":"product","link":"https:\/\/www.autonvaraosahaku.fi\/?product=lemforder-30116-01-hammastangon-suojakumi","title":{"rendered":"LEMF\u00d6RDER 30116 01 Hammastangon suojakumi"},"content":{"rendered":"<p>Asennuspuoli: Etuakseli, Oikea; Lis\u00e4tarvike\/lis\u00e4tieto: Ohjausvaimentimella; Pituus (mm): 128; Sis\u00e4l\u00e4pimitta 1 [mm]: 55; Sis\u00e4l\u00e4pimitta 2 [mm]: 55; Materiaali: Kumi; Varusteet: f\u00fcr Fahrzeuge ohne Servolenkung; BMW: 3 E30,3 Cabriolet E30,3 E21,3 Touring E30; 1117426, 32111117426; Paljekumi, Ohjaus<\/p>\n","protected":false},"excerpt":{"rendered":"<p>LEMF\u00d6RDER Hammastangon Suojakumi 30116 01 Paljekumi, Ohjaus BMW,3 E30,3 Cabriolet E30,3 E21,3 Touring E30<\/p>\n","protected":false},"featured_media":0,"template":"","meta":{"site-sidebar-layout":"default","site-content-layout":"default","ast-global-header-display":"","ast-main-header-display":"","ast-hfb-above-header-display":"","ast-hfb-below-header-display":"","ast-hfb-mobile-header-display":"","site-post-title":"","ast-breadcrumbs-content":"","ast-featured-img":"","footer-sml-layout":"","theme-transparent-header-meta":"","adv-header-id-meta":"","stick-header-meta":"","header-above-stick-meta":"","header-main-stick-meta":"","header-below-stick-meta":""},"pwb-brand":[77],"product_cat":[81],"product_tag":[],"class_list":{"0":"post-52321","1":"product","2":"type-product","3":"status-publish","5":"pwb-brand-lemforder","6":"product_cat-hammastangon-suojakumi","7":"desktop-align-left","8":"tablet-align-left","9":"mobile-align-left","11":"first","12":"instock","13":"product-type-external"},"brands":[{"id":77,"name":"LEMF\u00d6RDER","slug":"lemforder"}],"_links":{"self":[{"href":"https:\/\/www.autonvaraosahaku.fi\/index.php?rest_route=\/wp\/v2\/product\/52321","targetHints":{"allow":["GET"]}}],"collection":[{"href":"https:\/\/www.autonvaraosahaku.fi\/index.php?rest_route=\/wp\/v2\/product"}],"about":[{"href":"https:\/\/www.autonvaraosahaku.fi\/index.php?rest_route=\/wp\/v2\/types\/product"}],"wp:attachment":[{"href":"https:\/\/www.autonvaraosahaku.fi\/index.php?rest_route=%2Fwp%2Fv2%2Fmedia&parent=52321"}],"wp:term":[{"taxonomy":"pwb-brand","embeddable":true,"href":"https:\/\/www.autonvaraosahaku.fi\/index.php?rest_route=%2Fwp%2Fv2%2Fpwb-brand&post=52321"},{"taxonomy":"product_cat","embeddable":true,"href":"https:\/\/www.autonvaraosahaku.fi\/index.php?rest_route=%2Fwp%2Fv2%2Fproduct_cat&post=52321"},{"taxonomy":"product_tag","embeddable":true,"href":"https:\/\/www.autonvaraosahaku.fi\/index.php?rest_route=%2Fwp%2Fv2%2Fproduct_tag&post=52321"}],"curies":[{"name":"wp","href":"https:\/\/api.w.org\/{rel}","templated":true}]}}