{"id":52336,"date":"2021-02-21T17:40:57","date_gmt":"2021-02-21T17:40:57","guid":{"rendered":"https:\/\/www.autonvaraosahaku.fi\/?product=mahle-original-hx-15-hydrauliikkasuodatin"},"modified":"2021-02-21T17:41:00","modified_gmt":"2021-02-21T17:41:00","slug":"mahle-original-hx-15-hydrauliikkasuodatin","status":"publish","type":"product","link":"https:\/\/www.autonvaraosahaku.fi\/?product=mahle-original-hx-15-hydrauliikkasuodatin","title":{"rendered":"MAHLE ORIGINAL HX 15 Hydrauliikkasuodatin"},"content":{"rendered":"<p>Suodatintyyppi: Suodatinpanos; Korkeus (mm): 101,0; L\u00e4pimitta [mm]: 59,0; Sis\u00e4l\u00e4pimitta 1 [mm]: 17,8, 17,8; Tiivisteen l\u00e4pimitta [mm]: 17,8; Valmistusvuosi alkaen: 01\/1991; VW: CONSTELLATION,DELIVERY,L 80,WORKER; CHEVROLET: BLAZER S10; IVECO: DAILY IV Kasten\/Kombi,DAILY III Pritsche\/Fahrgestell,DAILY III Kasten\/Kombi,DAILY II Pritsche\/Fahrgestell,DAILY II Kasten\/Kombi,DAILY I Pritsche\/Fahrgestell,DAILY II Bus,DAILY I Kasten\/Kombi,DAILY II Kipper,CITYCLASS,CROSSWAY,EUROCARGO I-III,EUROFIRE,EUROSTAR,EUROTECH MH,EUROTECH MP,EUROTECH MT,EUROTRAKKER,M,P\/PA,P\/PA-Haubenfahrzeuge,POWERSTAR,STRALIS,STRATOR,TECTOR,TRAKKER,TURBOSTAR,TURBOTECH,VERTIS,ZETA; FORD USA: F-250; VOLVO: B10,F10,F12,F7,FH,FH II,FH12,FL10,FL12,FL6,FL7,FLC,FM,FM10,FM12,FM7,FMX,FMX II,N10,N12,N7,NH12,NL,VM; MERCEDES-BENZ: T2\/L Kasten\/Kombi,T2\/LN1 Kasten\/Kombi,VARIO Kasten\/Kombi,VARIO Pritsche\/Fahrgestell,T2\/L Pritsche\/Fahrgestell,VARIO Kipper,T2\/LN1 Pritsche\/Fahrgestell,T2\/L Kommunalfahrzeug,VARIO Bus,T2\/LN1 Kipper,T2\/L Kipper,T2\/LN1 Bus,VARIO Triebkopf,T2\/LN1 Triebkopf,ACCELO,ACTROS,ACTROS MP2 \/ MP3,ACTROS MP4 \/ MP5,ATEGO,ATEGO 2,AXOR,AXOR 2,CAPACITY,CITARO (O 530),CITO (O 520),CONECTO (O 345),ECONIC,INTEGRO (O 550),INTOURO,LK\/LN2,LP,MK,NG,O 302,O 340,O 403,O 404,O 405,O 407,O 408,SK,TOURINO (O 510),TOURISMO (O 350),TRAVEGO (O 580),UNIMOG,ZETROS; FORD: Cargo,F-SERIES; FIAT: Series 120,Series 130,Series 140,Series 190; VAN HOOL: A-Serie,T-Serie; STEYR: 590-Serie; 0661135, 0661160, 1120717, 11420661135, 11420661160, 32411120717, 661135, 661160, 0229348, 229348, 2696621, 2966261, 45481348, 79850021, 9914553, 7632141102, BD7F3K758A, BD7T3K758A, 0000001902137, 0000042559501, 1902137, 2966261, 42559501, 5001018962, 9914553, 81473016005, 0001842225, 0001846525, 0004660204, 0004660604, 0004662804, 0004663004, 0011842225, 0021841125, 004660604, 1842325, 1953094, A0001842225, A0001846525, A0004660204, A0004660604, A0004662804, A0004663004, A0011842225, A0021841125, A004660604, A1842325, A1953094, 5000814407, 5000814407, 5000820895, 5001871595, 480A470060, 480A470748, 21392404, 349619, 3496191, 3496197, 7632141102, T11145397<\/p>\n","protected":false},"excerpt":{"rendered":"<p>MAHLE ORIGINAL Hydrauliikkasuodatin, Ohjaus HX 15  VW,CHEVROLET,IVECO,CONSTELLATION,DELIVERY,L 80,WORKER,BLAZER S10,DAILY IV Kasten\/Kombi<\/p>\n","protected":false},"featured_media":0,"template":"","meta":{"site-sidebar-layout":"default","site-content-layout":"default","ast-global-header-display":"","ast-main-header-display":"","ast-hfb-above-header-display":"","ast-hfb-below-header-display":"","ast-hfb-mobile-header-display":"","site-post-title":"","ast-breadcrumbs-content":"","ast-featured-img":"","footer-sml-layout":"","theme-transparent-header-meta":"","adv-header-id-meta":"","stick-header-meta":"","header-above-stick-meta":"","header-main-stick-meta":"","header-below-stick-meta":""},"pwb-brand":[153],"product_cat":[104],"product_tag":[],"class_list":{"0":"post-52336","1":"product","2":"type-product","3":"status-publish","5":"pwb-brand-mahle-original","6":"product_cat-hydrauliikkasuodatin","7":"desktop-align-left","8":"tablet-align-left","9":"mobile-align-left","11":"first","12":"instock","13":"product-type-external"},"brands":[{"id":153,"name":"MAHLE ORIGINAL","slug":"mahle-original"}],"_links":{"self":[{"href":"https:\/\/www.autonvaraosahaku.fi\/index.php?rest_route=\/wp\/v2\/product\/52336","targetHints":{"allow":["GET"]}}],"collection":[{"href":"https:\/\/www.autonvaraosahaku.fi\/index.php?rest_route=\/wp\/v2\/product"}],"about":[{"href":"https:\/\/www.autonvaraosahaku.fi\/index.php?rest_route=\/wp\/v2\/types\/product"}],"wp:attachment":[{"href":"https:\/\/www.autonvaraosahaku.fi\/index.php?rest_route=%2Fwp%2Fv2%2Fmedia&parent=52336"}],"wp:term":[{"taxonomy":"pwb-brand","embeddable":true,"href":"https:\/\/www.autonvaraosahaku.fi\/index.php?rest_route=%2Fwp%2Fv2%2Fpwb-brand&post=52336"},{"taxonomy":"product_cat","embeddable":true,"href":"https:\/\/www.autonvaraosahaku.fi\/index.php?rest_route=%2Fwp%2Fv2%2Fproduct_cat&post=52336"},{"taxonomy":"product_tag","embeddable":true,"href":"https:\/\/www.autonvaraosahaku.fi\/index.php?rest_route=%2Fwp%2Fv2%2Fproduct_tag&post=52336"}],"curies":[{"name":"wp","href":"https:\/\/api.w.org\/{rel}","templated":true}]}}