{"id":52412,"date":"2021-02-21T17:41:20","date_gmt":"2021-02-21T17:41:20","guid":{"rendered":"https:\/\/www.autonvaraosahaku.fi\/?product=skf-vkda-35622-jousijalan-tukilaakeri"},"modified":"2021-02-21T17:41:22","modified_gmt":"2021-02-21T17:41:22","slug":"skf-vkda-35622-jousijalan-tukilaakeri","status":"publish","type":"product","link":"https:\/\/www.autonvaraosahaku.fi\/?product=skf-vkda-35622-jousijalan-tukilaakeri","title":{"rendered":"SKF VKDA 35622 Jousijalan tukilaakeri"},"content":{"rendered":"<p>Lukum\u00e4\u00e4r\u00e4 akselille: 2; Asennuspuoli: Vorderachse; OPEL: VIVARO Kasten F7,VIVARO Combi J7,VIVARO Pritsche\/Fahrgestell E7,VIVARO Combi,VIVARO Kasten,VIVARO Pritsche\/Fahrgestell; RENAULT: TRAFIC II Bus JL,TRAFIC II Kasten FL,TRAFIC II Pritsche\/Fahrgestell EL,TRAFIC III Kasten,TRAFIC III Bus,TRAFIC III Pritsche\/Fahrgestell EG_; FIAT: TALENTO Kasten 296_,TALENTO Bus 296_,TALENTO Pritsche\/Fahrgestell 296_; NISSAN: PRIMASTAR Bus X83,PRIMASTAR Kasten X83,PRIMASTAR Pritsche\/Fahrgestell,NV300 Kasten X82,NV300 Kombi X82; VAUXHALL: VIVARO Kasten F7,VIVARO Kasten,VIVARO Combi,VIVARO Combi J7,VIVARO Pritsche\/Fahrgestell E7; 6000617494, 5432500QAB, 4408056, 91166315, 8200010518, 4408056, 91166315; Iskarin Yl\u00e4p\u00e4\u00e4,Iskunvaimentimen Yl\u00e4p\u00e4\u00e4<\/p>\n","protected":false},"excerpt":{"rendered":"<p>SKF Jousijalan Tukilaakeri VKDA 35622 Iskarin Yl\u00e4p\u00e4\u00e4,Iskunvaimentimen Yl\u00e4p\u00e4\u00e4 OPEL,RENAULT,FIAT,VIVARO Kasten F7,VIVARO Combi J7<\/p>\n","protected":false},"featured_media":0,"template":"","meta":{"site-sidebar-layout":"default","site-content-layout":"default","ast-global-header-display":"","ast-main-header-display":"","ast-hfb-above-header-display":"","ast-hfb-below-header-display":"","ast-hfb-mobile-header-display":"","site-post-title":"","ast-breadcrumbs-content":"","ast-featured-img":"","footer-sml-layout":"","theme-transparent-header-meta":"","adv-header-id-meta":"","stick-header-meta":"","header-above-stick-meta":"","header-main-stick-meta":"","header-below-stick-meta":""},"pwb-brand":[237],"product_cat":[45],"product_tag":[],"class_list":{"0":"post-52412","1":"product","2":"type-product","3":"status-publish","5":"pwb-brand-skf","6":"product_cat-jousijalan-tukilaakeri","7":"desktop-align-left","8":"tablet-align-left","9":"mobile-align-left","11":"first","12":"instock","13":"product-type-external"},"brands":[{"id":237,"name":"SKF","slug":"skf"}],"_links":{"self":[{"href":"https:\/\/www.autonvaraosahaku.fi\/index.php?rest_route=\/wp\/v2\/product\/52412","targetHints":{"allow":["GET"]}}],"collection":[{"href":"https:\/\/www.autonvaraosahaku.fi\/index.php?rest_route=\/wp\/v2\/product"}],"about":[{"href":"https:\/\/www.autonvaraosahaku.fi\/index.php?rest_route=\/wp\/v2\/types\/product"}],"wp:attachment":[{"href":"https:\/\/www.autonvaraosahaku.fi\/index.php?rest_route=%2Fwp%2Fv2%2Fmedia&parent=52412"}],"wp:term":[{"taxonomy":"pwb-brand","embeddable":true,"href":"https:\/\/www.autonvaraosahaku.fi\/index.php?rest_route=%2Fwp%2Fv2%2Fpwb-brand&post=52412"},{"taxonomy":"product_cat","embeddable":true,"href":"https:\/\/www.autonvaraosahaku.fi\/index.php?rest_route=%2Fwp%2Fv2%2Fproduct_cat&post=52412"},{"taxonomy":"product_tag","embeddable":true,"href":"https:\/\/www.autonvaraosahaku.fi\/index.php?rest_route=%2Fwp%2Fv2%2Fproduct_tag&post=52412"}],"curies":[{"name":"wp","href":"https:\/\/api.w.org\/{rel}","templated":true}]}}