{"id":52414,"date":"2021-02-21T17:41:20","date_gmt":"2021-02-21T17:41:20","guid":{"rendered":"https:\/\/www.autonvaraosahaku.fi\/?product=skf-vkda-35317-t-jousijalan-tukilaakeri"},"modified":"2021-02-21T17:41:23","modified_gmt":"2021-02-21T17:41:23","slug":"skf-vkda-35317-t-jousijalan-tukilaakeri","status":"publish","type":"product","link":"https:\/\/www.autonvaraosahaku.fi\/?product=skf-vkda-35317-t-jousijalan-tukilaakeri","title":{"rendered":"SKF VKDA 35317 T Jousijalan tukilaakeri"},"content":{"rendered":"<p>Lukum\u00e4\u00e4r\u00e4 akselille: 1; Korvaava tuote\/korvaava tiedote 2: laakerilla; Asennuspuoli: Vorderachse; FIAT: SCUDO 270_,ULYSSE 179AX,SCUDO Kasten 270_,ULYSSE 220,SCUDO Kasten 220L,SCUDO Combinato 220P; PEUGEOT: 807 E,806 221,EXPERT Kasten 222,EXPERT 224,EXPERT Pritsche\/Fahrgestell 223; CITRO\u00cbN: C8 EA_, EB_,EVASION 22, U6,JUMPY U6U,JUMPY Kasten BS_, BT_, BY_, BZ_,JUMPY Pritsche\/Fahrgestell BU_, BV_, BW_, BX_; LANCIA: PHEDRA 179,ZETA 220; 1318825080, 1328825080, 9405035439, 9467562989, 503166, 503167, 503529, 503538, 503543, 503555, 503816, 503817, 503868, 503870, 5038E9, 1303672080, 1311930080, 1311931080, 1318825080, 1328825080, 1329669080, 9405031669, 9405031679, 9405031689, 9405031699, 9405035439, 9405038689, 9405038709, 9467562089, 9467562189, 9467562289, 9467562389, 9467562589, 9467562689, 9467562789, 9467562889, 9467562989, 1303672080, 1311930080, 1311931080, 1318825080, 1328825080, 1329669080, 9405031669, 9405031679, 9405031689, 9405031699, 9405035439, 9405038689, 9405038709, 9467562089, 9467562189, 9467562289, 9467562389, 9467562589, 9467562689, 9467562789, 9467562889, 9467562989, 503166, 503167, 503529, 503538, 503543, 503555, 503816, 503817, 503868, 503870, 5038E9; Iskarin Yl\u00e4p\u00e4\u00e4,Iskunvaimentimen Yl\u00e4p\u00e4\u00e4<\/p>\n","protected":false},"excerpt":{"rendered":"<p>SKF Jousijalan Tukilaakeri VKDA 35317 T Iskarin Yl\u00e4p\u00e4\u00e4,Iskunvaimentimen Yl\u00e4p\u00e4\u00e4 FIAT,PEUGEOT,CITRO\u00cbN,SCUDO 270_,ULYSSE 179AX,SCUDO Kasten 270_<\/p>\n","protected":false},"featured_media":0,"template":"","meta":{"site-sidebar-layout":"default","site-content-layout":"default","ast-global-header-display":"","ast-main-header-display":"","ast-hfb-above-header-display":"","ast-hfb-below-header-display":"","ast-hfb-mobile-header-display":"","site-post-title":"","ast-breadcrumbs-content":"","ast-featured-img":"","footer-sml-layout":"","theme-transparent-header-meta":"","adv-header-id-meta":"","stick-header-meta":"","header-above-stick-meta":"","header-main-stick-meta":"","header-below-stick-meta":""},"pwb-brand":[237],"product_cat":[45],"product_tag":[],"class_list":{"0":"post-52414","1":"product","2":"type-product","3":"status-publish","5":"pwb-brand-skf","6":"product_cat-jousijalan-tukilaakeri","7":"desktop-align-left","8":"tablet-align-left","9":"mobile-align-left","11":"first","12":"instock","13":"product-type-external"},"brands":[{"id":237,"name":"SKF","slug":"skf"}],"_links":{"self":[{"href":"https:\/\/www.autonvaraosahaku.fi\/index.php?rest_route=\/wp\/v2\/product\/52414","targetHints":{"allow":["GET"]}}],"collection":[{"href":"https:\/\/www.autonvaraosahaku.fi\/index.php?rest_route=\/wp\/v2\/product"}],"about":[{"href":"https:\/\/www.autonvaraosahaku.fi\/index.php?rest_route=\/wp\/v2\/types\/product"}],"wp:attachment":[{"href":"https:\/\/www.autonvaraosahaku.fi\/index.php?rest_route=%2Fwp%2Fv2%2Fmedia&parent=52414"}],"wp:term":[{"taxonomy":"pwb-brand","embeddable":true,"href":"https:\/\/www.autonvaraosahaku.fi\/index.php?rest_route=%2Fwp%2Fv2%2Fpwb-brand&post=52414"},{"taxonomy":"product_cat","embeddable":true,"href":"https:\/\/www.autonvaraosahaku.fi\/index.php?rest_route=%2Fwp%2Fv2%2Fproduct_cat&post=52414"},{"taxonomy":"product_tag","embeddable":true,"href":"https:\/\/www.autonvaraosahaku.fi\/index.php?rest_route=%2Fwp%2Fv2%2Fproduct_tag&post=52414"}],"curies":[{"name":"wp","href":"https:\/\/api.w.org\/{rel}","templated":true}]}}