{"id":52508,"date":"2021-02-21T17:41:48","date_gmt":"2021-02-21T17:41:48","guid":{"rendered":"https:\/\/www.autonvaraosahaku.fi\/?product=tyc-19-0147-05-2-sumuvalot"},"modified":"2021-02-21T17:41:50","modified_gmt":"2021-02-21T17:41:50","slug":"tyc-19-0147-05-2-sumuvalot","status":"publish","type":"product","link":"https:\/\/www.autonvaraosahaku.fi\/?product=tyc-19-0147-05-2-sumuvalot","title":{"rendered":"TYC 19-0147-05-2 Sumuvalot"},"content":{"rendered":"<p>Asennuspuoli: Oikea; Rekister\u00f6ity tyyppi: E-hyv\u00e4ksytty; Lis\u00e4tarvike\/lis\u00e4tieto: Lampun kannalla; Lamppumalli: P21W; Valmistusvuoteen: 05\/2003; OPEL: CORSA C F08, F68,CORSA C Kasten F08, W5L; 1223018, 24409338<\/p>\n","protected":false},"excerpt":{"rendered":"<p>TYC Takasumuvalo 19-0147-05-2  OPEL,CORSA C F08, F68,CORSA C Kasten F08, W5L<\/p>\n","protected":false},"featured_media":0,"template":"","meta":{"site-sidebar-layout":"default","site-content-layout":"default","ast-global-header-display":"","ast-main-header-display":"","ast-hfb-above-header-display":"","ast-hfb-below-header-display":"","ast-hfb-mobile-header-display":"","site-post-title":"","ast-breadcrumbs-content":"","ast-featured-img":"","footer-sml-layout":"","theme-transparent-header-meta":"","adv-header-id-meta":"","stick-header-meta":"","header-above-stick-meta":"","header-main-stick-meta":"","header-below-stick-meta":""},"pwb-brand":[124],"product_cat":[119],"product_tag":[],"class_list":{"0":"post-52508","1":"product","2":"type-product","3":"status-publish","5":"pwb-brand-tyc","6":"product_cat-sumuvalot","7":"desktop-align-left","8":"tablet-align-left","9":"mobile-align-left","11":"first","12":"instock","13":"product-type-external"},"brands":[{"id":124,"name":"TYC","slug":"tyc"}],"_links":{"self":[{"href":"https:\/\/www.autonvaraosahaku.fi\/index.php?rest_route=\/wp\/v2\/product\/52508","targetHints":{"allow":["GET"]}}],"collection":[{"href":"https:\/\/www.autonvaraosahaku.fi\/index.php?rest_route=\/wp\/v2\/product"}],"about":[{"href":"https:\/\/www.autonvaraosahaku.fi\/index.php?rest_route=\/wp\/v2\/types\/product"}],"wp:attachment":[{"href":"https:\/\/www.autonvaraosahaku.fi\/index.php?rest_route=%2Fwp%2Fv2%2Fmedia&parent=52508"}],"wp:term":[{"taxonomy":"pwb-brand","embeddable":true,"href":"https:\/\/www.autonvaraosahaku.fi\/index.php?rest_route=%2Fwp%2Fv2%2Fpwb-brand&post=52508"},{"taxonomy":"product_cat","embeddable":true,"href":"https:\/\/www.autonvaraosahaku.fi\/index.php?rest_route=%2Fwp%2Fv2%2Fproduct_cat&post=52508"},{"taxonomy":"product_tag","embeddable":true,"href":"https:\/\/www.autonvaraosahaku.fi\/index.php?rest_route=%2Fwp%2Fv2%2Fproduct_tag&post=52508"}],"curies":[{"name":"wp","href":"https:\/\/api.w.org\/{rel}","templated":true}]}}