{"id":52525,"date":"2021-02-21T17:41:54","date_gmt":"2021-02-21T17:41:54","guid":{"rendered":"https:\/\/www.autonvaraosahaku.fi\/?product=herthbuss-jakoparts-j2863004-vetonivelen-suojakumi"},"modified":"2021-02-21T17:41:55","modified_gmt":"2021-02-21T17:41:55","slug":"herthbuss-jakoparts-j2863004-vetonivelen-suojakumi","status":"publish","type":"product","link":"https:\/\/www.autonvaraosahaku.fi\/?product=herthbuss-jakoparts-j2863004-vetonivelen-suojakumi","title":{"rendered":"HERTH+BUSS JAKOPARTS J2863004 Vetonivelen suojakumi"},"content":{"rendered":"<p>Materiaali: NBR (nitriili-butadi-kumi); Sis\u00e4l\u00e4pimitta 1 [mm]: 23; Sis\u00e4l\u00e4pimitta 2 [mm]: 82; Korkeus (mm): 97; Asennuspuoli: Hinterachse links; MAZDA: 626 IV Hatchback GE,XEDOS 6 CA,626 IV GE,MX-6 GE; DAEWOO: LANOS KLAT,NUBIRA Wagon KLAJ,LANOS Stufenheck KLAT,LEGANZA KLAV,NUBIRA Stufenheck KLAJ,ESPERO KLEJ,NUBIRA KLAJ; HONDA: CRX III EH, EG,CIVIC V Hatchback EG,CIVIC V Stufenheck EG, EH,CIVIC II Shuttle EE,CIVIC I Shuttle AN, AR; HYUNDAI: SANTA F\u00c9 I SM,COUPE GK,TRAJET FO,SONATA IV EF,LANTRA II Wagon J-2,LANTRA II J-2,SONATA III Y-3,HIGHWAY VAN,SONATA II Y-2; MITSUBISHI: ECLIPSE I D2_A,COLT III C5_A,GALANT IV E3_A,GALANT IV Stufenheck E3_A,LANCER IV C6_A, C7_A,GALANT III E1_A,SAPPORO III E16A,CORDIA A21_A, AB,TREDIA A21_; 44018SR3000, 44018SR3900, 44018SR3901, 44018SR3C03, 44018SR3C04, 44018SR3C05, 44018SR3C06, 44333SB2300, 44333SD9003, 44333SD9300, 4950629L00, 4950629M00, 4950634A00, 4950634A01, 4950634A10, 4950926B00, 4950926T00, 495092CA10, 495092CA20, 4950934A00, 4950938A00, 4950938C00, 495093AB00, 4960926B00, 4960926D50, 4960938A00, 4960938C00, 4950629L00, 4950629M00, 4950634A00, 4950634A01, 4950634A10, 4950926B00, 4950926T00, 495092CA10, 495092CA20, 4950934A00, 4950938A00, 4950938C00, 495093AB00, 4960926D50, 4960938A00, 4960938C00, G03722530, G56022530, G56822530, GA2KV9050, GS0122530, M08022530, M08022530A, M08022530B, MB0FV9001F, MB297495, MB297499, MB526460, MB526779, MB526905, MB620056, XB526905, XB620056<\/p>\n","protected":false},"excerpt":{"rendered":"<p>HERTH+BUSS JAKOPARTS Paljekumisarja, Vetoakseli J2863004  MAZDA,DAEWOO,HONDA,626 IV Hatchback GE,XEDOS 6 CA,626 IV GE,MX-6 GE,LANOS KLAT<\/p>\n","protected":false},"featured_media":0,"template":"","meta":{"site-sidebar-layout":"default","site-content-layout":"default","ast-global-header-display":"","ast-main-header-display":"","ast-hfb-above-header-display":"","ast-hfb-below-header-display":"","ast-hfb-mobile-header-display":"","site-post-title":"","ast-breadcrumbs-content":"","ast-featured-img":"","footer-sml-layout":"","theme-transparent-header-meta":"","adv-header-id-meta":"","stick-header-meta":"","header-above-stick-meta":"","header-main-stick-meta":"","header-below-stick-meta":""},"pwb-brand":[416],"product_cat":[42],"product_tag":[],"class_list":{"0":"post-52525","1":"product","2":"type-product","3":"status-publish","5":"pwb-brand-herthbuss-jakoparts","6":"product_cat-vetonivelen-suojakumi","7":"desktop-align-left","8":"tablet-align-left","9":"mobile-align-left","11":"first","12":"instock","13":"product-type-external"},"brands":[{"id":416,"name":"HERTH+BUSS JAKOPARTS","slug":"herthbuss-jakoparts"}],"_links":{"self":[{"href":"https:\/\/www.autonvaraosahaku.fi\/index.php?rest_route=\/wp\/v2\/product\/52525","targetHints":{"allow":["GET"]}}],"collection":[{"href":"https:\/\/www.autonvaraosahaku.fi\/index.php?rest_route=\/wp\/v2\/product"}],"about":[{"href":"https:\/\/www.autonvaraosahaku.fi\/index.php?rest_route=\/wp\/v2\/types\/product"}],"wp:attachment":[{"href":"https:\/\/www.autonvaraosahaku.fi\/index.php?rest_route=%2Fwp%2Fv2%2Fmedia&parent=52525"}],"wp:term":[{"taxonomy":"pwb-brand","embeddable":true,"href":"https:\/\/www.autonvaraosahaku.fi\/index.php?rest_route=%2Fwp%2Fv2%2Fpwb-brand&post=52525"},{"taxonomy":"product_cat","embeddable":true,"href":"https:\/\/www.autonvaraosahaku.fi\/index.php?rest_route=%2Fwp%2Fv2%2Fproduct_cat&post=52525"},{"taxonomy":"product_tag","embeddable":true,"href":"https:\/\/www.autonvaraosahaku.fi\/index.php?rest_route=%2Fwp%2Fv2%2Fproduct_tag&post=52525"}],"curies":[{"name":"wp","href":"https:\/\/api.w.org\/{rel}","templated":true}]}}