{"id":52528,"date":"2021-02-21T17:41:54","date_gmt":"2021-02-21T17:41:54","guid":{"rendered":"https:\/\/www.autonvaraosahaku.fi\/?product=skf-vkjc-6162-vetoakseli"},"modified":"2021-02-21T17:41:55","modified_gmt":"2021-02-21T17:41:55","slug":"skf-vkjc-6162-vetoakseli","status":"publish","type":"product","link":"https:\/\/www.autonvaraosahaku.fi\/?product=skf-vkjc-6162-vetoakseli","title":{"rendered":"SKF VKJC 6162 Vetoakseli"},"content":{"rendered":"<p>Pituus (mm): 622; Kierremitta: M8x1,5; Ulkohammastus, py\u00f6r\u00e4npuoli: 27; Ulkohammastus tasauspy\u00f6r\u00e4st\u00f6puoli: 27; Tiivisteen l\u00e4pimitta [mm]: 61,5; Pituus 2 (mm): 70; Uusi osa: ; Nivelen l\u00e4pimitta py\u00f6r\u00e4puoli [mm]: 103; Nivelen l\u00e4pimitta vaihteistopuoli [mm]: 108; Asennuspuoli: Hinterachse links; MERCEDES-BENZ: SL R107,Stufenheck W123,COUPE C123,KOMBI Kombi S123,SL Coupe C107; 1073500410, 1073502710, 1073502810, 1073503310, 1073504310, 1263502410, A1233500410<\/p>\n","protected":false},"excerpt":{"rendered":"<p>SKF Vetoakseli VKJC 6162  MERCEDES-BENZ,SL R107,Stufenheck W123,COUPE C123,KOMBI Kombi S123,SL Coupe C107<\/p>\n","protected":false},"featured_media":0,"template":"","meta":{"site-sidebar-layout":"default","site-content-layout":"default","ast-global-header-display":"","ast-main-header-display":"","ast-hfb-above-header-display":"","ast-hfb-below-header-display":"","ast-hfb-mobile-header-display":"","site-post-title":"","ast-breadcrumbs-content":"","ast-featured-img":"","footer-sml-layout":"","theme-transparent-header-meta":"","adv-header-id-meta":"","stick-header-meta":"","header-above-stick-meta":"","header-main-stick-meta":"","header-below-stick-meta":""},"pwb-brand":[237],"product_cat":[215],"product_tag":[],"class_list":{"0":"post-52528","1":"product","2":"type-product","3":"status-publish","5":"pwb-brand-skf","6":"product_cat-vetoakseli","7":"desktop-align-left","8":"tablet-align-left","9":"mobile-align-left","11":"first","12":"instock","13":"product-type-external"},"brands":[{"id":237,"name":"SKF","slug":"skf"}],"_links":{"self":[{"href":"https:\/\/www.autonvaraosahaku.fi\/index.php?rest_route=\/wp\/v2\/product\/52528","targetHints":{"allow":["GET"]}}],"collection":[{"href":"https:\/\/www.autonvaraosahaku.fi\/index.php?rest_route=\/wp\/v2\/product"}],"about":[{"href":"https:\/\/www.autonvaraosahaku.fi\/index.php?rest_route=\/wp\/v2\/types\/product"}],"wp:attachment":[{"href":"https:\/\/www.autonvaraosahaku.fi\/index.php?rest_route=%2Fwp%2Fv2%2Fmedia&parent=52528"}],"wp:term":[{"taxonomy":"pwb-brand","embeddable":true,"href":"https:\/\/www.autonvaraosahaku.fi\/index.php?rest_route=%2Fwp%2Fv2%2Fpwb-brand&post=52528"},{"taxonomy":"product_cat","embeddable":true,"href":"https:\/\/www.autonvaraosahaku.fi\/index.php?rest_route=%2Fwp%2Fv2%2Fproduct_cat&post=52528"},{"taxonomy":"product_tag","embeddable":true,"href":"https:\/\/www.autonvaraosahaku.fi\/index.php?rest_route=%2Fwp%2Fv2%2Fproduct_tag&post=52528"}],"curies":[{"name":"wp","href":"https:\/\/api.w.org\/{rel}","templated":true}]}}