{"id":52546,"date":"2021-02-21T17:41:59","date_gmt":"2021-02-21T17:41:59","guid":{"rendered":"https:\/\/www.autonvaraosahaku.fi\/?product=valeo-593519-laturin-vapaakytkin"},"modified":"2021-02-21T17:42:00","modified_gmt":"2021-02-21T17:42:00","slug":"valeo-593519-laturin-vapaakytkin","status":"publish","type":"product","link":"https:\/\/www.autonvaraosahaku.fi\/?product=valeo-593519-laturin-vapaakytkin","title":{"rendered":"VALEO 593519 Laturin vapaakytkin"},"content":{"rendered":"<p>Paino [kg]: 0,12; Valmistusvuosi alkaen: 07\/1997; FIAT: DUCATO Kasten 244,DUCATO Pritsche\/Fahrgestell 244,DUCATO Bus 244, Z_,SCUDO Kasten 220L; CITRO\u00cbN: BERLINGO MF,XSARA PICASSO N68,C2 JM_,C3 I FC_,BERLINGO B9,C5 III Break TD_,C4 Picasso I UD_,C4 Grand Picasso I UA_,C8 EA_, EB_,C4 I LC_,BERLINGO Kasten M_,C5 II Break RE_,C3 Picasso,C5 III RD_,C4 Coupe LA_,C5 II RC_,JUMPY,JUMPY Kasten,C4 Stufenheck L,JUMPY U6U,JUMPY Kasten BS_, BT_, BY_, BZ_,JUMPY Pritsche\/Fahrgestell BU_, BV_, BW_, BX_,JUMPY Pritsche\/Fahrgestell; PEUGEOT: 207 WA_, WC_,307 SW 3H,407 SW 6E_,307 3A\/C,207 SW WK_,308 SW,807 E,206+ T3E,308 4A_, 4C_,5008,307 Break 3E,607 9D, 9U,407 6D_,3008,406 Break 8E\/F,308 CC,1007 KM_,PARTNER Combispace 5F,PARTNER Kasten 5,406 Coupe 8C,406 8B,407 Coupe 6C_,EXPERT Tepee VF3V_,EXPERT Kasten VF3A_, VF3U_, VF3X_,EXPERT Kasten 222,BIPPER Tepee,EXPERT 224,EXPERT Pritsche\/Fahrgestell 223,207 Van,EXPERT Pritsche\/Fahrgestell; 9949632, 9949632, 9949632, 9949632<\/p>\n","protected":false},"excerpt":{"rendered":"<p>VALEO Hihnapy\u00f6r\u00e4, Laturi NEW ORIGINAL PART 593519  FIAT,CITRO\u00cbN,PEUGEOT,DUCATO Kasten 244,DUCATO Pritsche\/Fahrgestell 244,DUCATO Bus 244, Z_<\/p>\n","protected":false},"featured_media":0,"template":"","meta":{"site-sidebar-layout":"default","site-content-layout":"default","ast-global-header-display":"","ast-main-header-display":"","ast-hfb-above-header-display":"","ast-hfb-below-header-display":"","ast-hfb-mobile-header-display":"","site-post-title":"","ast-breadcrumbs-content":"","ast-featured-img":"","footer-sml-layout":"","theme-transparent-header-meta":"","adv-header-id-meta":"","stick-header-meta":"","header-above-stick-meta":"","header-main-stick-meta":"","header-below-stick-meta":""},"pwb-brand":[28],"product_cat":[443],"product_tag":[],"class_list":{"0":"post-52546","1":"product","2":"type-product","3":"status-publish","5":"pwb-brand-valeo","6":"product_cat-laturin-vapaakytkin","7":"desktop-align-left","8":"tablet-align-left","9":"mobile-align-left","11":"first","12":"instock","13":"product-type-external"},"brands":[{"id":28,"name":"VALEO","slug":"valeo"}],"_links":{"self":[{"href":"https:\/\/www.autonvaraosahaku.fi\/index.php?rest_route=\/wp\/v2\/product\/52546","targetHints":{"allow":["GET"]}}],"collection":[{"href":"https:\/\/www.autonvaraosahaku.fi\/index.php?rest_route=\/wp\/v2\/product"}],"about":[{"href":"https:\/\/www.autonvaraosahaku.fi\/index.php?rest_route=\/wp\/v2\/types\/product"}],"wp:attachment":[{"href":"https:\/\/www.autonvaraosahaku.fi\/index.php?rest_route=%2Fwp%2Fv2%2Fmedia&parent=52546"}],"wp:term":[{"taxonomy":"pwb-brand","embeddable":true,"href":"https:\/\/www.autonvaraosahaku.fi\/index.php?rest_route=%2Fwp%2Fv2%2Fpwb-brand&post=52546"},{"taxonomy":"product_cat","embeddable":true,"href":"https:\/\/www.autonvaraosahaku.fi\/index.php?rest_route=%2Fwp%2Fv2%2Fproduct_cat&post=52546"},{"taxonomy":"product_tag","embeddable":true,"href":"https:\/\/www.autonvaraosahaku.fi\/index.php?rest_route=%2Fwp%2Fv2%2Fproduct_tag&post=52546"}],"curies":[{"name":"wp","href":"https:\/\/api.w.org\/{rel}","templated":true}]}}