{"id":52551,"date":"2021-02-21T17:41:59","date_gmt":"2021-02-21T17:41:59","guid":{"rendered":"https:\/\/www.autonvaraosahaku.fi\/?product=bosal-185-339-takaaanenvaimennin"},"modified":"2021-02-21T17:42:02","modified_gmt":"2021-02-21T17:42:02","slug":"bosal-185-339-takaaanenvaimennin","status":"publish","type":"product","link":"https:\/\/www.autonvaraosahaku.fi\/?product=bosal-185-339-takaaanenvaimennin","title":{"rendered":"BOSAL 185-339 Taka\u00e4\u00e4nenvaimennin"},"content":{"rendered":"<p>Katalysaattorimalli: f\u00fcr Fahrzeuge mit Katalysator; OPEL: CORSA B 73_, 78_, 79_,CORSA B Kasten 73_; VAUXHALL: CORSA Mk I B; 5852045, 5852735, 5852960, 5852984, 852968, 90466261, 90531323, 90541758, 90572447, 5852045, 5852960, 5852984, 852968, 90466261, 90531323, 90541758, 90572447; Takavaimennin,Takap\u00f6ntt\u00f6,Taka\u00e4\u00e4nenvaimentaja<\/p>\n","protected":false},"excerpt":{"rendered":"<p>BOSAL Taka\u00e4\u00e4nenvaimennin 185-339 Takavaimennin,Takap\u00f6ntt\u00f6 OPEL,VAUXHALL,CORSA B 73_, 78_, 79_,CORSA B Kasten 73_,CORSA Mk I B<\/p>\n","protected":false},"featured_media":0,"template":"","meta":{"site-sidebar-layout":"default","site-content-layout":"default","ast-global-header-display":"","ast-main-header-display":"","ast-hfb-above-header-display":"","ast-hfb-below-header-display":"","ast-hfb-mobile-header-display":"","site-post-title":"","ast-breadcrumbs-content":"","ast-featured-img":"","footer-sml-layout":"","theme-transparent-header-meta":"","adv-header-id-meta":"","stick-header-meta":"","header-above-stick-meta":"","header-main-stick-meta":"","header-below-stick-meta":""},"pwb-brand":[248],"product_cat":[90],"product_tag":[],"class_list":{"0":"post-52551","1":"product","2":"type-product","3":"status-publish","5":"pwb-brand-bosal","6":"product_cat-takaaanenvaimennin","7":"desktop-align-left","8":"tablet-align-left","9":"mobile-align-left","11":"first","12":"instock","13":"product-type-external"},"brands":[{"id":248,"name":"BOSAL","slug":"bosal"}],"_links":{"self":[{"href":"https:\/\/www.autonvaraosahaku.fi\/index.php?rest_route=\/wp\/v2\/product\/52551","targetHints":{"allow":["GET"]}}],"collection":[{"href":"https:\/\/www.autonvaraosahaku.fi\/index.php?rest_route=\/wp\/v2\/product"}],"about":[{"href":"https:\/\/www.autonvaraosahaku.fi\/index.php?rest_route=\/wp\/v2\/types\/product"}],"wp:attachment":[{"href":"https:\/\/www.autonvaraosahaku.fi\/index.php?rest_route=%2Fwp%2Fv2%2Fmedia&parent=52551"}],"wp:term":[{"taxonomy":"pwb-brand","embeddable":true,"href":"https:\/\/www.autonvaraosahaku.fi\/index.php?rest_route=%2Fwp%2Fv2%2Fpwb-brand&post=52551"},{"taxonomy":"product_cat","embeddable":true,"href":"https:\/\/www.autonvaraosahaku.fi\/index.php?rest_route=%2Fwp%2Fv2%2Fproduct_cat&post=52551"},{"taxonomy":"product_tag","embeddable":true,"href":"https:\/\/www.autonvaraosahaku.fi\/index.php?rest_route=%2Fwp%2Fv2%2Fproduct_tag&post=52551"}],"curies":[{"name":"wp","href":"https:\/\/api.w.org\/{rel}","templated":true}]}}