{"id":52605,"date":"2021-02-21T17:42:16","date_gmt":"2021-02-21T17:42:16","guid":{"rendered":"https:\/\/www.autonvaraosahaku.fi\/?product=ernst-505048-takaaanenvaimennin"},"modified":"2021-02-21T17:42:17","modified_gmt":"2021-02-21T17:42:17","slug":"ernst-505048-takaaanenvaimennin","status":"publish","type":"product","link":"https:\/\/www.autonvaraosahaku.fi\/?product=ernst-505048-takaaanenvaimennin","title":{"rendered":"ERNST 505048 Taka\u00e4\u00e4nenvaimennin"},"content":{"rendered":"<p>Lis\u00e4ksi tarvittavat tuotteet ks. tarvikeluettelo: ; Korvaava tuote\/korvaava tiedote 2: pakoputken p\u00e4\u00e4n koristeella; Pituus (mm): 750; Bruttopaino [kg]: 8,700; TECDOC-moottorinumero: 14729; PEUGEOT: 206 Schr\u00e4gheck 2A\/C,206 CC 2D; 1726XA, 1726Y1; Takavaimennin,Takap\u00f6ntt\u00f6,Taka\u00e4\u00e4nenvaimentaja<\/p>\n","protected":false},"excerpt":{"rendered":"<p>ERNST Taka\u00e4\u00e4nenvaimennin 505048 Takavaimennin,Takap\u00f6ntt\u00f6 PEUGEOT,206 Schr\u00e4gheck 2A\/C,206 CC 2D<\/p>\n","protected":false},"featured_media":0,"template":"","meta":{"site-sidebar-layout":"default","site-content-layout":"default","ast-global-header-display":"","ast-main-header-display":"","ast-hfb-above-header-display":"","ast-hfb-below-header-display":"","ast-hfb-mobile-header-display":"","site-post-title":"","ast-breadcrumbs-content":"","ast-featured-img":"","footer-sml-layout":"","theme-transparent-header-meta":"","adv-header-id-meta":"","stick-header-meta":"","header-above-stick-meta":"","header-main-stick-meta":"","header-below-stick-meta":""},"pwb-brand":[63],"product_cat":[90],"product_tag":[],"class_list":{"0":"post-52605","1":"product","2":"type-product","3":"status-publish","5":"pwb-brand-ernst","6":"product_cat-takaaanenvaimennin","7":"desktop-align-left","8":"tablet-align-left","9":"mobile-align-left","11":"first","12":"instock","13":"product-type-external"},"brands":[{"id":63,"name":"ERNST","slug":"ernst"}],"_links":{"self":[{"href":"https:\/\/www.autonvaraosahaku.fi\/index.php?rest_route=\/wp\/v2\/product\/52605","targetHints":{"allow":["GET"]}}],"collection":[{"href":"https:\/\/www.autonvaraosahaku.fi\/index.php?rest_route=\/wp\/v2\/product"}],"about":[{"href":"https:\/\/www.autonvaraosahaku.fi\/index.php?rest_route=\/wp\/v2\/types\/product"}],"wp:attachment":[{"href":"https:\/\/www.autonvaraosahaku.fi\/index.php?rest_route=%2Fwp%2Fv2%2Fmedia&parent=52605"}],"wp:term":[{"taxonomy":"pwb-brand","embeddable":true,"href":"https:\/\/www.autonvaraosahaku.fi\/index.php?rest_route=%2Fwp%2Fv2%2Fpwb-brand&post=52605"},{"taxonomy":"product_cat","embeddable":true,"href":"https:\/\/www.autonvaraosahaku.fi\/index.php?rest_route=%2Fwp%2Fv2%2Fproduct_cat&post=52605"},{"taxonomy":"product_tag","embeddable":true,"href":"https:\/\/www.autonvaraosahaku.fi\/index.php?rest_route=%2Fwp%2Fv2%2Fproduct_tag&post=52605"}],"curies":[{"name":"wp","href":"https:\/\/api.w.org\/{rel}","templated":true}]}}